{"id":166143,"date":"2025-12-19T15:50:03","date_gmt":"2025-12-19T12:50:03","guid":{"rendered":"https:\/\/baldumarket.lt\/product\/livinio-7-komoda-2d3s-ribbeck-bialy-polysk\/"},"modified":"2026-04-12T16:06:26","modified_gmt":"2026-04-12T13:06:26","slug":"livinio-7-komoda-2d3s-ribbeck-bialy-polysk","status":"publish","type":"product","link":"https:\/\/baldumarket.lt\/lt\/product\/livinio-7-komoda-2d3s-ribbeck-bialy-polysk\/","title":{"rendered":"LIVINIO-7 \u2013 Komoda 2D3S Ribbeck balta blizgi"},"content":{"rendered":"<p>Atraskite inovatyvi\u0105 LIVINIO-7 \u201eRibbeck\u201c komod\u0105, kuri suteiks j\u016bs\u0173 interjerui unikalaus stiliaus ir elegancijos. Nat\u016brali \u201eRibbeck\u201c spalva kartu su blizgiais baltais fasadais sukuria harmoning\u0105 visum\u0105, puikiai papildan\u010di\u0105 modern\u0173 interjer\u0105. \u0160i komoda ne tik traukia ak\u012f, bet ir suteikia prabangos. D\u0117l gerai apgalvoto dizaino LIVINIO-7 komoda yra puikus sprendimas tiek miegamiesiems, tiek vaik\u0173 kambariams. D\u0117l dideli\u0173 matmen\u0173 ji puikiai tinka \u012fvairioms erdv\u0117ms, si\u016blydama ne tik estetik\u0105, bet ir maksimal\u0173 funkcionalum\u0105. Trys erdv\u016bs stal\u010diai ir dvi spintel\u0117s su lentynomis suteikia pakankamai vietos visiems j\u016bs\u0173 reikalingiems daiktams. J\u016bs\u0173 patogumui tyl\u016bs vyriai ir metaliniai b\u0117geliai leid\u017eia naudotis \u0161ia komoda nepaprastai patogiai. Jums nereik\u0117s jaudintis d\u0117l garsaus stal\u010di\u0173 atidarymo ir u\u017edarymo, kuris trikdys j\u016bs\u0173 ramyb\u0119 net v\u0117lai nakt\u012f. \u0160i komoda tampa ne tik baldu, bet ir j\u016bs\u0173 kasdienio poilsio dalimi.<\/p>","protected":false},"excerpt":{"rendered":"<p>Plotis (cm): 144<br \/>\n\u016agis (cm): 97,5<br \/>\nGylis (cm): 40,5<\/p>","protected":false},"featured_media":166144,"comment_status":"open","ping_status":"open","template":"","meta":[],"product_brand":[],"product_cat":[9509,1173,4108],"product_tag":[],"class_list":{"0":"post-166143","1":"product","2":"type-product","3":"status-publish","4":"has-post-thumbnail","6":"product_cat-furniture-system-livinio-jarstol-meble","7":"product_cat-chests-of-drawers","8":"product_cat-jarstol","10":"first","11":"instock","12":"purchasable","13":"product-type-simple"},"_links":{"self":[{"href":"https:\/\/baldumarket.lt\/lt\/wp-json\/wp\/v2\/product\/166143","targetHints":{"allow":["GET"]}}],"collection":[{"href":"https:\/\/baldumarket.lt\/lt\/wp-json\/wp\/v2\/product"}],"about":[{"href":"https:\/\/baldumarket.lt\/lt\/wp-json\/wp\/v2\/types\/product"}],"replies":[{"embeddable":true,"href":"https:\/\/baldumarket.lt\/lt\/wp-json\/wp\/v2\/comments?post=166143"}],"wp:featuredmedia":[{"embeddable":true,"href":"https:\/\/baldumarket.lt\/lt\/wp-json\/wp\/v2\/media\/166144"}],"wp:attachment":[{"href":"https:\/\/baldumarket.lt\/lt\/wp-json\/wp\/v2\/media?parent=166143"}],"wp:term":[{"taxonomy":"product_brand","embeddable":true,"href":"https:\/\/baldumarket.lt\/lt\/wp-json\/wp\/v2\/product_brand?post=166143"},{"taxonomy":"product_cat","embeddable":true,"href":"https:\/\/baldumarket.lt\/lt\/wp-json\/wp\/v2\/product_cat?post=166143"},{"taxonomy":"product_tag","embeddable":true,"href":"https:\/\/baldumarket.lt\/lt\/wp-json\/wp\/v2\/product_tag?post=166143"}],"curies":[{"name":"wp","href":"https:\/\/api.w.org\/{rel}","templated":true}]}}