{"id":166135,"date":"2025-12-19T15:49:46","date_gmt":"2025-12-19T12:49:46","guid":{"rendered":"https:\/\/baldumarket.lt\/product\/livinio-8-komoda-2d3s-ribbeck-bialy-polysk\/"},"modified":"2026-04-12T16:06:26","modified_gmt":"2026-04-12T13:06:26","slug":"livinio-8-komoda-2d3s-ribbeck-bialy-polysk","status":"publish","type":"product","link":"https:\/\/baldumarket.lt\/lt\/product\/livinio-8-komoda-2d3s-ribbeck-bialy-polysk\/","title":{"rendered":"LIVINIO-8 \u2013 Komoda 2D3S Ribbeck balta blizgi"},"content":{"rendered":"<p>Suteikite savo interjerui elegancijos ir modernumo su \u201eRibbeck\u201c kolekcijos komoda \u201eLIVINIO-8\u201c. \u0160i unikali 184 cm plo\u010dio komoda yra ne tik baldas, bet ir tikras bet kurio kambario centrinis elementas. Sukurta tiems, kurie vertina stiliaus ir funkcionalumo derin\u012f, jos blizgios baltos fasadin\u0117s dalys harmoningai kontrastuoja su \u201eRibbeck\u201c korpusu, sukurdamos unikali\u0105 kompozicij\u0105, kuri prad\u017eiugins kiekvien\u0105 sve\u010di\u0105. \u201eLIVINIO-8\u201c komoda yra komforto ir prakti\u0161kumo sinonimas. Centrin\u0117je dalyje yra trys erdv\u016bs stal\u010diai, kuriuose lengvai tilps visi j\u016bs\u0173 lobiai. \u0160velnaus u\u017edarymo sistema leid\u017eia naudotis komoda dar maloniau \u2013 kiekvienas stal\u010dius u\u017esidaro \u0161velniai ir tyliai. Kitas i\u0161skirtinis \u0161io modelio bruo\u017eas \u2013 dvi erdvios spintos, kurios patenkins net ir reikliausius vartotojus. Stabilumas ir tvirta konstrukcija yra b\u016bdingi \u201eLIVINIO-8\u201c komodos privalumai. Pagaminta i\u0161 auk\u0161tos kokyb\u0117s laminuotos plok\u0161t\u0117s, ji yra ne tik esteti\u0161kai patraukli, bet ir atspari pa\u017eeidimams bei lengvai valoma. Auk\u0161ti gamybos standartai garantuoja \u0161io baldo ilgaam\u017ei\u0161kum\u0105, kuris d\u017eiugins ak\u012f ilgus metus. Be to, metaliniai b\u0117geliai u\u017etikrina skland\u0173 ir patog\u0173 kiekvieno stal\u010diaus naudojim\u0105.<\/p>","protected":false},"excerpt":{"rendered":"<p>Plotis (cm): 184<br \/>\n\u016agis (cm): 97,5<br \/>\nGylis (cm): 40,5<\/p>","protected":false},"featured_media":166136,"comment_status":"open","ping_status":"open","template":"","meta":[],"product_brand":[],"product_cat":[9509,1173,4108],"product_tag":[],"class_list":{"0":"post-166135","1":"product","2":"type-product","3":"status-publish","4":"has-post-thumbnail","6":"product_cat-furniture-system-livinio-jarstol-meble","7":"product_cat-chests-of-drawers","8":"product_cat-jarstol","10":"first","11":"instock","12":"purchasable","13":"product-type-simple"},"_links":{"self":[{"href":"https:\/\/baldumarket.lt\/lt\/wp-json\/wp\/v2\/product\/166135","targetHints":{"allow":["GET"]}}],"collection":[{"href":"https:\/\/baldumarket.lt\/lt\/wp-json\/wp\/v2\/product"}],"about":[{"href":"https:\/\/baldumarket.lt\/lt\/wp-json\/wp\/v2\/types\/product"}],"replies":[{"embeddable":true,"href":"https:\/\/baldumarket.lt\/lt\/wp-json\/wp\/v2\/comments?post=166135"}],"wp:featuredmedia":[{"embeddable":true,"href":"https:\/\/baldumarket.lt\/lt\/wp-json\/wp\/v2\/media\/166136"}],"wp:attachment":[{"href":"https:\/\/baldumarket.lt\/lt\/wp-json\/wp\/v2\/media?parent=166135"}],"wp:term":[{"taxonomy":"product_brand","embeddable":true,"href":"https:\/\/baldumarket.lt\/lt\/wp-json\/wp\/v2\/product_brand?post=166135"},{"taxonomy":"product_cat","embeddable":true,"href":"https:\/\/baldumarket.lt\/lt\/wp-json\/wp\/v2\/product_cat?post=166135"},{"taxonomy":"product_tag","embeddable":true,"href":"https:\/\/baldumarket.lt\/lt\/wp-json\/wp\/v2\/product_tag?post=166135"}],"curies":[{"name":"wp","href":"https:\/\/api.w.org\/{rel}","templated":true}]}}