{"id":166127,"date":"2025-12-19T15:49:28","date_gmt":"2025-12-19T12:49:28","guid":{"rendered":"https:\/\/baldumarket.lt\/product\/livinio-9-komoda-rtv-1d-ribbeck-bialy-polysk\/"},"modified":"2026-04-12T16:06:26","modified_gmt":"2026-04-12T13:06:26","slug":"livinio-9-komoda-rtv-1d-ribbeck-bialy-polysk","status":"publish","type":"product","link":"https:\/\/baldumarket.lt\/lt\/product\/livinio-9-komoda-rtv-1d-ribbeck-bialy-polysk\/","title":{"rendered":"LIVINIO-9 \u2013 1D \u201eRibbeck\u201c televizoriaus spintel\u0117, blizgi balta"},"content":{"rendered":"<p>\u201eLIVINIO-9\u201c televizoriaus staliukas \u2013 puikus sprendimas visiems, ie\u0161kantiems modernaus dizaino ir funkcionalumo derinio. Eleganti\u0161ka, blizgi balta apdaila ir nat\u016brali \u201eRibbeck\u201c korpuso spalva puikiai papildo bet kuri\u0105 svetain\u0119. Jis puikiai der\u0117s prie \u012fvairi\u0173 interjero stili\u0173 \u2013 nuo minimalistinio iki skandinavi\u0161ko ir klasikinio. Be estetinio patrauklumo, \u0161is staliukas taip pat si\u016blo funkcionalius sprendimus j\u016bs\u0173 televizoriaus zonai. De\u0161in\u0117je pus\u0117je esanti u\u017erakinama spintel\u0117, atsidaranti \u017eemyn, suteikia vietos \u012fvairiems priedams laikyti, i\u0161laikant tvark\u0105. Kair\u0117je pus\u0117je esanti atvira lentyna idealiai tinka dekoderiui ar muzikos sistemai, tod\u0117l staliukas yra itin prakti\u0161kas daikt\u0173 laikymo sprendimas. Taip pat verta pamin\u0117ti LED ap\u0161vietim\u0105, kuris suteikia j\u016bs\u0173 svetainei unikal\u0173 atmosferin\u012f efekt\u0105. \u012ejungus fonin\u012f ap\u0161vietim\u0105 sutemus, zona, kurioje ilsit\u0117s prie\u0161ais televizori\u0173, \u012fgauna visi\u0161kai nauj\u0105 dimensij\u0105. Ap\u0161vietimas yra puikus akcentas, dar labiau pabr\u0117\u017eiantis modern\u0173 baldo charakter\u012f.<\/p>","protected":false},"excerpt":{"rendered":"<p>Plotis (cm): 162<br \/>\n\u016agis (cm): 42<br \/>\nGylis (cm): 40,5<\/p>","protected":false},"featured_media":166128,"comment_status":"open","ping_status":"open","template":"","meta":[],"product_brand":[],"product_cat":[9509,4108,1175],"product_tag":[],"class_list":{"0":"post-166127","1":"product","2":"type-product","3":"status-publish","4":"has-post-thumbnail","6":"product_cat-furniture-system-livinio-jarstol-meble","7":"product_cat-jarstol","8":"product_cat-tv-stands","10":"first","11":"instock","12":"purchasable","13":"product-type-simple"},"_links":{"self":[{"href":"https:\/\/baldumarket.lt\/lt\/wp-json\/wp\/v2\/product\/166127","targetHints":{"allow":["GET"]}}],"collection":[{"href":"https:\/\/baldumarket.lt\/lt\/wp-json\/wp\/v2\/product"}],"about":[{"href":"https:\/\/baldumarket.lt\/lt\/wp-json\/wp\/v2\/types\/product"}],"replies":[{"embeddable":true,"href":"https:\/\/baldumarket.lt\/lt\/wp-json\/wp\/v2\/comments?post=166127"}],"wp:featuredmedia":[{"embeddable":true,"href":"https:\/\/baldumarket.lt\/lt\/wp-json\/wp\/v2\/media\/166128"}],"wp:attachment":[{"href":"https:\/\/baldumarket.lt\/lt\/wp-json\/wp\/v2\/media?parent=166127"}],"wp:term":[{"taxonomy":"product_brand","embeddable":true,"href":"https:\/\/baldumarket.lt\/lt\/wp-json\/wp\/v2\/product_brand?post=166127"},{"taxonomy":"product_cat","embeddable":true,"href":"https:\/\/baldumarket.lt\/lt\/wp-json\/wp\/v2\/product_cat?post=166127"},{"taxonomy":"product_tag","embeddable":true,"href":"https:\/\/baldumarket.lt\/lt\/wp-json\/wp\/v2\/product_tag?post=166127"}],"curies":[{"name":"wp","href":"https:\/\/api.w.org\/{rel}","templated":true}]}}