{"id":166119,"date":"2025-12-19T15:49:10","date_gmt":"2025-12-19T12:49:10","guid":{"rendered":"https:\/\/baldumarket.lt\/product\/livinio-10-komoda-rtv-1d-ribbeck-bialy-polysk\/"},"modified":"2026-04-12T16:06:26","modified_gmt":"2026-04-12T13:06:26","slug":"livinio-10-komoda-rtv-1d-ribbeck-bialy-polysk","status":"publish","type":"product","link":"https:\/\/baldumarket.lt\/lt\/product\/livinio-10-komoda-rtv-1d-ribbeck-bialy-polysk\/","title":{"rendered":"LIVINIO-10 \u2013 1D \u201eRibbeck\u201c televizoriaus spintel\u0117, blizgi balta"},"content":{"rendered":"<p>\u201eRibbeck\u201c vien\u0173 dur\u0173 televizoriaus spintel\u0117 blizgios baltos spalvos \u2013 tai tobulas elegancijos ir funkcionalumo derinys, puikiai papildantis bet kok\u012f modern\u0173 svetain\u0117s interjer\u0105. Minimalistinis dizainas ir prislopintos spalvos paver\u010dia j\u0105 idealiu dizaino elementu, galin\u010diu pagyvinti bet kok\u012f interjer\u0105. Nat\u016bralaus \u201eRibbeck\u201c med\u017eio korpusas kartu su auk\u0161tos kokyb\u0117s blizgiais baltais fasadais sukuria unikal\u0173 vizualin\u012f efekt\u0105. \u0160is baldas ne tik gra\u017eiai atrodo, bet ir puikiai atlieka savo funkcijas. Be estetinio patrauklumo, \u201eRibbeck\u201c vien\u0173 dur\u0173 televizoriaus spintel\u0117 pasi\u017eymi prakti\u0161kumu, kurio nusipeln\u0117te. Kompakti\u0161ki matmenys (plotis 124 cm, auk\u0161tis 42 cm, gylis 40,5 cm) daro j\u0105 idealia vieta namams, kuriuose tr\u016bksta vietos. Baltas atvartas de\u0161in\u0117je pus\u0117je leid\u017eia lengvai laikyti \u012fvairius priedus, o atvira lentyna puikiai tinka palydovin\u0117s televizijos pried\u0117liui ar kitai multimedijos \u012frangai. Dar vienas \u0161io baldo privalumas \u2013 komplekte esantis \u012fmontuotas LED ap\u0161vietimas. Tai leid\u017eia sukurti unikali\u0105 atmosfer\u0105 j\u016bs\u0173 svetain\u0117je. Galite ap\u0161viesti spintel\u0117s vir\u0161\u0173 ir \u0161onus, suteikdami kambariui unikal\u0173 charakter\u012f. Pasirinkdami \u201eRibbeck 1D\u201c televizoriaus spintel\u0119, investuojate \u012f bald\u0105, kuris derina modernum\u0105 su funkcionalumu ir kartu \u012fne\u0161a \u012f j\u016bs\u0173 namus nat\u016bralios medienos \u0161ilum\u0105.<\/p>","protected":false},"excerpt":{"rendered":"<p>Plotis (cm): 124<br \/>\n\u016agis (cm): 42<br \/>\nGylis (cm): 40,5<\/p>","protected":false},"featured_media":166120,"comment_status":"open","ping_status":"open","template":"","meta":[],"product_brand":[],"product_cat":[9509,4108,1175],"product_tag":[],"class_list":{"0":"post-166119","1":"product","2":"type-product","3":"status-publish","4":"has-post-thumbnail","6":"product_cat-furniture-system-livinio-jarstol-meble","7":"product_cat-jarstol","8":"product_cat-tv-stands","10":"first","11":"instock","12":"purchasable","13":"product-type-simple"},"_links":{"self":[{"href":"https:\/\/baldumarket.lt\/lt\/wp-json\/wp\/v2\/product\/166119","targetHints":{"allow":["GET"]}}],"collection":[{"href":"https:\/\/baldumarket.lt\/lt\/wp-json\/wp\/v2\/product"}],"about":[{"href":"https:\/\/baldumarket.lt\/lt\/wp-json\/wp\/v2\/types\/product"}],"replies":[{"embeddable":true,"href":"https:\/\/baldumarket.lt\/lt\/wp-json\/wp\/v2\/comments?post=166119"}],"wp:featuredmedia":[{"embeddable":true,"href":"https:\/\/baldumarket.lt\/lt\/wp-json\/wp\/v2\/media\/166120"}],"wp:attachment":[{"href":"https:\/\/baldumarket.lt\/lt\/wp-json\/wp\/v2\/media?parent=166119"}],"wp:term":[{"taxonomy":"product_brand","embeddable":true,"href":"https:\/\/baldumarket.lt\/lt\/wp-json\/wp\/v2\/product_brand?post=166119"},{"taxonomy":"product_cat","embeddable":true,"href":"https:\/\/baldumarket.lt\/lt\/wp-json\/wp\/v2\/product_cat?post=166119"},{"taxonomy":"product_tag","embeddable":true,"href":"https:\/\/baldumarket.lt\/lt\/wp-json\/wp\/v2\/product_tag?post=166119"}],"curies":[{"name":"wp","href":"https:\/\/api.w.org\/{rel}","templated":true}]}}