{"id":166113,"date":"2025-12-19T15:48:56","date_gmt":"2025-12-19T12:48:56","guid":{"rendered":"https:\/\/baldumarket.lt\/product\/livinio-11-polka-wiszaca-ribbeck-bialy-polysk\/"},"modified":"2026-04-12T16:06:26","modified_gmt":"2026-04-12T13:06:26","slug":"livinio-11-polka-wiszaca-ribbeck-bialy-polysk","status":"publish","type":"product","link":"https:\/\/baldumarket.lt\/lt\/product\/livinio-11-polka-wiszaca-ribbeck-bialy-polysk\/","title":{"rendered":"LIVINIO-11 \u2013 Ribbeck balta blizgi pakabinama lentyna"},"content":{"rendered":"<p>Atraskite modernaus dizaino magij\u0105 su eleganti\u0161ka balta blizgia \u201eRibbeck\u201c pakabinama lentyna, kuri puikiai papildys bet kok\u012f interjer\u0105. \u0160i stilinga \u201eJarstol\u201c lentyna yra ne tik funkcionalus elementas, bet ir tikra j\u016bs\u0173 nam\u0173 puo\u0161mena. Minimalistin\u0117 forma ir blizgi apdaila traukia d\u0117mes\u012f, suteikdami erdvei unikal\u0173 charakter\u012f. \u201eRibbeck\u201c lentyna si\u016blo novatori\u0161k\u0105 sprendim\u0105: dvi lentynos vienoje konstrukcijoje. D\u0117l modernistinio po\u017ei\u016brio galite lengvai suskirstyti knygas ir dekoracijas \u012f vir\u0161utin\u0119 ir apatin\u0119 dalis, tod\u0117l tvarkymas taps malonumu. Baltas fonas puikiai i\u0161ry\u0161kina j\u016bs\u0173 m\u0117gstamiausius daiktus, o blizgi laminuota plok\u0161t\u0117 visk\u0105 puikiai atrodo kiekvien\u0105 dien\u0105. Kasdien naudojant, \u201eRibbeck\u201c pakabinama lentyna ne tik patenkins j\u016bs\u0173 daikt\u0173 laikymo poreikius, bet ir bus eleganti\u0161ka dekoracija. Jos tvirtum\u0105 ir ilgaam\u017ei\u0161kum\u0105 u\u017etikrina kruop\u0161tus meistri\u0161kumas, u\u017etikrinantis ilg\u0105 tarnavimo laik\u0105. Auk\u0161tos kokyb\u0117s med\u017eiagos ir modernus dizainas daro \u0161i\u0105 lentyn\u0105 puikiu pasirinkimu svetainei, miegamajam ar biurui.<\/p>","protected":false},"excerpt":{"rendered":"<p>Plotis (cm): 120<br \/>\n\u016agis (cm): 40<br \/>\nGylis (cm): 40,5<\/p>","protected":false},"featured_media":166114,"comment_status":"open","ping_status":"open","template":"","meta":[],"product_brand":[],"product_cat":[9509,1174,4108],"product_tag":[],"class_list":{"0":"post-166113","1":"product","2":"type-product","3":"status-publish","4":"has-post-thumbnail","6":"product_cat-furniture-system-livinio-jarstol-meble","7":"product_cat-hanging-shelves","8":"product_cat-jarstol","10":"first","11":"instock","12":"purchasable","13":"product-type-simple"},"_links":{"self":[{"href":"https:\/\/baldumarket.lt\/lt\/wp-json\/wp\/v2\/product\/166113","targetHints":{"allow":["GET"]}}],"collection":[{"href":"https:\/\/baldumarket.lt\/lt\/wp-json\/wp\/v2\/product"}],"about":[{"href":"https:\/\/baldumarket.lt\/lt\/wp-json\/wp\/v2\/types\/product"}],"replies":[{"embeddable":true,"href":"https:\/\/baldumarket.lt\/lt\/wp-json\/wp\/v2\/comments?post=166113"}],"wp:featuredmedia":[{"embeddable":true,"href":"https:\/\/baldumarket.lt\/lt\/wp-json\/wp\/v2\/media\/166114"}],"wp:attachment":[{"href":"https:\/\/baldumarket.lt\/lt\/wp-json\/wp\/v2\/media?parent=166113"}],"wp:term":[{"taxonomy":"product_brand","embeddable":true,"href":"https:\/\/baldumarket.lt\/lt\/wp-json\/wp\/v2\/product_brand?post=166113"},{"taxonomy":"product_cat","embeddable":true,"href":"https:\/\/baldumarket.lt\/lt\/wp-json\/wp\/v2\/product_cat?post=166113"},{"taxonomy":"product_tag","embeddable":true,"href":"https:\/\/baldumarket.lt\/lt\/wp-json\/wp\/v2\/product_tag?post=166113"}],"curies":[{"name":"wp","href":"https:\/\/api.w.org\/{rel}","templated":true}]}}