{"id":166108,"date":"2025-12-19T15:48:44","date_gmt":"2025-12-19T12:48:44","guid":{"rendered":"https:\/\/baldumarket.lt\/product\/livinio-12-polka-wiszaca-ribbeck-bialy-polysk\/"},"modified":"2026-04-12T16:06:26","modified_gmt":"2026-04-12T13:06:26","slug":"livinio-12-polka-wiszaca-ribbeck-bialy-polysk","status":"publish","type":"product","link":"https:\/\/baldumarket.lt\/lt\/product\/livinio-12-polka-wiszaca-ribbeck-bialy-polysk\/","title":{"rendered":"LIVINIO-12 \u2013 \u201eRibbeck\u201c pakabinama lentyna, blizgi balta"},"content":{"rendered":"<p>\u012ene\u0161kite \u012f savo interjer\u0105 modernaus stiliaus su blizgios baltos spalvos \u201eRibbeck\u201c sienine lentyna, kurioje dera funkcionalumas ir estetika. \u0160i unikali 120 cm plo\u010dio ir 40 cm auk\u0161\u010dio lentyna puikiai tinka bet kuriai svetainei, miegamajam ar biurui \u2013 tai puiki vieta knygoms, dekoracijoms ar \u0161eimos nuotraukoms eksponuoti. D\u0117l eleganti\u0161kos apdailos lentyna tampa meno k\u016briniu, kuris papildo bendr\u0105 dizain\u0105. \u201eRibbeck\u201c lentyna pasi\u017eymi unikaliu dizainu, kuris subtiliai papildo bet kur\u012f kambar\u012f. Jos blizgi balta priekin\u0117 dalis gra\u017eiai kontrastuoja su nat\u016braliais korpuso tonais, sukurdama harmoning\u0105 visum\u0105. \u0160is spalv\u0173 derinys daro bald\u0105 universal\u0173 ir lengvai dera su \u012fvairiais dekoro stiliais \u2013 nuo skandinavi\u0161ko iki modernaus minimalizmo. Lentynos funkcionalumas yra toks pat svarbus kaip ir jos i\u0161vaizda. Prie sienos tvirtinama lentyna suteikia papildomos vietos daiktams laikyti neu\u017eimant grind\u0173 ploto. Tai idealus sprendimas ma\u017eesniems butams, kur svarbus kiekvienas centimetras. \u201eRibbeck\u201c lentyna taip pat puikiai tinka papildyti didesnius baldus, tokius kaip lentynos ar komodos, sukuriant darn\u0173 ir gerai apgalvot\u0105 i\u0161d\u0117stym\u0105.<\/p>","protected":false},"excerpt":{"rendered":"<p>Plotis (cm): 120<br \/>\n\u016agis (cm): 40<br \/>\nGylis (cm): 19,6<\/p>","protected":false},"featured_media":166109,"comment_status":"open","ping_status":"open","template":"","meta":[],"product_brand":[],"product_cat":[9509,1174,4108],"product_tag":[],"class_list":{"0":"post-166108","1":"product","2":"type-product","3":"status-publish","4":"has-post-thumbnail","6":"product_cat-furniture-system-livinio-jarstol-meble","7":"product_cat-hanging-shelves","8":"product_cat-jarstol","10":"first","11":"instock","12":"purchasable","13":"product-type-simple"},"_links":{"self":[{"href":"https:\/\/baldumarket.lt\/lt\/wp-json\/wp\/v2\/product\/166108","targetHints":{"allow":["GET"]}}],"collection":[{"href":"https:\/\/baldumarket.lt\/lt\/wp-json\/wp\/v2\/product"}],"about":[{"href":"https:\/\/baldumarket.lt\/lt\/wp-json\/wp\/v2\/types\/product"}],"replies":[{"embeddable":true,"href":"https:\/\/baldumarket.lt\/lt\/wp-json\/wp\/v2\/comments?post=166108"}],"wp:featuredmedia":[{"embeddable":true,"href":"https:\/\/baldumarket.lt\/lt\/wp-json\/wp\/v2\/media\/166109"}],"wp:attachment":[{"href":"https:\/\/baldumarket.lt\/lt\/wp-json\/wp\/v2\/media?parent=166108"}],"wp:term":[{"taxonomy":"product_brand","embeddable":true,"href":"https:\/\/baldumarket.lt\/lt\/wp-json\/wp\/v2\/product_brand?post=166108"},{"taxonomy":"product_cat","embeddable":true,"href":"https:\/\/baldumarket.lt\/lt\/wp-json\/wp\/v2\/product_cat?post=166108"},{"taxonomy":"product_tag","embeddable":true,"href":"https:\/\/baldumarket.lt\/lt\/wp-json\/wp\/v2\/product_tag?post=166108"}],"curies":[{"name":"wp","href":"https:\/\/api.w.org\/{rel}","templated":true}]}}