{"id":166103,"date":"2025-12-19T15:48:33","date_gmt":"2025-12-19T12:48:33","guid":{"rendered":"https:\/\/baldumarket.lt\/product\/livinio-13-stolik-kawowy-lawa-ribbeck-bialy-polysk\/"},"modified":"2026-04-12T16:06:16","modified_gmt":"2026-04-12T13:06:16","slug":"livinio-13-stolik-kawowy-lawa-ribbeck-bialy-polysk","status":"publish","type":"product","link":"https:\/\/baldumarket.lt\/lt\/product\/livinio-13-stolik-kawowy-lawa-ribbeck-bialy-polysk\/","title":{"rendered":"LIVINIO-13 \u2013 Ribbeck kavos staliukas, blizgi balta"},"content":{"rendered":"<p>\u201eLIVINIO-13\u201c \u2013 tai unikalus kavos staliukas, kuris ne tik papildys j\u016bs\u0173 erdv\u0119, bet ir pritrauks kiekvieno sve\u010dio d\u0117mes\u012f. Pagamintas \u201eRibbeck\u201c stiliumi, \u0161is blizgios baltos spalvos staliukas spinduliuoja elegancija ir modernumu. Subtiliai frezuotos MDF lentos suteikia charakterio, o nat\u016bralios spalvos j\u016bs\u0173 svetainei suteiks harmonijos, paversdamos j\u0105 \u0161ilta ir jaukia erdve. Projektuojant erdv\u0119 verta atkreipti d\u0117mes\u012f \u012f svarbias detales. M\u016bs\u0173 \u201eLIVINIO-13\u201c kavos staliukas yra puikiai suplanuoto auk\u0161\u010dio, leid\u017eian\u010dio laisvai jud\u0117ti populiariems valymo robotams. Tai labai palengvina tvarkos palaikym\u0105 neprarandant estetikos. \u0160is funkcionalus staliukas puikiai tinka vakariniams susib\u016brimams su draugais ar poilsiui su m\u0117gstama knyga. 110 cm plo\u010dio staliukas suteikia vietos viskam, ko reikia \u0161eimos susib\u016brimams. Ant jo galite lengvai pad\u0117ti kavos puodelius, l\u0117k\u0161tes su u\u017ekand\u017eiais ar dekoratyvines \u017evakides, sukurdami jauki\u0105 atmosfer\u0105. Minimalistinis dizainas leis jam puikiai der\u0117ti prie \u012fvairi\u0173 interjero dizaino stili\u0173 \u2013 nuo skandinavi\u0161ko iki modernaus pra\u0161matnumo.<\/p>","protected":false},"excerpt":{"rendered":"<p>Plotis (cm): 110<br \/>\n\u016agis (cm): 61,5<br \/>\nGylis (cm): 21,5<\/p>","protected":false},"featured_media":166104,"comment_status":"open","ping_status":"open","template":"","meta":[],"product_brand":[],"product_cat":[9509,866,4108],"product_tag":[],"class_list":{"0":"post-166103","1":"product","2":"type-product","3":"status-publish","4":"has-post-thumbnail","6":"product_cat-furniture-system-livinio-jarstol-meble","7":"product_cat-coffee-tables","8":"product_cat-jarstol","10":"first","11":"instock","12":"purchasable","13":"product-type-simple"},"_links":{"self":[{"href":"https:\/\/baldumarket.lt\/lt\/wp-json\/wp\/v2\/product\/166103","targetHints":{"allow":["GET"]}}],"collection":[{"href":"https:\/\/baldumarket.lt\/lt\/wp-json\/wp\/v2\/product"}],"about":[{"href":"https:\/\/baldumarket.lt\/lt\/wp-json\/wp\/v2\/types\/product"}],"replies":[{"embeddable":true,"href":"https:\/\/baldumarket.lt\/lt\/wp-json\/wp\/v2\/comments?post=166103"}],"wp:featuredmedia":[{"embeddable":true,"href":"https:\/\/baldumarket.lt\/lt\/wp-json\/wp\/v2\/media\/166104"}],"wp:attachment":[{"href":"https:\/\/baldumarket.lt\/lt\/wp-json\/wp\/v2\/media?parent=166103"}],"wp:term":[{"taxonomy":"product_brand","embeddable":true,"href":"https:\/\/baldumarket.lt\/lt\/wp-json\/wp\/v2\/product_brand?post=166103"},{"taxonomy":"product_cat","embeddable":true,"href":"https:\/\/baldumarket.lt\/lt\/wp-json\/wp\/v2\/product_cat?post=166103"},{"taxonomy":"product_tag","embeddable":true,"href":"https:\/\/baldumarket.lt\/lt\/wp-json\/wp\/v2\/product_tag?post=166103"}],"curies":[{"name":"wp","href":"https:\/\/api.w.org\/{rel}","templated":true}]}}