{"id":166097,"date":"2025-12-19T15:48:19","date_gmt":"2025-12-19T12:48:19","guid":{"rendered":"https:\/\/baldumarket.lt\/product\/livinio-14-biurko-2d-ribbeck-bialy-polysk\/"},"modified":"2026-04-12T16:06:16","modified_gmt":"2026-04-12T13:06:16","slug":"livinio-14-biurko-2d-ribbeck-bialy-polysk","status":"publish","type":"product","link":"https:\/\/baldumarket.lt\/lt\/product\/livinio-14-biurko-2d-ribbeck-bialy-polysk\/","title":{"rendered":"LIVINIO-14 \u2013 2D \u201eRibbeck\u201c ra\u0161omasis stalas, baltas, blizgus"},"content":{"rendered":"<p>\u201eLIVINIO-14 2D Ribbeck\u201c blizgios baltos spalvos ra\u0161omasis stalas \u2013 tai tobulas modernaus dizaino ir prakti\u0161kumo derinys, suteikiantis bet kokiam kambariui unikalumo. Eleganti\u0161ki, blizg\u016bs balti fasadai ne tik traukia ak\u012f, bet ir vizualiai i\u0161ple\u010dia erdv\u0119, tod\u0117l kambarys atrodo erdvesnis ir \u0161viesesnis. \u201eRibbeck\u201c spalvos korpusas suteikia papildom\u0105 spalvin\u012f akcent\u0105, kuris harmoningai dera su \u012fvairiais interjero stiliais \u2013 nuo minimalistinio iki klasikinio. \u0160is stalas buvo sukurtas atsi\u017evelgiant \u012f funkcionalum\u0105 \u2013 erdvus darbinis pavir\u0161ius idealiai tinka tiek nam\u0173 biurui, tiek jaunimo kambariui. Dvi erdvios spintel\u0117s su lentynomis padeda tvarkingai laikyti dokumentus ir kitus biuro reikmenis, o i\u0161traukiamas klaviat\u016bros d\u0117klas ir papildoma vieta ne\u0161iojamam kompiuteriui u\u017etikrina patog\u0173 naudojim\u0105. D\u0117l tyli\u0173 vyri\u0173 spinteli\u0173 dureli\u0173 atidarymas ir u\u017edarymas yra patogus ir tylus, tod\u0117l kambaryje sukuriama rami atmosfera. \u201eLIVINIO-14\u201c ra\u0161omasis stalas yra ne tik darbo baldas; jis taip pat puikiai tinka kaip tualetinis staliukas, ypa\u010d miegamajame. \u012esivaizduokite \u0161ilt\u0105 \u0161vies\u0105, sklindan\u010di\u0105 pro lang\u0105, kai ruo\u0161iat\u0117s vakar\u0117liui, s\u0117d\u0117dami prie \u0161io eleganti\u0161ko baldo. Derinkite j\u012f su tos pa\u010dios kolekcijos veidrod\u017eiu, kad sukurtum\u0117te stiling\u0105 gro\u017eio kampel\u012f, kuris suteiks charakterio bet kokiam interjerui.<\/p>","protected":false},"excerpt":{"rendered":"<p>Plotis (cm): 130<br \/>\n\u016agis (cm): 78,5<br \/>\nGylis (cm): 63<\/p>","protected":false},"featured_media":166098,"comment_status":"open","ping_status":"open","template":"","meta":[],"product_brand":[],"product_cat":[9509,1312,4108],"product_tag":[],"class_list":{"0":"post-166097","1":"product","2":"type-product","3":"status-publish","4":"has-post-thumbnail","6":"product_cat-furniture-system-livinio-jarstol-meble","7":"product_cat-desks","8":"product_cat-jarstol","10":"first","11":"instock","12":"purchasable","13":"product-type-simple"},"_links":{"self":[{"href":"https:\/\/baldumarket.lt\/lt\/wp-json\/wp\/v2\/product\/166097","targetHints":{"allow":["GET"]}}],"collection":[{"href":"https:\/\/baldumarket.lt\/lt\/wp-json\/wp\/v2\/product"}],"about":[{"href":"https:\/\/baldumarket.lt\/lt\/wp-json\/wp\/v2\/types\/product"}],"replies":[{"embeddable":true,"href":"https:\/\/baldumarket.lt\/lt\/wp-json\/wp\/v2\/comments?post=166097"}],"wp:featuredmedia":[{"embeddable":true,"href":"https:\/\/baldumarket.lt\/lt\/wp-json\/wp\/v2\/media\/166098"}],"wp:attachment":[{"href":"https:\/\/baldumarket.lt\/lt\/wp-json\/wp\/v2\/media?parent=166097"}],"wp:term":[{"taxonomy":"product_brand","embeddable":true,"href":"https:\/\/baldumarket.lt\/lt\/wp-json\/wp\/v2\/product_brand?post=166097"},{"taxonomy":"product_cat","embeddable":true,"href":"https:\/\/baldumarket.lt\/lt\/wp-json\/wp\/v2\/product_cat?post=166097"},{"taxonomy":"product_tag","embeddable":true,"href":"https:\/\/baldumarket.lt\/lt\/wp-json\/wp\/v2\/product_tag?post=166097"}],"curies":[{"name":"wp","href":"https:\/\/api.w.org\/{rel}","templated":true}]}}