{"id":166089,"date":"2025-12-19T15:48:01","date_gmt":"2025-12-19T12:48:01","guid":{"rendered":"https:\/\/baldumarket.lt\/product\/livinio-15-komoda-1d3s-ribbeck-bialy-polysk\/"},"modified":"2026-04-12T16:06:16","modified_gmt":"2026-04-12T13:06:16","slug":"livinio-15-komoda-1d3s-ribbeck-bialy-polysk","status":"publish","type":"product","link":"https:\/\/baldumarket.lt\/lt\/product\/livinio-15-komoda-1d3s-ribbeck-bialy-polysk\/","title":{"rendered":"LIVINIO-15 \u2013 Komoda 1D3S Ribbeck balta blizgi spalva"},"content":{"rendered":"<p>Kai estetika dera su funkcionalumu \u2013 \u201eJarstol\u201c blizgios baltos spalvos \u201eLIVINIO-15 Ribbeck\u201c komoda yra baldas, kuris \u017eavi savo nesenstan\u010diu dizainu. D\u0117l eleganti\u0161kos i\u0161vaizdos ji puikiai dera tiek miegamajame, tiek svetain\u0117je. Subalansuota spalv\u0173 gama, derinant \u201eRibbeck\u201c korpus\u0105 su blizgiomis baltomis fasadais, suteikia interjerui gaivumo ir erdvumo, tod\u0117l tai idealus pasirinkimas modernaus interjero m\u0117g\u0117jams. Funkcionalumas yra svarbiausia \u2013 \u0161i komoda buvo sukurta atsi\u017evelgiant \u012f praktin\u012f erdv\u0117s i\u0161naudojim\u0105. D\u0117l trij\u0173 erdvi\u0173 stal\u010di\u0173 ir papildomos spintel\u0117s galite lengvai susid\u0117ti visk\u0105, ko jums reikia \u2013 nuo drabu\u017ei\u0173 iki \u012fvairi\u0173 nieku\u010di\u0173. Tai puikus sprendimas tiems, kurie vertina tvark\u0105 ir nori maksimaliai i\u0161naudoti kiekvien\u0105 savo interjero kampel\u012f. Unikali \u0161ios komodos savyb\u0117 \u2013 auk\u0161tos kokyb\u0117s, \u0161velniai u\u017esidarantys vyriai, u\u017etikrinantys tyl\u0173 dureli\u0173 u\u017edarym\u0105. Tai leid\u017eia naudotis baldais dar patogiau, o d\u0117l \u0161io sprendimo ne tik i\u0161vengsite triuk\u0161mo, bet ir prailginsite savo bald\u0173 tarnavimo laik\u0105.<\/p>","protected":false},"excerpt":{"rendered":"<p>Plotis (cm): 144<br \/>\n\u016agis (cm): 97,5<br \/>\nGylis (cm): 60,5<\/p>","protected":false},"featured_media":166090,"comment_status":"open","ping_status":"open","template":"","meta":[],"product_brand":[],"product_cat":[9509,1173,4108],"product_tag":[],"class_list":{"0":"post-166089","1":"product","2":"type-product","3":"status-publish","4":"has-post-thumbnail","6":"product_cat-furniture-system-livinio-jarstol-meble","7":"product_cat-chests-of-drawers","8":"product_cat-jarstol","10":"first","11":"instock","12":"purchasable","13":"product-type-simple"},"_links":{"self":[{"href":"https:\/\/baldumarket.lt\/lt\/wp-json\/wp\/v2\/product\/166089","targetHints":{"allow":["GET"]}}],"collection":[{"href":"https:\/\/baldumarket.lt\/lt\/wp-json\/wp\/v2\/product"}],"about":[{"href":"https:\/\/baldumarket.lt\/lt\/wp-json\/wp\/v2\/types\/product"}],"replies":[{"embeddable":true,"href":"https:\/\/baldumarket.lt\/lt\/wp-json\/wp\/v2\/comments?post=166089"}],"wp:featuredmedia":[{"embeddable":true,"href":"https:\/\/baldumarket.lt\/lt\/wp-json\/wp\/v2\/media\/166090"}],"wp:attachment":[{"href":"https:\/\/baldumarket.lt\/lt\/wp-json\/wp\/v2\/media?parent=166089"}],"wp:term":[{"taxonomy":"product_brand","embeddable":true,"href":"https:\/\/baldumarket.lt\/lt\/wp-json\/wp\/v2\/product_brand?post=166089"},{"taxonomy":"product_cat","embeddable":true,"href":"https:\/\/baldumarket.lt\/lt\/wp-json\/wp\/v2\/product_cat?post=166089"},{"taxonomy":"product_tag","embeddable":true,"href":"https:\/\/baldumarket.lt\/lt\/wp-json\/wp\/v2\/product_tag?post=166089"}],"curies":[{"name":"wp","href":"https:\/\/api.w.org\/{rel}","templated":true}]}}