{"id":166081,"date":"2025-12-19T15:47:43","date_gmt":"2025-12-19T12:47:43","guid":{"rendered":"https:\/\/baldumarket.lt\/product\/mediolan-1-szafa-2-drzwiowa-hikora\/"},"modified":"2026-04-12T16:06:16","modified_gmt":"2026-04-12T13:06:16","slug":"mediolan-1-szafa-2-drzwiowa-hikora","status":"publish","type":"product","link":"https:\/\/baldumarket.lt\/lt\/product\/mediolan-1-szafa-2-drzwiowa-hikora\/","title":{"rendered":"MEDIOLAN-1 \u2013 2 dur\u0173 hikorio spinta"},"content":{"rendered":"<p>Suteikite savo interjerui industrinio stiliaus su \u201eJarstol\u201c dviej\u0173 dur\u0173 spinta MEDIOLAN-1. Pagaminta i\u0161 nuostabios hikorio spalvos, \u0161i spinta yra tobulas funkcionalumo ir estetikos derinys. \u0160iltas, \u0161viesus atspalvis harmoningai kontrastuoja su juodomis rankenomis ir dekoratyvin\u0117mis apvadais, suteikdamas j\u016bs\u0173 interjerui modern\u0173 ir eleganti\u0161k\u0105 vaizd\u0105. \u0160i spinta yra daugiau nei baldas \u2013 tai puikus dekoratyvinis elementas, kuris pagyvins bet kur\u012f kambar\u012f. Spinta MEDIOLAN-1 buvo sukurta galvojant apie kasdien\u012f prakti\u0161kum\u0105. D\u0117l 88,1 cm ilgio b\u0117geli\u0173 sistemos galite patogiai laikyti drabu\u017eius ant pakab\u0173, tod\u0117l kasdien naudotis spinta yra daug lengviau. Papildoma lentyna vir\u0161 pakab\u0173 suteikia daugiau erdv\u0117s organizavimo galimybi\u0173, leid\u017eian\u010di\u0173 retai naudojamus drabu\u017eius ar sezoninius aksesuarus sud\u0117ti apa\u010dioje. Toks laikymo b\u016bdas skatina tvark\u0105 ir efektyvum\u0105, leisdamas akimirksniu rasti visk\u0105, ko jums reikia. I\u0161manus spintos MEDIOLAN-1 dizainas taip pat stebina novatori\u0161kais sprendimais. \u012erengtos dvigubos durys su \u0161velniai u\u017esidaran\u010diais vyriais, tod\u0117l ji u\u017etikrina patogi\u0105 ir tyli\u0105 prieig\u0105 prie vidaus. Papildoma parinktis \u2013 galimyb\u0117 erdv\u0119 padalyti \u012f dvi dalis pertvara, suteikian\u010dia dar daugiau organizavimo lankstumo. Jei reikia vietos ilgoms suknel\u0117ms ar \u0161varkams, galite reguliuoti karnizo ilg\u012f iki 42,8 cm, o prireikus prid\u0117ti lentyn\u0173, kad tilpt\u0173 visi j\u016bs\u0173 garderobo daiktai pagal j\u016bs\u0173 skon\u012f.<\/p>","protected":false},"excerpt":{"rendered":"<p>Plotis (cm): 92,2<br \/>\n\u016agis (cm): 197<br \/>\nGylis (cm): 40,5<\/p>","protected":false},"featured_media":166082,"comment_status":"open","ping_status":"open","template":"","meta":[],"product_brand":[],"product_cat":[9511,4108,1177],"product_tag":[],"class_list":{"0":"post-166081","1":"product","2":"type-product","3":"status-publish","4":"has-post-thumbnail","6":"product_cat-furniture-system-mediolan-jarstol-meble","7":"product_cat-jarstol","8":"product_cat-wardrobes","10":"first","11":"instock","12":"purchasable","13":"product-type-simple"},"_links":{"self":[{"href":"https:\/\/baldumarket.lt\/lt\/wp-json\/wp\/v2\/product\/166081","targetHints":{"allow":["GET"]}}],"collection":[{"href":"https:\/\/baldumarket.lt\/lt\/wp-json\/wp\/v2\/product"}],"about":[{"href":"https:\/\/baldumarket.lt\/lt\/wp-json\/wp\/v2\/types\/product"}],"replies":[{"embeddable":true,"href":"https:\/\/baldumarket.lt\/lt\/wp-json\/wp\/v2\/comments?post=166081"}],"wp:featuredmedia":[{"embeddable":true,"href":"https:\/\/baldumarket.lt\/lt\/wp-json\/wp\/v2\/media\/166082"}],"wp:attachment":[{"href":"https:\/\/baldumarket.lt\/lt\/wp-json\/wp\/v2\/media?parent=166081"}],"wp:term":[{"taxonomy":"product_brand","embeddable":true,"href":"https:\/\/baldumarket.lt\/lt\/wp-json\/wp\/v2\/product_brand?post=166081"},{"taxonomy":"product_cat","embeddable":true,"href":"https:\/\/baldumarket.lt\/lt\/wp-json\/wp\/v2\/product_cat?post=166081"},{"taxonomy":"product_tag","embeddable":true,"href":"https:\/\/baldumarket.lt\/lt\/wp-json\/wp\/v2\/product_tag?post=166081"}],"curies":[{"name":"wp","href":"https:\/\/api.w.org\/{rel}","templated":true}]}}