{"id":166073,"date":"2025-12-19T15:47:25","date_gmt":"2025-12-19T12:47:25","guid":{"rendered":"https:\/\/baldumarket.lt\/product\/mediolan-2-szafa-1-drzwiowa-hikora\/"},"modified":"2026-04-12T16:06:16","modified_gmt":"2026-04-12T13:06:16","slug":"mediolan-2-szafa-1-drzwiowa-hikora","status":"publish","type":"product","link":"https:\/\/baldumarket.lt\/lt\/product\/mediolan-2-szafa-1-drzwiowa-hikora\/","title":{"rendered":"MEDIOLAN-2 \u2013 1 dur\u0173 hikorio spinta"},"content":{"rendered":"<p>\u201eJarstol\u201c vien\u0173 dur\u0173 spinta MEDIOLAN-2 \u2013 puikus sprendimas tiems, kurie savo interjere vertina ir estetik\u0105, ir funkcionalum\u0105. Nat\u016brali hikorijos spalva puikiai tinka \u012fvairiems interjerams \u2013 nuo modernaus iki klasikinio. Stilinga i\u0161vaizda ir juodi akcentai suteikia elegancijos, puikiai dera su madingu lofto stiliumi, kuris tampa vis populiaresnis Lenkijos namuose. \u0160i \u0161viesi ir erdvi spinta yra tikras lobis visiems, norintiems suvaldyti chaos\u0105 garderoboje. \u012erengta drabu\u017ei\u0173 kabykla ir prakti\u0161ka vir\u0161utine lentyna, joje patogiai laikomi tiek trumpi, tiek ilgi drabu\u017eiai, pavyzd\u017eiui, suknel\u0117s ir paltai. Tai puiki vieta j\u016bs\u0173 m\u0117gstamiausiems daiktams, kurie visada tur\u0117t\u0173 b\u016bti po ranka. Sutvarkyti savo kambar\u012f neturi b\u016bti sunku. Spinta MEDIOLAN-2 lengvai tiks bet kokiam interjerui neu\u017eimdama daug vietos. Pasirink\u0119 papildomas lentynas, galite dar labiau padidinti jos funkcionalum\u0105, paversdami j\u0105 ne tik prakti\u0161ku baldu, bet ir dekoratyviniu elementu. J\u0105 galite lengvai derinti su kitais baldais, tokiais kaip komoda ar stalas, sukurdami darni\u0105 ir stiling\u0105 erdv\u0119.<\/p>","protected":false},"excerpt":{"rendered":"<p>Plotis (cm): 49,5<br \/>\n\u016agis (cm): 197<br \/>\nGylis (cm): 58,5<\/p>","protected":false},"featured_media":166074,"comment_status":"open","ping_status":"open","template":"","meta":[],"product_brand":[],"product_cat":[9511,4108,1987],"product_tag":[],"class_list":{"0":"post-166073","1":"product","2":"type-product","3":"status-publish","4":"has-post-thumbnail","6":"product_cat-furniture-system-mediolan-jarstol-meble","7":"product_cat-jarstol","8":"product_cat-shelving-units","10":"first","11":"instock","12":"purchasable","13":"product-type-simple"},"_links":{"self":[{"href":"https:\/\/baldumarket.lt\/lt\/wp-json\/wp\/v2\/product\/166073","targetHints":{"allow":["GET"]}}],"collection":[{"href":"https:\/\/baldumarket.lt\/lt\/wp-json\/wp\/v2\/product"}],"about":[{"href":"https:\/\/baldumarket.lt\/lt\/wp-json\/wp\/v2\/types\/product"}],"replies":[{"embeddable":true,"href":"https:\/\/baldumarket.lt\/lt\/wp-json\/wp\/v2\/comments?post=166073"}],"wp:featuredmedia":[{"embeddable":true,"href":"https:\/\/baldumarket.lt\/lt\/wp-json\/wp\/v2\/media\/166074"}],"wp:attachment":[{"href":"https:\/\/baldumarket.lt\/lt\/wp-json\/wp\/v2\/media?parent=166073"}],"wp:term":[{"taxonomy":"product_brand","embeddable":true,"href":"https:\/\/baldumarket.lt\/lt\/wp-json\/wp\/v2\/product_brand?post=166073"},{"taxonomy":"product_cat","embeddable":true,"href":"https:\/\/baldumarket.lt\/lt\/wp-json\/wp\/v2\/product_cat?post=166073"},{"taxonomy":"product_tag","embeddable":true,"href":"https:\/\/baldumarket.lt\/lt\/wp-json\/wp\/v2\/product_tag?post=166073"}],"curies":[{"name":"wp","href":"https:\/\/api.w.org\/{rel}","templated":true}]}}