{"id":166065,"date":"2025-12-19T15:47:07","date_gmt":"2025-12-19T12:47:07","guid":{"rendered":"https:\/\/baldumarket.lt\/product\/mediolan-3-witryna-4d1s-hikora\/"},"modified":"2026-04-12T16:06:16","modified_gmt":"2026-04-12T13:06:16","slug":"mediolan-3-witryna-4d1s-hikora","status":"publish","type":"product","link":"https:\/\/baldumarket.lt\/lt\/product\/mediolan-3-witryna-4d1s-hikora\/","title":{"rendered":"MILAN-3 \u2013 4D1S Hikorio vitrina"},"content":{"rendered":"<p>Atraskite gro\u017e\u012f ir elegancij\u0105 su \u201eJarstol\u201c vitrina MEDIOLAN-3, kuri suteiks j\u016bs\u0173 valgomajam unikalaus charakterio. Pagaminta i\u0161 laminuotos plok\u0161t\u0117s su nat\u016braliu hikorijos medienos atspalviu, \u0161i vitrina derina modern\u0173 dizain\u0105 ir funkcionalum\u0105, tapdama puikiu sprendimu bet kokiam interjerui. Rafinuota konstrukcija leid\u017eia jai puikiai der\u0117ti prie \u012fvairi\u0173 interjero stili\u0173 \u2013 nuo modernaus iki industrinio, praturtindama erdv\u0119 stilingais akcentais. Vir\u0161utin\u0117 spintel\u0117s dalis traukia ak\u012f prabangiu dvigub\u0173 d\u016bminio stiklo fasad\u0173 ir eleganti\u0161k\u0173 laminuot\u0173 lentyn\u0173 deriniu. Ap\u0161viestos lentynos \u2013 puikus b\u016bdas eksponuoti \u0161ventinius stalo \u012frankius ar \u0161eimos relikvijas, sukuriant \u0161ilt\u0105 atmosfer\u0105 \u0161eimos susib\u016brim\u0173 metu. \u0160ie baldai ne tik atrodo gra\u017eiai, bet ir funkcionaliai u\u017epildo erdv\u0119, suteikdami vietos laikyti ir eksponuoti m\u0117gstamiausius daiktus. Apatin\u0117je spintel\u0117s dalyje su \u0161viesi\u0173 spalv\u0173 fasadais ir stilingomis juodomis ranken\u0117l\u0117mis yra erdvios lentynos, kurios pad\u0117s susitvarkyti daiktus. I\u0161traukiamas stal\u010dius atsidaro vienu prisilietimu, suteikdamas modernumo ir patogumo. Lengvai surenkamas dizainas rei\u0161kia, kad kiekvienas gali m\u0117gautis vitrinos gro\u017eiu ir estetika savo namuose, o juod\u0173 kojeli\u0173 prid\u0117jimo galimyb\u0117 dar labiau pabr\u0117\u0161 modern\u0173 bald\u0173 stili\u0173.<\/p>","protected":false},"excerpt":{"rendered":"<p>Plotis (cm): 92,2<br \/>\n\u016agis (cm): 197<br \/>\nGylis (cm): 58,5<\/p>","protected":false},"featured_media":166066,"comment_status":"open","ping_status":"open","template":"","meta":[],"product_brand":[],"product_cat":[9512,4108,2006],"product_tag":[],"class_list":{"0":"post-166065","1":"product","2":"type-product","3":"status-publish","4":"has-post-thumbnail","6":"product_cat-furniture-system-milan-jarstol-meble","7":"product_cat-jarstol","8":"product_cat-vitrines","10":"first","11":"instock","12":"purchasable","13":"product-type-simple"},"_links":{"self":[{"href":"https:\/\/baldumarket.lt\/lt\/wp-json\/wp\/v2\/product\/166065","targetHints":{"allow":["GET"]}}],"collection":[{"href":"https:\/\/baldumarket.lt\/lt\/wp-json\/wp\/v2\/product"}],"about":[{"href":"https:\/\/baldumarket.lt\/lt\/wp-json\/wp\/v2\/types\/product"}],"replies":[{"embeddable":true,"href":"https:\/\/baldumarket.lt\/lt\/wp-json\/wp\/v2\/comments?post=166065"}],"wp:featuredmedia":[{"embeddable":true,"href":"https:\/\/baldumarket.lt\/lt\/wp-json\/wp\/v2\/media\/166066"}],"wp:attachment":[{"href":"https:\/\/baldumarket.lt\/lt\/wp-json\/wp\/v2\/media?parent=166065"}],"wp:term":[{"taxonomy":"product_brand","embeddable":true,"href":"https:\/\/baldumarket.lt\/lt\/wp-json\/wp\/v2\/product_brand?post=166065"},{"taxonomy":"product_cat","embeddable":true,"href":"https:\/\/baldumarket.lt\/lt\/wp-json\/wp\/v2\/product_cat?post=166065"},{"taxonomy":"product_tag","embeddable":true,"href":"https:\/\/baldumarket.lt\/lt\/wp-json\/wp\/v2\/product_tag?post=166065"}],"curies":[{"name":"wp","href":"https:\/\/api.w.org\/{rel}","templated":true}]}}