{"id":166057,"date":"2025-12-19T15:46:51","date_gmt":"2025-12-19T12:46:51","guid":{"rendered":"https:\/\/baldumarket.lt\/product\/mediolan-4-witryna-2d1s-hikora\/"},"modified":"2026-04-12T16:06:16","modified_gmt":"2026-04-12T13:06:16","slug":"mediolan-4-witryna-2d1s-hikora","status":"publish","type":"product","link":"https:\/\/baldumarket.lt\/lt\/product\/mediolan-4-witryna-2d1s-hikora\/","title":{"rendered":"MILAN-4 \u2013 2D1S Hikorio vitrina"},"content":{"rendered":"<p>\u201eMediolan-4\u201c vitrina \u2013 puikus pasirinkimas tiems, kurie savo interjere ie\u0161ko harmoningo modernumo ir elegancijos derinio. Pagaminta i\u0161 nat\u016bralios hikorijos medienos, \u0161i spintel\u0117 traukia d\u0117mes\u012f minimalistine, ta\u010diau \u0161ilta i\u0161vaizda. Juoda dekoratyvin\u0117 juostel\u0117 ir metalin\u0117s ranken\u0117l\u0117s gra\u017eiai kontrastuoja su lengvesniu korpusu, suteikdamos baldui unikal\u0173 charakter\u012f. Kiekvienas elementas buvo kruop\u0161\u010diai apgalvotas, siekiant sukurti darni\u0105 visum\u0105, atitinkan\u010di\u0105 naujausias dizaino tendencijas. Vir\u0161utin\u0117 spintel\u0117s dalis yra stiklin\u0117 vitrina, kurioje tilps vertingiausi j\u016bs\u0173 daiktai. Dvi eleganti\u0161kos laminuotos plok\u0161t\u0117s lentynos yra padengtos d\u016bminiu gr\u016bdintu stiklu, u\u017etikrinan\u010diu puik\u0173 matomum\u0105 ir apsaugant\u012f turin\u012f nuo dulki\u0173. \u0160i erdv\u0117 idealiai tinka \u0161eimos relikvijoms, dekoracijoms ar \u017einynams eksponuoti, o j\u0173 eksponavimas stiklin\u0117je vitrinoje suteikia elegancijos bet kokiam interjerui. Apatin\u0117 spintel\u0117s dalis yra erdvi, atidaroma spinta, u\u017etikrinanti patogum\u0105 ir funkcionalum\u0105. D\u0117l vienos laminuotos plok\u0161t\u0117s lentynos vartotojas gali laikyti \u012fvairius smulkius daiktus, palaikydamas tvark\u0105. Be to, \u012fmontuotas stal\u010dius su patogia \u201ePush to Open\u201c sistema yra tikras hitas \u017emon\u0117ms, kurie vertina ir modernum\u0105, ir prakti\u0161kum\u0105 kasdieniame naudojime.<\/p>","protected":false},"excerpt":{"rendered":"<p>Plotis (cm): 49,5<br \/>\n\u016agis (cm): 197<br \/>\nGylis (cm): 41<\/p>","protected":false},"featured_media":166058,"comment_status":"open","ping_status":"open","template":"","meta":[],"product_brand":[],"product_cat":[4108,2006],"product_tag":[],"class_list":{"0":"post-166057","1":"product","2":"type-product","3":"status-publish","4":"has-post-thumbnail","6":"product_cat-jarstol","7":"product_cat-vitrines","9":"first","10":"instock","11":"purchasable","12":"product-type-simple"},"_links":{"self":[{"href":"https:\/\/baldumarket.lt\/lt\/wp-json\/wp\/v2\/product\/166057","targetHints":{"allow":["GET"]}}],"collection":[{"href":"https:\/\/baldumarket.lt\/lt\/wp-json\/wp\/v2\/product"}],"about":[{"href":"https:\/\/baldumarket.lt\/lt\/wp-json\/wp\/v2\/types\/product"}],"replies":[{"embeddable":true,"href":"https:\/\/baldumarket.lt\/lt\/wp-json\/wp\/v2\/comments?post=166057"}],"wp:featuredmedia":[{"embeddable":true,"href":"https:\/\/baldumarket.lt\/lt\/wp-json\/wp\/v2\/media\/166058"}],"wp:attachment":[{"href":"https:\/\/baldumarket.lt\/lt\/wp-json\/wp\/v2\/media?parent=166057"}],"wp:term":[{"taxonomy":"product_brand","embeddable":true,"href":"https:\/\/baldumarket.lt\/lt\/wp-json\/wp\/v2\/product_brand?post=166057"},{"taxonomy":"product_cat","embeddable":true,"href":"https:\/\/baldumarket.lt\/lt\/wp-json\/wp\/v2\/product_cat?post=166057"},{"taxonomy":"product_tag","embeddable":true,"href":"https:\/\/baldumarket.lt\/lt\/wp-json\/wp\/v2\/product_tag?post=166057"}],"curies":[{"name":"wp","href":"https:\/\/api.w.org\/{rel}","templated":true}]}}