{"id":166049,"date":"2025-12-19T15:46:34","date_gmt":"2025-12-19T12:46:34","guid":{"rendered":"https:\/\/baldumarket.lt\/product\/mediolan-5-witryna-4d1s-hikora\/"},"modified":"2026-04-12T16:06:16","modified_gmt":"2026-04-12T13:06:16","slug":"mediolan-5-witryna-4d1s-hikora","status":"publish","type":"product","link":"https:\/\/baldumarket.lt\/lt\/product\/mediolan-5-witryna-4d1s-hikora\/","title":{"rendered":"MILAN-5 \u2013 4D1S Hikorio vitrina"},"content":{"rendered":"<p>MEDIOLAN-5 \u2013 tai unikali 4D1S vitrina i\u0161 \u017einomo prek\u0117s \u017eenklo \u201eJarstol\u201c, kuri taps svarbiu j\u016bs\u0173 interjero elementu. \u0160i \u017eema, 92,2 cm plo\u010dio pusvitrin\u0117 spintel\u0117, sukurta derinant elegancij\u0105 ir funkcionalum\u0105, suteikia j\u016bs\u0173 erdvei modernumo. Hikorio spalvos korpusas ir fasadas suteikia \u0161ilumos ir jaukumo, puikiai papildydami \u012fvairius interjero dizainus. Vir\u0161utin\u0117je spintel\u0117s dalyje yra permatomi stikliniai fasadai, leid\u017eiantys eksponuoti m\u0117gstamus suvenyrus ir dekoracijas, suteikiant erdvei asmeni\u0161kumo. Saugus, gr\u016bdintas stiklas su subtiliu d\u016bm\u0173 efektu suteikia prabangos ir elegancijos. Be to, spintel\u0117s viduje \u012frengta tvirta laminuota lentyna, u\u017etikrinanti stabilum\u0105 ir tvarking\u0105 daikt\u0173 laikym\u0105. Apatin\u0117 spintel\u0117s dalis sukurta maksimaliai talpiai. Prakti\u0161ka spintel\u0117 puikiai tinka laikyti re\u010diau naudojamus daiktus, o papildoma lentyna viduje suteikia dar daugiau organizavimo galimybi\u0173. Jutiklinis stal\u010dius atsidaro d\u0117l novatori\u0161kos atidarymo spustel\u0117jus sistemos, u\u017etikrinant patogum\u0105 ir estetik\u0105 be nereikaling\u0173 ranken\u0117li\u0173.<\/p>","protected":false},"excerpt":{"rendered":"<p>Plotis (cm): 92,2<br \/>\n\u016agis (cm): 157<br \/>\nGylis (cm): 41<\/p>","protected":false},"featured_media":166050,"comment_status":"open","ping_status":"open","template":"","meta":[],"product_brand":[],"product_cat":[9512,4108,2006],"product_tag":[],"class_list":{"0":"post-166049","1":"product","2":"type-product","3":"status-publish","4":"has-post-thumbnail","6":"product_cat-furniture-system-milan-jarstol-meble","7":"product_cat-jarstol","8":"product_cat-vitrines","10":"first","11":"instock","12":"purchasable","13":"product-type-simple"},"_links":{"self":[{"href":"https:\/\/baldumarket.lt\/lt\/wp-json\/wp\/v2\/product\/166049","targetHints":{"allow":["GET"]}}],"collection":[{"href":"https:\/\/baldumarket.lt\/lt\/wp-json\/wp\/v2\/product"}],"about":[{"href":"https:\/\/baldumarket.lt\/lt\/wp-json\/wp\/v2\/types\/product"}],"replies":[{"embeddable":true,"href":"https:\/\/baldumarket.lt\/lt\/wp-json\/wp\/v2\/comments?post=166049"}],"wp:featuredmedia":[{"embeddable":true,"href":"https:\/\/baldumarket.lt\/lt\/wp-json\/wp\/v2\/media\/166050"}],"wp:attachment":[{"href":"https:\/\/baldumarket.lt\/lt\/wp-json\/wp\/v2\/media?parent=166049"}],"wp:term":[{"taxonomy":"product_brand","embeddable":true,"href":"https:\/\/baldumarket.lt\/lt\/wp-json\/wp\/v2\/product_brand?post=166049"},{"taxonomy":"product_cat","embeddable":true,"href":"https:\/\/baldumarket.lt\/lt\/wp-json\/wp\/v2\/product_cat?post=166049"},{"taxonomy":"product_tag","embeddable":true,"href":"https:\/\/baldumarket.lt\/lt\/wp-json\/wp\/v2\/product_tag?post=166049"}],"curies":[{"name":"wp","href":"https:\/\/api.w.org\/{rel}","templated":true}]}}