{"id":166041,"date":"2025-12-19T15:46:17","date_gmt":"2025-12-19T12:46:17","guid":{"rendered":"https:\/\/baldumarket.lt\/product\/mediolan-6-komoda-2d2s-hikora\/"},"modified":"2026-04-12T16:06:07","modified_gmt":"2026-04-12T13:06:07","slug":"mediolan-6-komoda-2d2s-hikora","status":"publish","type":"product","link":"https:\/\/baldumarket.lt\/lt\/product\/mediolan-6-komoda-2d2s-hikora\/","title":{"rendered":"MILAN-6 \u2013 2D2S hikorijos komoda"},"content":{"rendered":"<p>Atraskite MEDIOLAN-6 komodos \u017eaves\u012f ir funkcionalum\u0105 \u2013 nepakei\u010diam\u0105 j\u016bs\u0173 interjero element\u0105. Eleganti\u0161ka \u0161viesios hikorijos spalvos i\u0161vaizda puikiai tinka industrinio stiliaus erdv\u0117ms ir suteikia autenti\u0161kumo. D\u0117l gerai apgalvoto dizaino komoda tampa ne tik prakti\u0161ku baldu, bet ir ry\u0161kia dekoracija, patraukian\u010dia kiekvieno sve\u010dio ak\u012f. Vir\u0161utin\u0117je komodos dalyje yra du erdv\u016bs stal\u010diai, kurie atsidaro palietus, tod\u0117l itin patogu pasiekti laikomus daiktus. \u0160iuose tvirtuose stal\u010diuose tilps b\u016btiniausi nam\u0173 aksesuarai, tod\u0117l tai idealus sprendimas svetain\u0117ms, miegamiesiems ar valgomiesiems. Apatin\u0117 dalis su erdvia spinta su lentyna patenkins net ir reikliausi\u0173 vartotoj\u0173 l\u016bkes\u010dius, leisdama patraukliai sutvarkyti erdv\u0119. Juodos metalin\u0117s ranken\u0117l\u0117s papildo lengv\u0105 korpus\u0105, suteikdamos modernumo. \u0160is spalv\u0173 kontrastas paver\u010dia MEDIOLAN-6 komod\u0105 tikru j\u016bs\u0173 interjero akcentu. Taip pat galite naudoti papildomus elementus, pavyzd\u017eiui, tos pa\u010dios spalvos kojeles, kurios pabr\u0117\u0161 industrin\u012f stili\u0173 ir suteiks harmonijos visam kambario i\u0161d\u0117stymui.<\/p>","protected":false},"excerpt":{"rendered":"<p>Plotis (cm): 92,2<br \/>\n\u016agis (cm): 120<br \/>\nGylis (cm): 41<\/p>","protected":false},"featured_media":166042,"comment_status":"open","ping_status":"open","template":"","meta":[],"product_brand":[],"product_cat":[9512,1173,4108],"product_tag":[],"class_list":{"0":"post-166041","1":"product","2":"type-product","3":"status-publish","4":"has-post-thumbnail","6":"product_cat-furniture-system-milan-jarstol-meble","7":"product_cat-chests-of-drawers","8":"product_cat-jarstol","10":"first","11":"instock","12":"purchasable","13":"product-type-simple"},"_links":{"self":[{"href":"https:\/\/baldumarket.lt\/lt\/wp-json\/wp\/v2\/product\/166041","targetHints":{"allow":["GET"]}}],"collection":[{"href":"https:\/\/baldumarket.lt\/lt\/wp-json\/wp\/v2\/product"}],"about":[{"href":"https:\/\/baldumarket.lt\/lt\/wp-json\/wp\/v2\/types\/product"}],"replies":[{"embeddable":true,"href":"https:\/\/baldumarket.lt\/lt\/wp-json\/wp\/v2\/comments?post=166041"}],"wp:featuredmedia":[{"embeddable":true,"href":"https:\/\/baldumarket.lt\/lt\/wp-json\/wp\/v2\/media\/166042"}],"wp:attachment":[{"href":"https:\/\/baldumarket.lt\/lt\/wp-json\/wp\/v2\/media?parent=166041"}],"wp:term":[{"taxonomy":"product_brand","embeddable":true,"href":"https:\/\/baldumarket.lt\/lt\/wp-json\/wp\/v2\/product_brand?post=166041"},{"taxonomy":"product_cat","embeddable":true,"href":"https:\/\/baldumarket.lt\/lt\/wp-json\/wp\/v2\/product_cat?post=166041"},{"taxonomy":"product_tag","embeddable":true,"href":"https:\/\/baldumarket.lt\/lt\/wp-json\/wp\/v2\/product_tag?post=166041"}],"curies":[{"name":"wp","href":"https:\/\/api.w.org\/{rel}","templated":true}]}}