{"id":166033,"date":"2025-12-19T15:45:59","date_gmt":"2025-12-19T12:45:59","guid":{"rendered":"https:\/\/baldumarket.lt\/product\/mediolan-7-komoda-3d2s-hikora\/"},"modified":"2026-04-12T16:06:07","modified_gmt":"2026-04-12T13:06:07","slug":"mediolan-7-komoda-3d2s-hikora","status":"publish","type":"product","link":"https:\/\/baldumarket.lt\/lt\/product\/mediolan-7-komoda-3d2s-hikora\/","title":{"rendered":"MILAN-7 \u2013 3D2S hikorijos komoda"},"content":{"rendered":"<p>Komoda MEDIOLAN-7 \u2013 tai eleganti\u0161kas baldas, kuris suteiks j\u016bs\u0173 interjerui unikalaus stiliaus ir patenkins visus j\u016bs\u0173 daikt\u0173 laikymo poreikius. Pagaminta i\u0161 auk\u0161tos kokyb\u0117s laminuotos plok\u0161t\u0117s, nat\u016bralios hikorijos spalvos, ji pasi\u017eymi moderniu ir esteti\u0161ku dizainu. D\u0117l prislopint\u0173 spalv\u0173 ji puikiai tinka tiek svetainei, tiek miegamajam ar net paaugli\u0173 kambariui. \u0160i komoda yra ne\u012ftik\u0117tinai funkcionali, j\u0105 sudaro du stal\u010diai \u2013 vienas didesnis ir vienas ma\u017eesnis. Apatin\u0117je dalyje yra erdvi spinta su dvigubomis ir viengubomis durimis, kuriose lengvai tilps visi j\u016bs\u0173 daiktai. I\u0161maniai suprojektuotos pertvaros leid\u017eia susisteminti daikt\u0173 laikymo vietas ir pritaikyti jas individualiems poreikiams, tod\u0117l tai idealus sprendimas bet kokiam interjerui. Stilingos juodos ranken\u0117l\u0117s ir \u0161velniai u\u017esidaran\u010dios durel\u0117s suteikia modernumo, o metaliniai b\u0117geliai u\u017etikrina patvarum\u0105 ir patogum\u0105. Atidarymo stumiant sistema dar labiau palengvina atidarym\u0105, tod\u0117l ja naudotis malonu. Minimalistinis dizainas puikiai dera prie dabartini\u0173 dekoravimo tendencij\u0173, ypa\u010d pal\u0117pi\u0173 i\u0161d\u0117styme.<\/p>","protected":false},"excerpt":{"rendered":"<p>Plotis (cm): 135<br \/>\n\u016agis (cm): 101<br \/>\nGylis (cm): 41<\/p>","protected":false},"featured_media":166034,"comment_status":"open","ping_status":"open","template":"","meta":[],"product_brand":[],"product_cat":[9512,1173,4108],"product_tag":[],"class_list":{"0":"post-166033","1":"product","2":"type-product","3":"status-publish","4":"has-post-thumbnail","6":"product_cat-furniture-system-milan-jarstol-meble","7":"product_cat-chests-of-drawers","8":"product_cat-jarstol","10":"first","11":"instock","12":"purchasable","13":"product-type-simple"},"_links":{"self":[{"href":"https:\/\/baldumarket.lt\/lt\/wp-json\/wp\/v2\/product\/166033","targetHints":{"allow":["GET"]}}],"collection":[{"href":"https:\/\/baldumarket.lt\/lt\/wp-json\/wp\/v2\/product"}],"about":[{"href":"https:\/\/baldumarket.lt\/lt\/wp-json\/wp\/v2\/types\/product"}],"replies":[{"embeddable":true,"href":"https:\/\/baldumarket.lt\/lt\/wp-json\/wp\/v2\/comments?post=166033"}],"wp:featuredmedia":[{"embeddable":true,"href":"https:\/\/baldumarket.lt\/lt\/wp-json\/wp\/v2\/media\/166034"}],"wp:attachment":[{"href":"https:\/\/baldumarket.lt\/lt\/wp-json\/wp\/v2\/media?parent=166033"}],"wp:term":[{"taxonomy":"product_brand","embeddable":true,"href":"https:\/\/baldumarket.lt\/lt\/wp-json\/wp\/v2\/product_brand?post=166033"},{"taxonomy":"product_cat","embeddable":true,"href":"https:\/\/baldumarket.lt\/lt\/wp-json\/wp\/v2\/product_cat?post=166033"},{"taxonomy":"product_tag","embeddable":true,"href":"https:\/\/baldumarket.lt\/lt\/wp-json\/wp\/v2\/product_tag?post=166033"}],"curies":[{"name":"wp","href":"https:\/\/api.w.org\/{rel}","templated":true}]}}