{"id":166025,"date":"2025-12-19T15:45:42","date_gmt":"2025-12-19T12:45:42","guid":{"rendered":"https:\/\/baldumarket.lt\/product\/mediolan-8-komoda-4d2s-hikora\/"},"modified":"2026-04-12T16:06:07","modified_gmt":"2026-04-12T13:06:07","slug":"mediolan-8-komoda-4d2s-hikora","status":"publish","type":"product","link":"https:\/\/baldumarket.lt\/lt\/product\/mediolan-8-komoda-4d2s-hikora\/","title":{"rendered":"MILAN-8 &#8211; 4D2S hikorijos komoda"},"content":{"rendered":"<p>Pasiruo\u0161kite unikaliai patir\u010diai su m\u016bs\u0173 komoda MEDIOLAN-8, kuri j\u016bs\u0173 interjerui suteiks ne tik modernaus stiliaus, bet ir i\u0161skirtinio funkcionalumo. \u0160i 177 cm plo\u010dio komoda, sukurta galvojant apie erdvum\u0105, neabejotinai pritrauks d\u0117mes\u012f eleganti\u0161ka hikorijos apdaila, kuri harmoningai dera prie bet kokio interjero. D\u0117l gra\u017eios i\u0161vaizdos komoda tampa ne tik prakti\u0161ku baldu, bet ir dekoratyviu akcentu j\u016bs\u0173 namuose. Komoda MEDIOLAN-8 yra gerai apgalvoto funkcionalumo pavyzdys. Apatin\u0117je spintel\u0117s dalyje yra dvi erdvios dviej\u0173 dureli\u0173 spintel\u0117s, kuriose yra daug daikt\u0173, o kiekvienoje yra lentyna, puikiai tinkanti erdvei organizuoti. Be to, du stal\u010diai su atidarymo spustel\u0117jus sistema suteikia patogi\u0105 prieig\u0105 prie kasdieni\u0173 daikt\u0173. \u0160velniai u\u017esidaran\u010dios durel\u0117s yra dar vienas privalumas, u\u017etikrinantis patog\u0173 \u0161io baldo naudojim\u0105 kasdien\u0117se situacijose. Komodos industrinis stilius puikiai dera su \u0161iuolaikin\u0117mis interjero dizaino tendencijomis. Juodos ranken\u0117l\u0117s ir dekoratyvin\u0117 juostel\u0117 aplink bald\u0105 pabr\u0117\u017eia jos elegancij\u0105 ir paver\u010dia j\u0105 bet kurio kambario traukos centru. Be funkcionalumo, \u0161is baldas yra ir esteti\u0161kai patrauklus pasirinkimas, kuris suteiks charakterio j\u016bs\u0173 svetainei, miegamajam ar paauglio kambariui.<\/p>","protected":false},"excerpt":{"rendered":"<p>Plotis (cm): 177,2<br \/>\n\u016agis (cm): 101<br \/>\nGylis (cm): 41<\/p>","protected":false},"featured_media":166026,"comment_status":"open","ping_status":"open","template":"","meta":[],"product_brand":[],"product_cat":[9512,1173,4108],"product_tag":[],"class_list":{"0":"post-166025","1":"product","2":"type-product","3":"status-publish","4":"has-post-thumbnail","6":"product_cat-furniture-system-milan-jarstol-meble","7":"product_cat-chests-of-drawers","8":"product_cat-jarstol","10":"first","11":"instock","12":"purchasable","13":"product-type-simple"},"_links":{"self":[{"href":"https:\/\/baldumarket.lt\/lt\/wp-json\/wp\/v2\/product\/166025","targetHints":{"allow":["GET"]}}],"collection":[{"href":"https:\/\/baldumarket.lt\/lt\/wp-json\/wp\/v2\/product"}],"about":[{"href":"https:\/\/baldumarket.lt\/lt\/wp-json\/wp\/v2\/types\/product"}],"replies":[{"embeddable":true,"href":"https:\/\/baldumarket.lt\/lt\/wp-json\/wp\/v2\/comments?post=166025"}],"wp:featuredmedia":[{"embeddable":true,"href":"https:\/\/baldumarket.lt\/lt\/wp-json\/wp\/v2\/media\/166026"}],"wp:attachment":[{"href":"https:\/\/baldumarket.lt\/lt\/wp-json\/wp\/v2\/media?parent=166025"}],"wp:term":[{"taxonomy":"product_brand","embeddable":true,"href":"https:\/\/baldumarket.lt\/lt\/wp-json\/wp\/v2\/product_brand?post=166025"},{"taxonomy":"product_cat","embeddable":true,"href":"https:\/\/baldumarket.lt\/lt\/wp-json\/wp\/v2\/product_cat?post=166025"},{"taxonomy":"product_tag","embeddable":true,"href":"https:\/\/baldumarket.lt\/lt\/wp-json\/wp\/v2\/product_tag?post=166025"}],"curies":[{"name":"wp","href":"https:\/\/api.w.org\/{rel}","templated":true}]}}