{"id":166018,"date":"2025-12-19T15:45:29","date_gmt":"2025-12-19T12:45:29","guid":{"rendered":"https:\/\/baldumarket.lt\/product\/mediolan-9-lozko-ze-stelazem-160x200-cm-hikora\/"},"modified":"2026-04-12T16:06:07","modified_gmt":"2026-04-12T13:06:07","slug":"mediolan-9-lozko-ze-stelazem-160x200-cm-hikora","status":"publish","type":"product","link":"https:\/\/baldumarket.lt\/lt\/product\/mediolan-9-lozko-ze-stelazem-160x200-cm-hikora\/","title":{"rendered":"MEDIOLAN-9 \u2013 Lova su r\u0117mu 160\u00d7200 cm, hikorio mediena"},"content":{"rendered":"<p>Atraskite \u201eJarstol\u201c lov\u0105 MEDIOLAN-9, kurioje dera modernus dizainas ir prakti\u0161kumas. Minimalistin\u0117 forma ir auk\u0161tas galv\u016bgalis paver\u010dia j\u0105 tikra bet kurio miegamojo puo\u0161mena. Hikorio apdaila traukia ak\u012f ir suteikia interjerui eleganti\u0161kumo, puikiai der\u0117dama prie \u012fvairi\u0173 i\u0161d\u0117stym\u0173. \u0160is baldas ne tik atlieka funkcin\u0119 funkcij\u0105, bet ir pabr\u0117\u017eia savininko skon\u012f. Lova MEDIOLAN-9 \u2013 tai sprendimas, sukurtas galvojant apie komfort\u0105. D\u0117l auk\u0161tai sumontuotos d\u0117\u017e\u0117s, kuri\u0105 galima lengvai pakelti naudojant dujines atramas, prieiga prie daikt\u0173 laikymo vietos tampa ne\u012ftik\u0117tinai lengva. Viduje galite laikyti visk\u0105, ko jums reikia, o j\u016bs\u0173 miegamasis i\u0161liks tvarkingas ir esteti\u0161kai patrauklus. Tai puikus b\u016bdas maksimaliai i\u0161naudoti turim\u0105 erdv\u0119, ypa\u010d ma\u017eesn\u0117se erdv\u0117se. \u012esp\u016bdingas ne tik jos funkcionalumas, bet ir pritaikymo galimyb\u0117s. Papildomai galima rinktis dekoratyvin\u0119 \u0105\u017euolo med\u017eio lent\u0105, kuri suteikia lovai unikal\u0173 charakter\u012f. Jos rai\u017eytas skal\u016bno ra\u0161tas patraukia ak\u012f, suteikdamas miegamajam meni\u0161kumo. LED ap\u0161vietimo galimyb\u0117 leid\u017eia sukurti magi\u0161k\u0105, \u0161ilt\u0105 ir jauki\u0105 atmosfer\u0105 interjere, puikiai tinkan\u010di\u0105 atsipalaiduoti po ilgos dienos.<\/p>","protected":false},"excerpt":{"rendered":"<p>Plotis (cm): 167,2<br \/>\n\u016agis (cm): 100<br \/>\nGylis (cm): 41<\/p>","protected":false},"featured_media":166019,"comment_status":"open","ping_status":"open","template":"","meta":[],"product_brand":[],"product_cat":[9511,505,1971,4108],"product_tag":[],"class_list":{"0":"post-166018","1":"product","2":"type-product","3":"status-publish","4":"has-post-thumbnail","6":"product_cat-furniture-system-mediolan-jarstol-meble","7":"product_cat-bedroom-beds","8":"product_cat-beds-160x200","9":"product_cat-jarstol","11":"first","12":"instock","13":"purchasable","14":"product-type-simple"},"_links":{"self":[{"href":"https:\/\/baldumarket.lt\/lt\/wp-json\/wp\/v2\/product\/166018","targetHints":{"allow":["GET"]}}],"collection":[{"href":"https:\/\/baldumarket.lt\/lt\/wp-json\/wp\/v2\/product"}],"about":[{"href":"https:\/\/baldumarket.lt\/lt\/wp-json\/wp\/v2\/types\/product"}],"replies":[{"embeddable":true,"href":"https:\/\/baldumarket.lt\/lt\/wp-json\/wp\/v2\/comments?post=166018"}],"wp:featuredmedia":[{"embeddable":true,"href":"https:\/\/baldumarket.lt\/lt\/wp-json\/wp\/v2\/media\/166019"}],"wp:attachment":[{"href":"https:\/\/baldumarket.lt\/lt\/wp-json\/wp\/v2\/media?parent=166018"}],"wp:term":[{"taxonomy":"product_brand","embeddable":true,"href":"https:\/\/baldumarket.lt\/lt\/wp-json\/wp\/v2\/product_brand?post=166018"},{"taxonomy":"product_cat","embeddable":true,"href":"https:\/\/baldumarket.lt\/lt\/wp-json\/wp\/v2\/product_cat?post=166018"},{"taxonomy":"product_tag","embeddable":true,"href":"https:\/\/baldumarket.lt\/lt\/wp-json\/wp\/v2\/product_tag?post=166018"}],"curies":[{"name":"wp","href":"https:\/\/api.w.org\/{rel}","templated":true}]}}