{"id":166013,"date":"2025-12-19T15:45:19","date_gmt":"2025-12-19T12:45:19","guid":{"rendered":"https:\/\/baldumarket.lt\/product\/mediolan-11-polka-wiszaca-hikora\/"},"modified":"2026-04-12T16:06:07","modified_gmt":"2026-04-12T13:06:07","slug":"mediolan-11-polka-wiszaca-hikora","status":"publish","type":"product","link":"https:\/\/baldumarket.lt\/lt\/product\/mediolan-11-polka-wiszaca-hikora\/","title":{"rendered":"MEDIOLAN-11 \u2013 Pakabinama lentyna i\u0161 hikorijos medienos"},"content":{"rendered":"<p>Atraskite elegancij\u0105 ir funkcionalum\u0105 su \u201eJarstol\u201c hikorijos sienine lentyna MEDIOLAN-11. \u0160i minimalistin\u0117 sienin\u0117 lentyna, kurios matmenys \u2013 120 cm plo\u010dio, 32 cm auk\u0161\u010dio ir 18 cm gylio, puikiai der\u0117s prie bet kokio interjero, suteikdama modernumo. Subtili forma ir neutrali spalva puikiai papildys tiek klasikin\u012f, tiek modern\u0173 stili\u0173. Pagaminta i\u0161 auk\u0161tos kokyb\u0117s laminuotos plok\u0161t\u0117s, lentyna yra ne tik esteti\u0161kai patrauklus dizaino elementas, bet ir prakti\u0161kas sprendimas, lengvai pritaikomas prie j\u016bs\u0173 gyvenimo b\u016bdo. D\u0117l universalaus dizaino j\u0105 galima naudoti knygoms laikyti, m\u0117gstamoms nuotraukoms eksponuoti ar dekoruoti dekoratyviniais elementais, kurie suteiks j\u016bs\u0173 interjerui asmeni\u0161kumo. Ji puikiai tinka vir\u0161 televizoriaus, koridoriuje ar net virtuv\u0117je, sukuriant harmonijos ir stiliaus kupin\u0105 erdv\u0119. \u201eMEDIOLAN-11\u201c lentyna yra kolekcijos dalis, tod\u0117l j\u0105 lengva derinti su kitais \u0161ios serijos baldais. D\u0117l \u0161viesios spalvos tiek hikorijos spalvos korpusas, tiek priekin\u0117 dalis suteiks bet kokiam kambariui nat\u016bralios \u0161ilumos ir jaukumu. Paprasta lentynos forma buvo sukurta atsi\u017evelgiant \u012f \u0161iuolaikines interjero dizaino tendencijas, kurios pabr\u0117\u017eia minimalizm\u0105 ir funkcionalum\u0105.<\/p>","protected":false},"excerpt":{"rendered":"<p>Plotis (cm): 120<br \/>\n\u016agis (cm): 32<br \/>\nGylis (cm): 207<\/p>","protected":false},"featured_media":166014,"comment_status":"open","ping_status":"open","template":"","meta":[],"product_brand":[],"product_cat":[9511,1174,4108],"product_tag":[],"class_list":{"0":"post-166013","1":"product","2":"type-product","3":"status-publish","4":"has-post-thumbnail","6":"product_cat-furniture-system-mediolan-jarstol-meble","7":"product_cat-hanging-shelves","8":"product_cat-jarstol","10":"first","11":"instock","12":"purchasable","13":"product-type-simple"},"_links":{"self":[{"href":"https:\/\/baldumarket.lt\/lt\/wp-json\/wp\/v2\/product\/166013","targetHints":{"allow":["GET"]}}],"collection":[{"href":"https:\/\/baldumarket.lt\/lt\/wp-json\/wp\/v2\/product"}],"about":[{"href":"https:\/\/baldumarket.lt\/lt\/wp-json\/wp\/v2\/types\/product"}],"replies":[{"embeddable":true,"href":"https:\/\/baldumarket.lt\/lt\/wp-json\/wp\/v2\/comments?post=166013"}],"wp:featuredmedia":[{"embeddable":true,"href":"https:\/\/baldumarket.lt\/lt\/wp-json\/wp\/v2\/media\/166014"}],"wp:attachment":[{"href":"https:\/\/baldumarket.lt\/lt\/wp-json\/wp\/v2\/media?parent=166013"}],"wp:term":[{"taxonomy":"product_brand","embeddable":true,"href":"https:\/\/baldumarket.lt\/lt\/wp-json\/wp\/v2\/product_brand?post=166013"},{"taxonomy":"product_cat","embeddable":true,"href":"https:\/\/baldumarket.lt\/lt\/wp-json\/wp\/v2\/product_cat?post=166013"},{"taxonomy":"product_tag","embeddable":true,"href":"https:\/\/baldumarket.lt\/lt\/wp-json\/wp\/v2\/product_tag?post=166013"}],"curies":[{"name":"wp","href":"https:\/\/api.w.org\/{rel}","templated":true}]}}