{"id":166005,"date":"2025-12-19T15:45:02","date_gmt":"2025-12-19T12:45:02","guid":{"rendered":"https:\/\/baldumarket.lt\/product\/mediolan-12-komoda-rtv-2d1s-hikora\/"},"modified":"2026-04-12T16:06:07","modified_gmt":"2026-04-12T13:06:07","slug":"mediolan-12-komoda-rtv-2d1s-hikora","status":"publish","type":"product","link":"https:\/\/baldumarket.lt\/lt\/product\/mediolan-12-komoda-rtv-2d1s-hikora\/","title":{"rendered":"MEDIOLAN-12 \u2013 TV komoda su stal\u010diais 2D1S Hickory mediena"},"content":{"rendered":"<p>MEDIOLAN-12 televizoriaus spintel\u0117 \u2013 lofto stiliaus dizainas \u017eavi paprasta forma ir nat\u016bralia hikorijos spalva, tod\u0117l puikiai tinka \u012fvairiems interjerams ir suteikia unikalumo. Dvi erdvios \u0161onin\u0117s spintel\u0117s MEDIOLAN-12 spintel\u0117 pasi\u017eymi ne tik estetika, bet ir prakti\u0161kumu. Gilus stal\u010dius ant tvirt\u0173 b\u0117geli\u0173 leid\u017eia lengvai susid\u0117ti visus b\u016btiniausius daiktus, o atvira lentyna suteikia vietos elektronikai, pavyzd\u017eiui, pried\u0117liui ar konsolei. \u0160is sprendimas ne tik sutvarko erdv\u0119, bet ir yra eleganti\u0161kas akcentas j\u016bs\u0173 svetain\u0117je. \u012esivaizduokite jaukius vakarus, praleistus svetain\u0117je su artimaisiais, kai televizorius kabo ant sienos, o po juo \u2013 m\u016bs\u0173 stilinga spintel\u0117. Tinkamai i\u0161d\u0117styta MEDIOLAN-12 spintel\u0117 pakels bet koki\u0105 film\u0173 ar \u017eaidim\u0173 patirt\u012f \u012f auk\u0161tesn\u012f lyg\u012f, jei j\u0105 sukursite su papildomomis parinktimis, tokiomis kaip auk\u0161tos juodos kojel\u0117s ir dekoratyvinis LED ap\u0161vietimas stal\u010diuje. Galite susikurti savo unikali\u0105 erdv\u0119 poilsiui ir pramogoms.<\/p>","protected":false},"excerpt":{"rendered":"<p>Plotis (cm): 139<br \/>\n\u016agis (cm): 47,5<br \/>\nGylis (cm): 18<\/p>","protected":false},"featured_media":166006,"comment_status":"open","ping_status":"open","template":"","meta":[],"product_brand":[],"product_cat":[9511,4108,1175],"product_tag":[],"class_list":{"0":"post-166005","1":"product","2":"type-product","3":"status-publish","4":"has-post-thumbnail","6":"product_cat-furniture-system-mediolan-jarstol-meble","7":"product_cat-jarstol","8":"product_cat-tv-stands","10":"first","11":"instock","12":"purchasable","13":"product-type-simple"},"_links":{"self":[{"href":"https:\/\/baldumarket.lt\/lt\/wp-json\/wp\/v2\/product\/166005","targetHints":{"allow":["GET"]}}],"collection":[{"href":"https:\/\/baldumarket.lt\/lt\/wp-json\/wp\/v2\/product"}],"about":[{"href":"https:\/\/baldumarket.lt\/lt\/wp-json\/wp\/v2\/types\/product"}],"replies":[{"embeddable":true,"href":"https:\/\/baldumarket.lt\/lt\/wp-json\/wp\/v2\/comments?post=166005"}],"wp:featuredmedia":[{"embeddable":true,"href":"https:\/\/baldumarket.lt\/lt\/wp-json\/wp\/v2\/media\/166006"}],"wp:attachment":[{"href":"https:\/\/baldumarket.lt\/lt\/wp-json\/wp\/v2\/media?parent=166005"}],"wp:term":[{"taxonomy":"product_brand","embeddable":true,"href":"https:\/\/baldumarket.lt\/lt\/wp-json\/wp\/v2\/product_brand?post=166005"},{"taxonomy":"product_cat","embeddable":true,"href":"https:\/\/baldumarket.lt\/lt\/wp-json\/wp\/v2\/product_cat?post=166005"},{"taxonomy":"product_tag","embeddable":true,"href":"https:\/\/baldumarket.lt\/lt\/wp-json\/wp\/v2\/product_tag?post=166005"}],"curies":[{"name":"wp","href":"https:\/\/api.w.org\/{rel}","templated":true}]}}