{"id":165997,"date":"2025-12-19T15:44:45","date_gmt":"2025-12-19T12:44:45","guid":{"rendered":"https:\/\/baldumarket.lt\/product\/mediolan-13-komoda-rtv-2d1s-hikora\/"},"modified":"2026-04-12T16:06:07","modified_gmt":"2026-04-12T13:06:07","slug":"mediolan-13-komoda-rtv-2d1s-hikora","status":"publish","type":"product","link":"https:\/\/baldumarket.lt\/lt\/product\/mediolan-13-komoda-rtv-2d1s-hikora\/","title":{"rendered":"MILAN-13 \u2013 TV komoda su stal\u010diais 2D1S Hickory mediena"},"content":{"rendered":"<p>Atraskite MEDIOLAN-13 televizoriaus staliuk\u0105 \u2013 svarb\u0173 j\u016bs\u0173 svetain\u0117s element\u0105. 181 cm plo\u010dio, jame lengvai tilps visi svarbiausi multimedijos \u012frenginiai ir interjeras taps modernus. Hikorio spalva puikiai tinka tiems, kurie nori savo namuose sukurti jauki\u0105, nat\u016brali\u0105 atmosfer\u0105, o tamsios ranken\u0117l\u0117s ir akcentai sukuria unikali\u0105 harmonij\u0105. \u0160is staliukas patraukia d\u0117mes\u012f ne tik d\u0117l estetikos, bet ir d\u0117l funkcionalumo. \u012erengtas \u0161onin\u0117mis spintel\u0117mis su lentynomis, jis palengvina vis\u0173 j\u016bs\u0173 pried\u0173 organizavim\u0105, u\u017etikrina tvark\u0105 ir prieinamum\u0105. Be to, tokios efektyvios funkcijos kaip \u0161velniai u\u017esidaran\u010dios durel\u0117s ir stal\u010dius, kur\u012f galima atidaryti paspaudus, paver\u010dia spintel\u0117s naudojim\u0105 kasdieniu malonumu. Tai puikus pasirinkimas tiems, kurie vertina komfort\u0105 ir modernius sprendimus. \u0160is stilingas televizoriaus staliukas ne tik papildo interjer\u0105, bet ir tampa \u0161eimos gyvenimo traukos centru. D\u0117l savo universalaus dizaino jis dera prie \u012fvairi\u0173 interjer\u0173 \u2013 nuo modernaus iki industrinio. Kartu su tamsiais aksesuarais jis sukurs eleganti\u0161k\u0105 erdv\u0119, kuri paskatins kino vakarus ir \u0161eimos susib\u016brimus.<\/p>","protected":false},"excerpt":{"rendered":"<p>Plotis (cm): 181<br \/>\n\u016agis (cm): 47,5<br \/>\nGylis (cm): 41<\/p>","protected":false},"featured_media":165998,"comment_status":"open","ping_status":"open","template":"","meta":[],"product_brand":[],"product_cat":[9512,4108,1175],"product_tag":[],"class_list":{"0":"post-165997","1":"product","2":"type-product","3":"status-publish","4":"has-post-thumbnail","6":"product_cat-furniture-system-milan-jarstol-meble","7":"product_cat-jarstol","8":"product_cat-tv-stands","10":"first","11":"instock","12":"purchasable","13":"product-type-simple"},"_links":{"self":[{"href":"https:\/\/baldumarket.lt\/lt\/wp-json\/wp\/v2\/product\/165997","targetHints":{"allow":["GET"]}}],"collection":[{"href":"https:\/\/baldumarket.lt\/lt\/wp-json\/wp\/v2\/product"}],"about":[{"href":"https:\/\/baldumarket.lt\/lt\/wp-json\/wp\/v2\/types\/product"}],"replies":[{"embeddable":true,"href":"https:\/\/baldumarket.lt\/lt\/wp-json\/wp\/v2\/comments?post=165997"}],"wp:featuredmedia":[{"embeddable":true,"href":"https:\/\/baldumarket.lt\/lt\/wp-json\/wp\/v2\/media\/165998"}],"wp:attachment":[{"href":"https:\/\/baldumarket.lt\/lt\/wp-json\/wp\/v2\/media?parent=165997"}],"wp:term":[{"taxonomy":"product_brand","embeddable":true,"href":"https:\/\/baldumarket.lt\/lt\/wp-json\/wp\/v2\/product_brand?post=165997"},{"taxonomy":"product_cat","embeddable":true,"href":"https:\/\/baldumarket.lt\/lt\/wp-json\/wp\/v2\/product_cat?post=165997"},{"taxonomy":"product_tag","embeddable":true,"href":"https:\/\/baldumarket.lt\/lt\/wp-json\/wp\/v2\/product_tag?post=165997"}],"curies":[{"name":"wp","href":"https:\/\/api.w.org\/{rel}","templated":true}]}}