{"id":165981,"date":"2025-12-19T15:44:12","date_gmt":"2025-12-19T12:44:12","guid":{"rendered":"https:\/\/baldumarket.lt\/product\/mediolan-15-komoda-narozna-3d2s-hikora\/"},"modified":"2026-04-12T16:05:59","modified_gmt":"2026-04-12T13:05:59","slug":"mediolan-15-komoda-narozna-3d2s-hikora","status":"publish","type":"product","link":"https:\/\/baldumarket.lt\/lt\/product\/mediolan-15-komoda-narozna-3d2s-hikora\/","title":{"rendered":"MILAN-15 \u2013 Kampin\u0117 komoda su stal\u010diais 3D2S hikorio mediena"},"content":{"rendered":"<p>Kampin\u0117 komoda MEDIOLAN-15 \u2013 \u0161is baldas puikiai der\u0117s prie \u012fvairi\u0173 interjer\u0173, suteikdamas jiems jauki\u0105 atmosfer\u0105. I\u0161skirtiniai juodi akcentai pabr\u0117\u017eia modern\u0173 dizain\u0105, tod\u0117l komoda yra ne tik daikt\u0173 laikymo vieta, bet ir stilingas bet kurios erdv\u0117s papildymas. Milano kampin\u0117 komoda buvo sukurta atsi\u017evelgiant \u012f maksimal\u0173 erdv\u0117s i\u0161naudojim\u0105. D\u0117l savo talpos ji suteikia daug vietos j\u016bs\u0173 daiktams susitvarkyti, nesvarbu, ar tai b\u016bt\u0173 svetain\u0117, valgomasis, ar darbo kambarys. Du stal\u010diai ir trys spintel\u0117s u\u017etikrina lengv\u0105 prieig\u0105 prie b\u016btiniausi\u0173 daikt\u0173, o j\u0173 viduje tikrai tilps visi smulk\u016bs daiktai, kuriuos norite tvarkingai laikyti. Taip pat verta pamin\u0117ti pritaikymo galimybes. Pagal individual\u0173 skon\u012f galite prid\u0117ti LED ap\u0161vietim\u0105, kuris suteiks j\u016bs\u0173 interjerui unikali\u0105 atmosfer\u0105. Taip pat galite pasirinkti juodas kojeles, kurios harmoningai papildys bendr\u0105 dizain\u0105 ir suteiks komodai modernumo. Originali\u0173 sprendim\u0173 m\u0117g\u0117jams taip pat galima \u012fsigyti eleganti\u0161k\u0105 stal\u010diaus priekin\u0119 dal\u012f dekoratyvin\u0117s lentos pavidalu.<\/p>","protected":false},"excerpt":{"rendered":"<p>Plotis (cm): 127,5<br \/>\n\u016agis (cm): 101<br \/>\nGylis (cm): 102,5<\/p>","protected":false},"featured_media":165982,"comment_status":"open","ping_status":"open","template":"","meta":[],"product_brand":[],"product_cat":[9512,1173,4108],"product_tag":[],"class_list":{"0":"post-165981","1":"product","2":"type-product","3":"status-publish","4":"has-post-thumbnail","6":"product_cat-furniture-system-milan-jarstol-meble","7":"product_cat-chests-of-drawers","8":"product_cat-jarstol","10":"first","11":"instock","12":"purchasable","13":"product-type-simple"},"_links":{"self":[{"href":"https:\/\/baldumarket.lt\/lt\/wp-json\/wp\/v2\/product\/165981","targetHints":{"allow":["GET"]}}],"collection":[{"href":"https:\/\/baldumarket.lt\/lt\/wp-json\/wp\/v2\/product"}],"about":[{"href":"https:\/\/baldumarket.lt\/lt\/wp-json\/wp\/v2\/types\/product"}],"replies":[{"embeddable":true,"href":"https:\/\/baldumarket.lt\/lt\/wp-json\/wp\/v2\/comments?post=165981"}],"wp:featuredmedia":[{"embeddable":true,"href":"https:\/\/baldumarket.lt\/lt\/wp-json\/wp\/v2\/media\/165982"}],"wp:attachment":[{"href":"https:\/\/baldumarket.lt\/lt\/wp-json\/wp\/v2\/media?parent=165981"}],"wp:term":[{"taxonomy":"product_brand","embeddable":true,"href":"https:\/\/baldumarket.lt\/lt\/wp-json\/wp\/v2\/product_brand?post=165981"},{"taxonomy":"product_cat","embeddable":true,"href":"https:\/\/baldumarket.lt\/lt\/wp-json\/wp\/v2\/product_cat?post=165981"},{"taxonomy":"product_tag","embeddable":true,"href":"https:\/\/baldumarket.lt\/lt\/wp-json\/wp\/v2\/product_tag?post=165981"}],"curies":[{"name":"wp","href":"https:\/\/api.w.org\/{rel}","templated":true}]}}