{"id":165974,"date":"2025-12-19T15:43:57","date_gmt":"2025-12-19T12:43:57","guid":{"rendered":"https:\/\/baldumarket.lt\/product\/mediolan-16-szafka-nocna-1d-hikora\/"},"modified":"2026-04-12T16:05:59","modified_gmt":"2026-04-12T13:05:59","slug":"mediolan-16-szafka-nocna-1d-hikora","status":"publish","type":"product","link":"https:\/\/baldumarket.lt\/lt\/product\/mediolan-16-szafka-nocna-1d-hikora\/","title":{"rendered":"MEDIOLAN-16 \u2013 1D hikorijos naktin\u0117 spintel\u0117"},"content":{"rendered":"<p>Jaukus ir funkcionalus interjeras reikalauja tinkamo u\u017ebaigimo, o \u201eJarstol\u201c \u201eMediolan-16\u201c naktinis staliukas puikiai papildys bet kur\u012f miegam\u0105j\u012f. Modernus hikorijos dizainas kartu su eleganti\u0161komis juodomis ranken\u0117l\u0117mis sukuria harmoning\u0105 kontrast\u0105, kuris suteiks j\u016bs\u0173 kambariui charakterio. D\u0117l plono 40 cm plo\u010dio \u0161is naktinis staliukas puikiai tiks net ir ma\u017eose erdv\u0117se, i\u0161laikydamas kasdieniam naudojimui b\u016btin\u0105 funkcionalum\u0105. \u201eMediolan-16\u201c naktinis staliukas ne tik \u017eavi savo i\u0161vaizda, bet ir atlieka savo, kaip prakti\u0161ko baldo, paskirt\u012f. Ant jo lengvai telpa knygos, naktinio stalelio lempa ir kiti smulk\u016bs daiktai, kuri\u0173 visada reikia po ranka. Tyli, \u0161velniai u\u017esidaranti vyri\u0173 grup\u0117 u\u017etikrina kiekvieno i\u0161 \u0161i\u0173 daikt\u0173 saugum\u0105, tod\u0117l gal\u0117site m\u0117gautis ramiu nakties miegu, nesijaudindami d\u0117l stal\u010di\u0173 keliamo triuk\u0161mo. Verta pamin\u0117ti, kad naktinis staliukas pagamintas i\u0161 auk\u0161tos kokyb\u0117s laminuotos plok\u0161t\u0117s, u\u017etikrinan\u010dios ne tik estetin\u0119 i\u0161vaizd\u0105, bet ir patvarum\u0105, kuris atlaikys kasdienio naudojimo reikalavimus. D\u0117l neutrali\u0173 spalv\u0173 jis puikiai der\u0117s tiek prie modernaus, tiek prie tradici\u0161kesnio i\u0161d\u0117stymo, tapdamas universaliu j\u016bs\u0173 interjero papildymu.<\/p>","protected":false},"excerpt":{"rendered":"<p>Plotis (cm): 40<br \/>\n\u016agis (cm): 41<br \/>\nGylis (cm): 41<\/p>","protected":false},"featured_media":165975,"comment_status":"open","ping_status":"open","template":"","meta":[],"product_brand":[],"product_cat":[9511,1176,4108],"product_tag":[],"class_list":{"0":"post-165974","1":"product","2":"type-product","3":"status-publish","4":"has-post-thumbnail","6":"product_cat-furniture-system-mediolan-jarstol-meble","7":"product_cat-bedside-tables","8":"product_cat-jarstol","10":"first","11":"instock","12":"purchasable","13":"product-type-simple"},"_links":{"self":[{"href":"https:\/\/baldumarket.lt\/lt\/wp-json\/wp\/v2\/product\/165974","targetHints":{"allow":["GET"]}}],"collection":[{"href":"https:\/\/baldumarket.lt\/lt\/wp-json\/wp\/v2\/product"}],"about":[{"href":"https:\/\/baldumarket.lt\/lt\/wp-json\/wp\/v2\/types\/product"}],"replies":[{"embeddable":true,"href":"https:\/\/baldumarket.lt\/lt\/wp-json\/wp\/v2\/comments?post=165974"}],"wp:featuredmedia":[{"embeddable":true,"href":"https:\/\/baldumarket.lt\/lt\/wp-json\/wp\/v2\/media\/165975"}],"wp:attachment":[{"href":"https:\/\/baldumarket.lt\/lt\/wp-json\/wp\/v2\/media?parent=165974"}],"wp:term":[{"taxonomy":"product_brand","embeddable":true,"href":"https:\/\/baldumarket.lt\/lt\/wp-json\/wp\/v2\/product_brand?post=165974"},{"taxonomy":"product_cat","embeddable":true,"href":"https:\/\/baldumarket.lt\/lt\/wp-json\/wp\/v2\/product_cat?post=165974"},{"taxonomy":"product_tag","embeddable":true,"href":"https:\/\/baldumarket.lt\/lt\/wp-json\/wp\/v2\/product_tag?post=165974"}],"curies":[{"name":"wp","href":"https:\/\/api.w.org\/{rel}","templated":true}]}}