{"id":165968,"date":"2025-12-19T15:43:44","date_gmt":"2025-12-19T12:43:44","guid":{"rendered":"https:\/\/baldumarket.lt\/product\/mediolan-17-stolik-kawowy-hikora\/"},"modified":"2026-04-12T16:05:59","modified_gmt":"2026-04-12T13:05:59","slug":"mediolan-17-stolik-kawowy-hikora","status":"publish","type":"product","link":"https:\/\/baldumarket.lt\/lt\/product\/mediolan-17-stolik-kawowy-hikora\/","title":{"rendered":"MEDIOLAN-17 \u2013 Hikorijos kavos staliukas"},"content":{"rendered":"<p>Pristatome \u201eJarstol\u201c kavos staliuk\u0105 \u201eMediolan-17\u201c \u2013 unikal\u0173 bald\u0105, kuris bet kokiam interjerui suteiks charakterio ir stiliaus. Minimalistin\u0117 forma ir eleganti\u0161ka nat\u016brali hikorijos spalva leis jam puikiai der\u0117ti tiek moderniame, tiek klasikiniame interjere. Rafinuotas dizainas ne tik patraukl\u0173 staliuk\u0105, bet ir prakti\u0161k\u0105 kasdien\u012f aksesuar\u0105. \u201eMediolan-17\u201c kavos staliukas \u2013 puikus sprendimas tiems, kurie vertina funkcionalum\u0105 ir estetik\u0105. Optimal\u016bs matmenys \u2013 65 cm plo\u010dio, 57 cm auk\u0161\u010dio ir 65 cm gylio \u2013 suteikia puik\u0173 pavir\u0161i\u0173 kavai, u\u017ekand\u017eiams patiekti ar m\u0117gstamoms knygoms laikyti. Be to, atskira lentyna \u017eurnalams ir kitiems smulkiems daiktams pad\u0117s palaikyti tvark\u0105 ir suteiks j\u016bs\u0173 svetainei stiliaus. D\u0117l kruop\u0161taus gamybos proceso i\u0161 laminuotos plok\u0161t\u0117s \u201eMediolan-17\u201c kavos staliukas yra ne tik esteti\u0161kai patrauklus, bet ir patvarus bei lengvai pri\u017ei\u016brimas. Lengva konstrukcija leid\u017eia j\u012f lengvai perkelti ir pritaikyti \u012fvairiems kambari\u0173 i\u0161planavimams, tod\u0117l tai idealus sprendimas ma\u017eoms erdv\u0117ms. Tai baldas, kur\u012f galima lengvai derinti su kitais baldais, sukuriant darni\u0105 ir harmoning\u0105 erdv\u0119.<\/p>","protected":false},"excerpt":{"rendered":"<p>Plotis (cm): 65<br \/>\n\u016agis (cm): 57<br \/>\nGylis (cm): 41<\/p>","protected":false},"featured_media":165969,"comment_status":"open","ping_status":"open","template":"","meta":[],"product_brand":[],"product_cat":[9511,866,4108],"product_tag":[],"class_list":{"0":"post-165968","1":"product","2":"type-product","3":"status-publish","4":"has-post-thumbnail","6":"product_cat-furniture-system-mediolan-jarstol-meble","7":"product_cat-coffee-tables","8":"product_cat-jarstol","10":"first","11":"instock","12":"purchasable","13":"product-type-simple"},"_links":{"self":[{"href":"https:\/\/baldumarket.lt\/lt\/wp-json\/wp\/v2\/product\/165968","targetHints":{"allow":["GET"]}}],"collection":[{"href":"https:\/\/baldumarket.lt\/lt\/wp-json\/wp\/v2\/product"}],"about":[{"href":"https:\/\/baldumarket.lt\/lt\/wp-json\/wp\/v2\/types\/product"}],"replies":[{"embeddable":true,"href":"https:\/\/baldumarket.lt\/lt\/wp-json\/wp\/v2\/comments?post=165968"}],"wp:featuredmedia":[{"embeddable":true,"href":"https:\/\/baldumarket.lt\/lt\/wp-json\/wp\/v2\/media\/165969"}],"wp:attachment":[{"href":"https:\/\/baldumarket.lt\/lt\/wp-json\/wp\/v2\/media?parent=165968"}],"wp:term":[{"taxonomy":"product_brand","embeddable":true,"href":"https:\/\/baldumarket.lt\/lt\/wp-json\/wp\/v2\/product_brand?post=165968"},{"taxonomy":"product_cat","embeddable":true,"href":"https:\/\/baldumarket.lt\/lt\/wp-json\/wp\/v2\/product_cat?post=165968"},{"taxonomy":"product_tag","embeddable":true,"href":"https:\/\/baldumarket.lt\/lt\/wp-json\/wp\/v2\/product_tag?post=165968"}],"curies":[{"name":"wp","href":"https:\/\/api.w.org\/{rel}","templated":true}]}}