{"id":165962,"date":"2025-12-19T15:43:31","date_gmt":"2025-12-19T12:43:31","guid":{"rendered":"https:\/\/baldumarket.lt\/product\/mediolan-18-stolik-kawowy-lawa-hikora\/"},"modified":"2026-04-12T16:05:59","modified_gmt":"2026-04-12T13:05:59","slug":"mediolan-18-stolik-kawowy-lawa-hikora","status":"publish","type":"product","link":"https:\/\/baldumarket.lt\/lt\/product\/mediolan-18-stolik-kawowy-lawa-hikora\/","title":{"rendered":"MEDIOLAN-18 \u2013 Hikorijos kavos staliukas"},"content":{"rendered":"<p>\u201eJarstol\u201c kavos staliukas \u201eMEDIOLAN-18\u201c puikiai papildys bet kur\u012f modern\u0173 svetain\u0117s kambar\u012f. D\u0117l eleganti\u0161ko ir minimalistinio dizaino \u0161is kavos staliukas puikiai dera su naujausiomis interjero dizaino tendencijomis, derindamas estetik\u0105 su funkcionalumu. Jo konstrukcija i\u0161 auk\u0161tos kokyb\u0117s laminuotos plok\u0161t\u0117s, \u0161ilto hikorijos atspalvio, daro j\u012f ne tik stiling\u0105, bet ir ne\u012ftik\u0117tinai patvar\u0173, tod\u0117l tai puikus pasirinkimas kasdieniam naudojimui. 120 cm plo\u010dio ir 65 cm gylio \u201eMEDIOLAN-18\u201c kavos staliukas lengvai sutalpins visus j\u016bs\u0173 reikmenis. Nesvarbu, ar norite pad\u0117ti puodel\u012f aromatingos kavos, ar m\u0117gstam\u0105 knyg\u0105, ant eleganti\u0161ko stalvir\u0161io rasite daug vietos. Be to, apatin\u0117 lentyna si\u016blo prakti\u0161k\u0105 daikt\u0173 laikymo viet\u0105 \u2013 puikiai tinka \u017eurnalams, ra\u0161ikliams ar kitiems smulkiems daiktams, kuriuos norite laikyti po ranka. \u0160viesi stalvir\u0161io ir koj\u0173 spalva, hikorijos atspalvio, leid\u017eia stalui puikiai der\u0117ti prie \u012fvairi\u0173 interjero stili\u0173 \u2013 nuo skandinavi\u0161ko iki industrinio ir modernaus. D\u0117l savo universalumo jis lengvai integruojamas tiek \u012f didelius, tiek \u012f ma\u017eesnius kambarius. \u0160is baldas gali pagyvinti bet kok\u012f interjer\u0105, suteikdamas \u0161ilumos ir jaukumo.<\/p>","protected":false},"excerpt":{"rendered":"<p>Plotis (cm): 120<br \/>\n\u016agis (cm): 57<br \/>\nGylis (cm): 65<\/p>","protected":false},"featured_media":165963,"comment_status":"open","ping_status":"open","template":"","meta":[],"product_brand":[],"product_cat":[9511,866,4108],"product_tag":[],"class_list":{"0":"post-165962","1":"product","2":"type-product","3":"status-publish","4":"has-post-thumbnail","6":"product_cat-furniture-system-mediolan-jarstol-meble","7":"product_cat-coffee-tables","8":"product_cat-jarstol","10":"first","11":"instock","12":"purchasable","13":"product-type-simple"},"_links":{"self":[{"href":"https:\/\/baldumarket.lt\/lt\/wp-json\/wp\/v2\/product\/165962","targetHints":{"allow":["GET"]}}],"collection":[{"href":"https:\/\/baldumarket.lt\/lt\/wp-json\/wp\/v2\/product"}],"about":[{"href":"https:\/\/baldumarket.lt\/lt\/wp-json\/wp\/v2\/types\/product"}],"replies":[{"embeddable":true,"href":"https:\/\/baldumarket.lt\/lt\/wp-json\/wp\/v2\/comments?post=165962"}],"wp:featuredmedia":[{"embeddable":true,"href":"https:\/\/baldumarket.lt\/lt\/wp-json\/wp\/v2\/media\/165963"}],"wp:attachment":[{"href":"https:\/\/baldumarket.lt\/lt\/wp-json\/wp\/v2\/media?parent=165962"}],"wp:term":[{"taxonomy":"product_brand","embeddable":true,"href":"https:\/\/baldumarket.lt\/lt\/wp-json\/wp\/v2\/product_brand?post=165962"},{"taxonomy":"product_cat","embeddable":true,"href":"https:\/\/baldumarket.lt\/lt\/wp-json\/wp\/v2\/product_cat?post=165962"},{"taxonomy":"product_tag","embeddable":true,"href":"https:\/\/baldumarket.lt\/lt\/wp-json\/wp\/v2\/product_tag?post=165962"}],"curies":[{"name":"wp","href":"https:\/\/api.w.org\/{rel}","templated":true}]}}