{"id":165957,"date":"2025-12-19T15:43:20","date_gmt":"2025-12-19T12:43:20","guid":{"rendered":"https:\/\/baldumarket.lt\/product\/mediolan-19-szafa-2d2s-drzwi-przesuwne-hikora\/"},"modified":"2026-04-12T16:05:59","modified_gmt":"2026-04-12T13:05:59","slug":"mediolan-19-szafa-2d2s-drzwi-przesuwne-hikora","status":"publish","type":"product","link":"https:\/\/baldumarket.lt\/lt\/product\/mediolan-19-szafa-2d2s-drzwi-przesuwne-hikora\/","title":{"rendered":"MEDIOLAN-19 \u2013 Drabu\u017ein\u0117 2D2S Stumdomos durys Hikorio mediena"},"content":{"rendered":"<p>Atraskite elegancij\u0105 ir funkcionalum\u0105 viename \u2013 spinta MEDIOLAN-19 taps puikiu j\u016bs\u0173 interjero papildymu. D\u0117l modernaus \u201eEgger\u201c hikorio spalvos dizaino ji suteiks j\u016bs\u0173 erdvei ne tik stiliaus, bet ir prakti\u0161kumo. \u0160ilti r\u0117mo atspalviai kartu su minimalistiniais juodais akcentais leid\u017eia \u0161iai spintai dera prie dabartini\u0173 interjero dizaino tendencij\u0173, \u012fskaitant i\u0161skirtin\u012f lofto stili\u0173. Stumdomos durys yra novatori\u0161kas sprendimas, palengvinantis prieig\u0105 prie drabu\u017ei\u0173 neu\u017eimant vertingos vietos. Vos atidar\u0119 \u0161i\u0105 erdvi\u0105 spint\u0105, rasite puiki\u0105 organizacij\u0105. Spintoje yra skersinis, ant kurio galite lengvai pakabinti sukneles, mar\u0161kinius ar paltus, taip pat du erdv\u016bs stal\u010diai, kurie atsidaro vienu prisilietimu, suteikdami kasdieniam naudojimui modernumo. Spintoje MEDIOLAN-19 rasite daug erdvi\u0173 lentyn\u0173, leid\u017eian\u010di\u0173 lengvai ir esteti\u0161kai sutvarkyti sulankstytus drabu\u017eius, krep\u0161ius ar aksesuarus. D\u0117l \u0161i\u0173 prakti\u0161k\u0173 sprendim\u0173 organizavimas tampa malonumu, o j\u016bs\u0173 drabu\u017eiai visada bus lengvai pasiekiami. \u0160i spinta yra ne tik eleganti\u0161ka, bet ir ne\u012ftik\u0117tinai prakti\u0161ka, puikiai tinkanti bet kuriam miegamajam, prie\u0161kambariui ar net paauglio kambariui.<\/p>","protected":false},"excerpt":{"rendered":"<p>Plotis (cm): 177,2<br \/>\n\u016agis (cm): 221<br \/>\nGylis (cm): 65<\/p>","protected":false},"featured_media":165958,"comment_status":"open","ping_status":"open","template":"","meta":[],"product_brand":[],"product_cat":[9511,4108,1177],"product_tag":[],"class_list":{"0":"post-165957","1":"product","2":"type-product","3":"status-publish","4":"has-post-thumbnail","6":"product_cat-furniture-system-mediolan-jarstol-meble","7":"product_cat-jarstol","8":"product_cat-wardrobes","10":"first","11":"instock","12":"purchasable","13":"product-type-simple"},"_links":{"self":[{"href":"https:\/\/baldumarket.lt\/lt\/wp-json\/wp\/v2\/product\/165957","targetHints":{"allow":["GET"]}}],"collection":[{"href":"https:\/\/baldumarket.lt\/lt\/wp-json\/wp\/v2\/product"}],"about":[{"href":"https:\/\/baldumarket.lt\/lt\/wp-json\/wp\/v2\/types\/product"}],"replies":[{"embeddable":true,"href":"https:\/\/baldumarket.lt\/lt\/wp-json\/wp\/v2\/comments?post=165957"}],"wp:featuredmedia":[{"embeddable":true,"href":"https:\/\/baldumarket.lt\/lt\/wp-json\/wp\/v2\/media\/165958"}],"wp:attachment":[{"href":"https:\/\/baldumarket.lt\/lt\/wp-json\/wp\/v2\/media?parent=165957"}],"wp:term":[{"taxonomy":"product_brand","embeddable":true,"href":"https:\/\/baldumarket.lt\/lt\/wp-json\/wp\/v2\/product_brand?post=165957"},{"taxonomy":"product_cat","embeddable":true,"href":"https:\/\/baldumarket.lt\/lt\/wp-json\/wp\/v2\/product_cat?post=165957"},{"taxonomy":"product_tag","embeddable":true,"href":"https:\/\/baldumarket.lt\/lt\/wp-json\/wp\/v2\/product_tag?post=165957"}],"curies":[{"name":"wp","href":"https:\/\/api.w.org\/{rel}","templated":true}]}}