{"id":165950,"date":"2025-12-19T15:43:04","date_gmt":"2025-12-19T12:43:04","guid":{"rendered":"https:\/\/baldumarket.lt\/product\/natural-1-szafa-2-drzwiowa-ribbeck\/"},"modified":"2026-04-12T16:05:59","modified_gmt":"2026-04-12T13:05:59","slug":"natural-1-szafa-2-drzwiowa-ribbeck","status":"publish","type":"product","link":"https:\/\/baldumarket.lt\/lt\/product\/natural-1-szafa-2-drzwiowa-ribbeck\/","title":{"rendered":"NATURAL-1 \u2013 Ribbeck dviej\u0173 dur\u0173 spinta"},"content":{"rendered":"<p>Dviej\u0173 dur\u0173 \u201eNatural-1 Ribbeck\u201c spinta \u2013 tai tobulas elegancijos ir funkcionalumo derinys, kuris pakeis j\u016bs\u0173 interjer\u0105. Modernus, \u0161iltas \u201eRibbeck\u201c atspalvis suteiks jaukumo bet kuriame kambaryje, o minimalistin\u0117 forma tinka bet kokiam interjero stiliui. Nesvarbu, ar dekoruojate miegam\u0105j\u012f, ar prie\u0161kambar\u012f, \u0161i spinta bus ne tik baldas, bet ir tikra j\u016bs\u0173 nam\u0173 puo\u0161mena. Funkcionalumas yra pagrindinis \u0161io baldo privalumas. Erdvi spinta pasir\u016bpins j\u016bs\u0173 drabu\u017eiais, o pakabinimo b\u0117gelis ir keturios lentynos u\u017etikrins puiki\u0105 tvark\u0105. D\u0117l gana didelio pavir\u0161iaus ploto galite lengvai sutalpinti ne tik drabu\u017eius, bet ir kitus kasdienius aksesuarus. \u0160is sprendimas palengvina erdv\u0117s sutvarkym\u0105 ir leid\u017eia daug grei\u010diau pasiekti daiktus. D\u0117mesys detal\u0117ms ir \u201eNatural-1\u201c spintos kokyb\u0117 \u017eavi kruop\u0161\u010diu meistri\u0161kumu. Metalin\u0117s rankenos suteikia visam baldui eleganti\u0161k\u0105 charakter\u012f, o \u0161velniai u\u017esidarantys vyriai u\u017etikrina patog\u0173 naudojim\u0105. Kiekvienas dureli\u0173 atidarymas ir u\u017edarymas yra subtilumas, kuris pagerins kasdien\u012f naudojim\u0105. Spinta, derinanti klasikin\u012f stili\u0173 su moderniais sprendimais, tampa puikiu modernaus interjero papildymu.<\/p>","protected":false},"excerpt":{"rendered":"<p>Plotis (cm): 102<br \/>\n\u016agis (cm): 200,5<br \/>\nGylis (cm): 58,5<\/p>","protected":false},"featured_media":165951,"comment_status":"open","ping_status":"open","template":"","meta":[],"product_brand":[],"product_cat":[9513,4108,1177],"product_tag":[],"class_list":{"0":"post-165950","1":"product","2":"type-product","3":"status-publish","4":"has-post-thumbnail","6":"product_cat-furniture-system-natural-jarstol-meble","7":"product_cat-jarstol","8":"product_cat-wardrobes","10":"first","11":"instock","12":"purchasable","13":"product-type-simple"},"_links":{"self":[{"href":"https:\/\/baldumarket.lt\/lt\/wp-json\/wp\/v2\/product\/165950","targetHints":{"allow":["GET"]}}],"collection":[{"href":"https:\/\/baldumarket.lt\/lt\/wp-json\/wp\/v2\/product"}],"about":[{"href":"https:\/\/baldumarket.lt\/lt\/wp-json\/wp\/v2\/types\/product"}],"replies":[{"embeddable":true,"href":"https:\/\/baldumarket.lt\/lt\/wp-json\/wp\/v2\/comments?post=165950"}],"wp:featuredmedia":[{"embeddable":true,"href":"https:\/\/baldumarket.lt\/lt\/wp-json\/wp\/v2\/media\/165951"}],"wp:attachment":[{"href":"https:\/\/baldumarket.lt\/lt\/wp-json\/wp\/v2\/media?parent=165950"}],"wp:term":[{"taxonomy":"product_brand","embeddable":true,"href":"https:\/\/baldumarket.lt\/lt\/wp-json\/wp\/v2\/product_brand?post=165950"},{"taxonomy":"product_cat","embeddable":true,"href":"https:\/\/baldumarket.lt\/lt\/wp-json\/wp\/v2\/product_cat?post=165950"},{"taxonomy":"product_tag","embeddable":true,"href":"https:\/\/baldumarket.lt\/lt\/wp-json\/wp\/v2\/product_tag?post=165950"}],"curies":[{"name":"wp","href":"https:\/\/api.w.org\/{rel}","templated":true}]}}