{"id":165943,"date":"2025-12-19T15:42:48","date_gmt":"2025-12-19T12:42:48","guid":{"rendered":"https:\/\/baldumarket.lt\/product\/natural-2-szafa-1-drzwiowa-ribbeck\/"},"modified":"2026-04-12T16:05:59","modified_gmt":"2026-04-12T13:05:59","slug":"natural-2-szafa-1-drzwiowa-ribbeck","status":"publish","type":"product","link":"https:\/\/baldumarket.lt\/lt\/product\/natural-2-szafa-1-drzwiowa-ribbeck\/","title":{"rendered":"NATURAL-2 \u2013 Ribbeck vien\u0173 dur\u0173 spinta"},"content":{"rendered":"<p>Atraskite nat\u016brali\u0173 med\u017eiag\u0173 gro\u017e\u012f vien\u0173 dur\u0173 \u201eRibbeck\u201c spintoje i\u0161 \u201eJarstol\u201c, kuri viename eleganti\u0161kame balde apjungia stili\u0173 ir funkcionalum\u0105. \u0160is rafinuotas \u201eNatural\u201c kolekcijos baldas \u017eavi minimalistiniu dizainu ir prislopintomis spalvomis, puikiai papildydamas bet kok\u012f interjer\u0105, suteikdamas jaukumo ir modernumo. 200,5 cm auk\u0161\u010dio spinta pasi\u017eymi prakti\u0161ku i\u0161planavimu, leid\u017eian\u010diu organizuoti erdv\u0119 pagal savo poreikius. Viduje rasite vien\u0105 erdvi\u0105 lentyn\u0105 ir 52,7 cm ilgio b\u0117gel\u012f, puikiai tinkant\u012f pakabinti m\u0117gstamiausius drabu\u017eius. Toks dizainas leid\u017eia net ir nedidel\u0119 erdv\u0119 i\u0161naudoti maksimaliai funkcionaliai, tod\u0117l kasdienis naudojimas tampa dar malonesnis. \u201eRibbeck\u201c spintos stipryb\u0117 slypi ne tik estetiniame patrauklume, bet ir auk\u0161tos kokyb\u0117s med\u017eiag\u0173 panaudojime. Korpusas ir priekin\u0117 dalis pagaminti i\u0161 laminuotos plok\u0161t\u0117s, u\u017etikrinan\u010dios patvarum\u0105 ir atsparum\u0105 pa\u017eeidimams, o metalin\u0117 rankena suteikia modernumo. D\u0117l \u0161velniai u\u017esidaran\u010di\u0173 vyri\u0173 dureli\u0173 atidarymas ir u\u017edarymas tampa tylus ir patogus, tod\u0117l j\u016bs\u0173 interjeras tampa harmonijos ir ramyb\u0117s.<\/p>","protected":false},"excerpt":{"rendered":"<p>Plotis (cm): 57<br \/>\n\u016agis (cm): 200,5<br \/>\nGylis (cm): 57,5<\/p>","protected":false},"featured_media":165944,"comment_status":"open","ping_status":"open","template":"","meta":[],"product_brand":[],"product_cat":[9513,4108,1987],"product_tag":[],"class_list":{"0":"post-165943","1":"product","2":"type-product","3":"status-publish","4":"has-post-thumbnail","6":"product_cat-furniture-system-natural-jarstol-meble","7":"product_cat-jarstol","8":"product_cat-shelving-units","10":"first","11":"instock","12":"purchasable","13":"product-type-simple"},"_links":{"self":[{"href":"https:\/\/baldumarket.lt\/lt\/wp-json\/wp\/v2\/product\/165943","targetHints":{"allow":["GET"]}}],"collection":[{"href":"https:\/\/baldumarket.lt\/lt\/wp-json\/wp\/v2\/product"}],"about":[{"href":"https:\/\/baldumarket.lt\/lt\/wp-json\/wp\/v2\/types\/product"}],"replies":[{"embeddable":true,"href":"https:\/\/baldumarket.lt\/lt\/wp-json\/wp\/v2\/comments?post=165943"}],"wp:featuredmedia":[{"embeddable":true,"href":"https:\/\/baldumarket.lt\/lt\/wp-json\/wp\/v2\/media\/165944"}],"wp:attachment":[{"href":"https:\/\/baldumarket.lt\/lt\/wp-json\/wp\/v2\/media?parent=165943"}],"wp:term":[{"taxonomy":"product_brand","embeddable":true,"href":"https:\/\/baldumarket.lt\/lt\/wp-json\/wp\/v2\/product_brand?post=165943"},{"taxonomy":"product_cat","embeddable":true,"href":"https:\/\/baldumarket.lt\/lt\/wp-json\/wp\/v2\/product_cat?post=165943"},{"taxonomy":"product_tag","embeddable":true,"href":"https:\/\/baldumarket.lt\/lt\/wp-json\/wp\/v2\/product_tag?post=165943"}],"curies":[{"name":"wp","href":"https:\/\/api.w.org\/{rel}","templated":true}]}}