{"id":165935,"date":"2025-12-19T15:42:29","date_gmt":"2025-12-19T12:42:29","guid":{"rendered":"https:\/\/baldumarket.lt\/product\/natural-3-szafa-4d2s-ribbeck\/"},"modified":"2026-04-12T16:05:59","modified_gmt":"2026-04-12T13:05:59","slug":"natural-3-szafa-4d2s-ribbeck","status":"publish","type":"product","link":"https:\/\/baldumarket.lt\/lt\/product\/natural-3-szafa-4d2s-ribbeck\/","title":{"rendered":"NATURAL-3 \u2013 Drabu\u017ein\u0117 4D2S Ribbeck"},"content":{"rendered":"<p>Spinta NATURAL-3 sukurta tiems, kurie ie\u0161ko modernumo ir funkcionalumo derinio. Erdvumas ir minimalistinis dizainas \u2013 \u0161i keturi\u0173 dur\u0173 spinta i\u0161 \u2019Jarstol\u201c \u201eRibbeck\u201c kolekcijos taps nepakei\u010diamu j\u016bs\u0173 interjero akcentu. \u201eRibbeck\u201c spalvos korpusas ir priekin\u0117 dalis, pagaminti i\u0161 patvarios laminuotos plok\u0161t\u0117s, suteiks bet kokiam interjerui esteti\u0161ko \u017eavesio, o subtilios sidabrin\u0117s metalin\u0117s ranken\u0117l\u0117s \u2013 elegancijos. Spintos viduje yra penkios erdvios lentynos, puikiai tinkan\u010dios drabu\u017eiams, aksesuarams ir dokumentams laikyti. D\u0117l tokio erdvaus dizaino erdv\u0117s sutvarkymas yra ne tik paprastas, bet ir malonus. Apa\u010dioje esantys du dideli stal\u010diai pad\u0117s susid\u0117ti smulkius daiktus, kurie da\u017enai pasimeta. Visk\u0105 sutvarkykite vienoje vietoje, tod\u0117l kasdienis naudojimas bus patogus ir intuityvus. Spinta NATURAL-3 yra prakti\u0161ka ir pasi\u017eymi moderniomis funkcijomis, tokiomis kaip \u0161velnaus u\u017edarymo vyriai, kurie u\u017etikrina komfort\u0105, pa\u0161alindami dur\u0173 u\u017edarymo triuk\u0161m\u0105. Tai puikus sprendimas, atitinkantis tyli\u0173 erdvi\u0173 tendencij\u0105, kur harmonija vaidina svarb\u0173 vaidmen\u012f. Be to, papildomos lentynos leid\u017eia dar geriau sutvarkyti vidin\u0119 erdv\u0119, suteikiant vietos visiems daiktams, kuriems reikalingas stabilus pagrindas.<\/p>","protected":false},"excerpt":{"rendered":"<p>Plotis (cm): 195,5<br \/>\n\u016agis (cm): 200,5<br \/>\nGylis (cm): 57,5<\/p>","protected":false},"featured_media":165936,"comment_status":"open","ping_status":"open","template":"","meta":[],"product_brand":[],"product_cat":[9513,4108,1177],"product_tag":[],"class_list":{"0":"post-165935","1":"product","2":"type-product","3":"status-publish","4":"has-post-thumbnail","6":"product_cat-furniture-system-natural-jarstol-meble","7":"product_cat-jarstol","8":"product_cat-wardrobes","10":"first","11":"instock","12":"purchasable","13":"product-type-simple"},"_links":{"self":[{"href":"https:\/\/baldumarket.lt\/lt\/wp-json\/wp\/v2\/product\/165935","targetHints":{"allow":["GET"]}}],"collection":[{"href":"https:\/\/baldumarket.lt\/lt\/wp-json\/wp\/v2\/product"}],"about":[{"href":"https:\/\/baldumarket.lt\/lt\/wp-json\/wp\/v2\/types\/product"}],"replies":[{"embeddable":true,"href":"https:\/\/baldumarket.lt\/lt\/wp-json\/wp\/v2\/comments?post=165935"}],"wp:featuredmedia":[{"embeddable":true,"href":"https:\/\/baldumarket.lt\/lt\/wp-json\/wp\/v2\/media\/165936"}],"wp:attachment":[{"href":"https:\/\/baldumarket.lt\/lt\/wp-json\/wp\/v2\/media?parent=165935"}],"wp:term":[{"taxonomy":"product_brand","embeddable":true,"href":"https:\/\/baldumarket.lt\/lt\/wp-json\/wp\/v2\/product_brand?post=165935"},{"taxonomy":"product_cat","embeddable":true,"href":"https:\/\/baldumarket.lt\/lt\/wp-json\/wp\/v2\/product_cat?post=165935"},{"taxonomy":"product_tag","embeddable":true,"href":"https:\/\/baldumarket.lt\/lt\/wp-json\/wp\/v2\/product_tag?post=165935"}],"curies":[{"name":"wp","href":"https:\/\/api.w.org\/{rel}","templated":true}]}}