{"id":165928,"date":"2025-12-19T15:42:12","date_gmt":"2025-12-19T12:42:12","guid":{"rendered":"https:\/\/baldumarket.lt\/product\/natural-5-witryna-4d1s-ribbeck\/"},"modified":"2026-04-12T16:05:42","modified_gmt":"2026-04-12T13:05:42","slug":"natural-5-witryna-4d1s-ribbeck","status":"publish","type":"product","link":"https:\/\/baldumarket.lt\/lt\/product\/natural-5-witryna-4d1s-ribbeck\/","title":{"rendered":"NATURAL-5 \u2013 Vitrina 4D1S Ribbeck"},"content":{"rendered":"<p>\u201eJarstol\u201c 4D1S \u201eRibbeck\u201c vitrina \u2013 puikus pasirinkimas tiems, kurie vertina elegancij\u0105 ir modern\u0173 dizain\u0105. D\u0117l harmoning\u0173 form\u0173 ir rafinuoto stiliaus \u0161is baldas yra ne tik prakti\u0161kas baldas, bet ir ak\u012f traukianti bet kokio interjero puo\u0161mena. D\u0117l nat\u016bralios medienos \u012fkv\u0117ptos \u201eRibbeck\u201c spalvos vitrina suteikia kambariui jauki\u0105 atmosfer\u0105 ir subtil\u0173 \u017eaves\u012f. \u201eNatural\u201c vitrin\u0173 \u0161eima pasi\u017eymi ne tik estetiniu patrauklumu, bet ir funkcionalumu. Vir\u0161utin\u0117s spintel\u0117s su stikliniais fasadais puikiai demonstruoja j\u016bs\u0173 m\u0117gstamiausius daiktus, o permatomos durel\u0117s slepia eleganti\u0161k\u0105 stiklin\u0119 lentyn\u0105, suteikian\u010di\u0105 visai konstrukcijai lengvumo. Apatin\u0117je spintel\u0117s dalyje su tvirtais fasadais yra erdvi lentyna, kurioje tilps viskas, k\u0105 norite tur\u0117ti po ranka, tuo pa\u010diu i\u0161laikant tvark\u0105 svetain\u0117je, valgomajame ar koridoriuje. 4D1S \u201eRibbeck\u201c vitrina taip pat pasi\u017eymi novatori\u0161ka \u201ePush to Open\u201c sistema, kuri panaikina tradicini\u0173 ranken\u0117li\u0173 poreik\u012f. Metalin\u0117s detal\u0117s suteikia modernumo, o \u0161velniai u\u017esidaran\u010dios durel\u0117s u\u017etikrina patog\u0173 naudojim\u0105, netrikdant nam\u0173 ramyb\u0117s. Tai idealus sprendimas tiems, kurie ie\u0161ko funkcionalumo ir estetikos harmonijos.<\/p>","protected":false},"excerpt":{"rendered":"<p>Plotis (cm): 102<br \/>\n\u016agis (cm): 159,5<br \/>\nGylis (cm): 57,5<\/p>","protected":false},"featured_media":165929,"comment_status":"open","ping_status":"open","template":"","meta":[],"product_brand":[],"product_cat":[9513,4108,2006],"product_tag":[],"class_list":{"0":"post-165928","1":"product","2":"type-product","3":"status-publish","4":"has-post-thumbnail","6":"product_cat-furniture-system-natural-jarstol-meble","7":"product_cat-jarstol","8":"product_cat-vitrines","10":"first","11":"instock","12":"purchasable","13":"product-type-simple"},"_links":{"self":[{"href":"https:\/\/baldumarket.lt\/lt\/wp-json\/wp\/v2\/product\/165928","targetHints":{"allow":["GET"]}}],"collection":[{"href":"https:\/\/baldumarket.lt\/lt\/wp-json\/wp\/v2\/product"}],"about":[{"href":"https:\/\/baldumarket.lt\/lt\/wp-json\/wp\/v2\/types\/product"}],"replies":[{"embeddable":true,"href":"https:\/\/baldumarket.lt\/lt\/wp-json\/wp\/v2\/comments?post=165928"}],"wp:featuredmedia":[{"embeddable":true,"href":"https:\/\/baldumarket.lt\/lt\/wp-json\/wp\/v2\/media\/165929"}],"wp:attachment":[{"href":"https:\/\/baldumarket.lt\/lt\/wp-json\/wp\/v2\/media?parent=165928"}],"wp:term":[{"taxonomy":"product_brand","embeddable":true,"href":"https:\/\/baldumarket.lt\/lt\/wp-json\/wp\/v2\/product_brand?post=165928"},{"taxonomy":"product_cat","embeddable":true,"href":"https:\/\/baldumarket.lt\/lt\/wp-json\/wp\/v2\/product_cat?post=165928"},{"taxonomy":"product_tag","embeddable":true,"href":"https:\/\/baldumarket.lt\/lt\/wp-json\/wp\/v2\/product_tag?post=165928"}],"curies":[{"name":"wp","href":"https:\/\/api.w.org\/{rel}","templated":true}]}}