{"id":165920,"date":"2025-12-19T15:41:55","date_gmt":"2025-12-19T12:41:55","guid":{"rendered":"https:\/\/baldumarket.lt\/product\/natural-4-witryna-2d1s-ribbeck\/"},"modified":"2026-04-12T16:05:42","modified_gmt":"2026-04-12T13:05:42","slug":"natural-4-witryna-2d1s-ribbeck","status":"publish","type":"product","link":"https:\/\/baldumarket.lt\/lt\/product\/natural-4-witryna-2d1s-ribbeck\/","title":{"rendered":"NAT\u016aRALUS-4 \u2013 2D1S Ribbeck vitrina"},"content":{"rendered":"<p>\u201eJarstol\u201c 2D1S \u201eRibbeck\u201c vitrina \u2013 puikus pasirinkimas visiems, norintiems suteikti savo interjerui unikal\u0173 charakter\u012f. D\u0117l eleganti\u0161kos formos ir harmoning\u0173 spalv\u0173 \u0161is baldas neabejotinai taps bet kurio kambario traukos centru. Pagaminta i\u0161 auk\u0161tos kokyb\u0117s laminuotos \u201eRibbeck\u201c atspalvio plok\u0161t\u0117s su subtiliais sidabro akcentais, ji sukuria stulbinant\u012f modernumo ir klas\u0117s derin\u012f. Vir\u0161utin\u0117je spintel\u0117s dalyje yra stiklin\u0117s durys, kurios apsaugo atvir\u0105 vid\u0173 ir leid\u017eia i\u0161did\u017eiai eksponuoti savo lobius \u2013 nesvarbu, ar tai b\u016bt\u0173 eleganti\u0161kas porcelianas, ar m\u0117gstamos knygos. Dvi stiklin\u0117s lentynos suteikia meninio dizaino galimybi\u0173, leid\u017eian\u010di\u0173 \u012f interjer\u0105 \u012ftraukti savo stili\u0173 ir asmenyb\u0119. Apatin\u0117 spintel\u0117 su tvirta priekine dalimi ir viena lentyna suteikia papildom\u0173 daikt\u0173 laikymo galimybi\u0173, puikiai derindama estetik\u0105 su funkcionalumu. Prakti\u0161kos savyb\u0117s, tokios kaip atidarymo stumiant sistema ir \u0161velnaus u\u017edarymo mechanizmas, suteikia \u017eavesio ir patogumo kasdieniam naudojimui. \u0160is unikalus baldas yra ne tik stilingas j\u016bs\u0173 nam\u0173 papildymas, bet ir puiki investicija \u012f komfort\u0105 ir funkcionalum\u0105. D\u0117l klas\u0117s ir d\u0117mesio detal\u0117ms \u201eRibbeck\u201c vitrina taps b\u016btinu bet kurios modernios erdv\u0117s elementu.<\/p>","protected":false},"excerpt":{"rendered":"<p>Plotis (cm): 57<br \/>\n\u016agis (cm): 200,5<br \/>\nGylis (cm): 40,5<\/p>","protected":false},"featured_media":165921,"comment_status":"open","ping_status":"open","template":"","meta":[],"product_brand":[],"product_cat":[9513,4108,2006],"product_tag":[],"class_list":{"0":"post-165920","1":"product","2":"type-product","3":"status-publish","4":"has-post-thumbnail","6":"product_cat-furniture-system-natural-jarstol-meble","7":"product_cat-jarstol","8":"product_cat-vitrines","10":"first","11":"instock","12":"purchasable","13":"product-type-simple"},"_links":{"self":[{"href":"https:\/\/baldumarket.lt\/lt\/wp-json\/wp\/v2\/product\/165920","targetHints":{"allow":["GET"]}}],"collection":[{"href":"https:\/\/baldumarket.lt\/lt\/wp-json\/wp\/v2\/product"}],"about":[{"href":"https:\/\/baldumarket.lt\/lt\/wp-json\/wp\/v2\/types\/product"}],"replies":[{"embeddable":true,"href":"https:\/\/baldumarket.lt\/lt\/wp-json\/wp\/v2\/comments?post=165920"}],"wp:featuredmedia":[{"embeddable":true,"href":"https:\/\/baldumarket.lt\/lt\/wp-json\/wp\/v2\/media\/165921"}],"wp:attachment":[{"href":"https:\/\/baldumarket.lt\/lt\/wp-json\/wp\/v2\/media?parent=165920"}],"wp:term":[{"taxonomy":"product_brand","embeddable":true,"href":"https:\/\/baldumarket.lt\/lt\/wp-json\/wp\/v2\/product_brand?post=165920"},{"taxonomy":"product_cat","embeddable":true,"href":"https:\/\/baldumarket.lt\/lt\/wp-json\/wp\/v2\/product_cat?post=165920"},{"taxonomy":"product_tag","embeddable":true,"href":"https:\/\/baldumarket.lt\/lt\/wp-json\/wp\/v2\/product_tag?post=165920"}],"curies":[{"name":"wp","href":"https:\/\/api.w.org\/{rel}","templated":true}]}}