{"id":165912,"date":"2025-12-19T15:41:37","date_gmt":"2025-12-19T12:41:37","guid":{"rendered":"https:\/\/baldumarket.lt\/product\/natural-6-komoda-2d2s-ribbeck\/"},"modified":"2026-04-12T16:05:42","modified_gmt":"2026-04-12T13:05:42","slug":"natural-6-komoda-2d2s-ribbeck","status":"publish","type":"product","link":"https:\/\/baldumarket.lt\/lt\/product\/natural-6-komoda-2d2s-ribbeck\/","title":{"rendered":"NATURAL-6 \u2013 2D2S Ribbeck komoda"},"content":{"rendered":"<p>Atraskite NATURAL-6 komod\u0105, kuri neabejotinai taps j\u016bs\u0173 interjero traukos centru. Eleganti\u0161kas \u201eRibbeck\u201c dizainas \u2013 tai tobulas modernumo ir nat\u016bralios apdailos derinys, suteikiantis bet kokiam kambariui \u0161ilumos ir charakterio. Nesvarbu, ar ji puo\u0161ia svetain\u0119, funkcional\u0173 prie\u0161kambar\u012f, ar miegam\u0105j\u012f, jos nesenstanti estetika harmoningai dera su \u012fvairiais interjerais. \u0160i unikali komoda pagaminta i\u0161 auk\u0161tos kokyb\u0117s med\u017eiag\u0173, u\u017etikrinan\u010di\u0173 ne tik jos patvarum\u0105, bet ir estetin\u012f patrauklum\u0105. Erdv\u016bs stal\u010diai ir prakti\u0161kos spintel\u0117s \u2013 tai puikus sprendimas svarbiausiems daiktams laikyti. D\u0117l tylaus u\u017edarymo mechanizmo ir novatori\u0161kos \u201ePush-To-Open\u201c sistemos kasdien naudosite patogiai ir eleganti\u0161kai, be nereikalingo triuk\u0161mo. NATURAL-6 komoda suteikia jums laisv\u0119 susitvarkyti erdv\u0119 taip, kad ji geriausiai atitikt\u0173 j\u016bs\u0173 gyvenimo b\u016bd\u0105. D\u0117l universalaus dizaino ji idealiai tinka ne tik svetainei, bet ir valgomajam, miegamajam ar prie\u0161kambariui. D\u0117l gerai apgalvoto dizaino kiekvienas daiktas randa savo viet\u0105, tod\u0117l galite lengvai sutvarkyti savo erdv\u0119.<\/p>","protected":false},"excerpt":{"rendered":"<p>Plotis (cm): 102<br \/>\n\u016agis (cm): 118,5<br \/>\nGylis (cm): 40,5<\/p>","protected":false},"featured_media":165913,"comment_status":"open","ping_status":"open","template":"","meta":[],"product_brand":[],"product_cat":[9513,1173,4108],"product_tag":[],"class_list":{"0":"post-165912","1":"product","2":"type-product","3":"status-publish","4":"has-post-thumbnail","6":"product_cat-furniture-system-natural-jarstol-meble","7":"product_cat-chests-of-drawers","8":"product_cat-jarstol","10":"first","11":"instock","12":"purchasable","13":"product-type-simple"},"_links":{"self":[{"href":"https:\/\/baldumarket.lt\/lt\/wp-json\/wp\/v2\/product\/165912","targetHints":{"allow":["GET"]}}],"collection":[{"href":"https:\/\/baldumarket.lt\/lt\/wp-json\/wp\/v2\/product"}],"about":[{"href":"https:\/\/baldumarket.lt\/lt\/wp-json\/wp\/v2\/types\/product"}],"replies":[{"embeddable":true,"href":"https:\/\/baldumarket.lt\/lt\/wp-json\/wp\/v2\/comments?post=165912"}],"wp:featuredmedia":[{"embeddable":true,"href":"https:\/\/baldumarket.lt\/lt\/wp-json\/wp\/v2\/media\/165913"}],"wp:attachment":[{"href":"https:\/\/baldumarket.lt\/lt\/wp-json\/wp\/v2\/media?parent=165912"}],"wp:term":[{"taxonomy":"product_brand","embeddable":true,"href":"https:\/\/baldumarket.lt\/lt\/wp-json\/wp\/v2\/product_brand?post=165912"},{"taxonomy":"product_cat","embeddable":true,"href":"https:\/\/baldumarket.lt\/lt\/wp-json\/wp\/v2\/product_cat?post=165912"},{"taxonomy":"product_tag","embeddable":true,"href":"https:\/\/baldumarket.lt\/lt\/wp-json\/wp\/v2\/product_tag?post=165912"}],"curies":[{"name":"wp","href":"https:\/\/api.w.org\/{rel}","templated":true}]}}