{"id":165904,"date":"2025-12-19T15:41:17","date_gmt":"2025-12-19T12:41:17","guid":{"rendered":"https:\/\/baldumarket.lt\/product\/natural-7-komoda-2d1s-ribbeck\/"},"modified":"2026-04-12T16:05:42","modified_gmt":"2026-04-12T13:05:42","slug":"natural-7-komoda-2d1s-ribbeck","status":"publish","type":"product","link":"https:\/\/baldumarket.lt\/lt\/product\/natural-7-komoda-2d1s-ribbeck\/","title":{"rendered":"NATURAL-7 \u2013 2D1S Ribbeck komoda"},"content":{"rendered":"<p>Si\u016blome NATURAL-7 komod\u0105, kuri neabejotinai taps eleganti\u0161ku j\u016bs\u0173 interjero papildymu. Apdaila \u201eRibbeck\u201c atspalviu \u2013 tai harmoningas gamtos ir modernaus stiliaus derinys. Minimalistinio dizaino ji puikiai tinka \u012fvairiems interjerams \u2013 nuo skandinavi\u0161ko iki industrinio. Tai puikus pasirinkimas tiems, kurie vertina estetik\u0105 ir funkcionalum\u0105 viename. \u0160i komoda yra ne tik gra\u017ei, bet ir prakti\u0161ka. \u012erengtos dvejomis durel\u0117mis, joje yra erdvi lentyna, kurioje tilps visi j\u016bs\u0173 lobiai \u2013 nuo drabu\u017ei\u0173 iki svarbi\u0173 dokument\u0173. Jei jums reikia vietos smulkiems aksesuarams, \u012fvertinsite didel\u012f stal\u010di\u0173 su inovatyvia \u201ePush-To-Open\u201c sistema. \u0160i sistema veikia itin patogiai, u\u017etikrindama lengv\u0105 prieig\u0105 prie laikom\u0173 daikt\u0173. Kiekviena detal\u0117 yra svarbi, tod\u0117l \u0161velnaus u\u017edarymo sistema ir metalin\u0117s rankenos suteikia elegancijos ir funkcionalumo. NATURAL-7 komoda puikiai tiks erdv\u0117se, kuriose svarbiausia harmonija ir estetika. Gamtos \u012fkv\u0117pta \u201eRibbeck\u201c apdaila suteikia interjerui gaivumo ir sukuria jauki\u0105 atmosfer\u0105, kuri skatina atsipalaiduoti.<\/p>","protected":false},"excerpt":{"rendered":"<p>Plotis (cm): 102<br \/>\n\u016agis (cm): 99<br \/>\nGylis (cm): 40,5<\/p>","protected":false},"featured_media":165905,"comment_status":"open","ping_status":"open","template":"","meta":[],"product_brand":[],"product_cat":[9513,1173,4108],"product_tag":[],"class_list":{"0":"post-165904","1":"product","2":"type-product","3":"status-publish","4":"has-post-thumbnail","6":"product_cat-furniture-system-natural-jarstol-meble","7":"product_cat-chests-of-drawers","8":"product_cat-jarstol","10":"first","11":"instock","12":"purchasable","13":"product-type-simple"},"_links":{"self":[{"href":"https:\/\/baldumarket.lt\/lt\/wp-json\/wp\/v2\/product\/165904","targetHints":{"allow":["GET"]}}],"collection":[{"href":"https:\/\/baldumarket.lt\/lt\/wp-json\/wp\/v2\/product"}],"about":[{"href":"https:\/\/baldumarket.lt\/lt\/wp-json\/wp\/v2\/types\/product"}],"replies":[{"embeddable":true,"href":"https:\/\/baldumarket.lt\/lt\/wp-json\/wp\/v2\/comments?post=165904"}],"wp:featuredmedia":[{"embeddable":true,"href":"https:\/\/baldumarket.lt\/lt\/wp-json\/wp\/v2\/media\/165905"}],"wp:attachment":[{"href":"https:\/\/baldumarket.lt\/lt\/wp-json\/wp\/v2\/media?parent=165904"}],"wp:term":[{"taxonomy":"product_brand","embeddable":true,"href":"https:\/\/baldumarket.lt\/lt\/wp-json\/wp\/v2\/product_brand?post=165904"},{"taxonomy":"product_cat","embeddable":true,"href":"https:\/\/baldumarket.lt\/lt\/wp-json\/wp\/v2\/product_cat?post=165904"},{"taxonomy":"product_tag","embeddable":true,"href":"https:\/\/baldumarket.lt\/lt\/wp-json\/wp\/v2\/product_tag?post=165904"}],"curies":[{"name":"wp","href":"https:\/\/api.w.org\/{rel}","templated":true}]}}