{"id":165896,"date":"2025-12-19T15:40:59","date_gmt":"2025-12-19T12:40:59","guid":{"rendered":"https:\/\/baldumarket.lt\/product\/natural-8-komoda-3d3s-ribbeck\/"},"modified":"2026-04-12T16:05:42","modified_gmt":"2026-04-12T13:05:42","slug":"natural-8-komoda-3d3s-ribbeck","status":"publish","type":"product","link":"https:\/\/baldumarket.lt\/lt\/product\/natural-8-komoda-3d3s-ribbeck\/","title":{"rendered":"NATURAL-8 \u2013 3D3S Ribbeck komoda"},"content":{"rendered":"<p>Atraskite 3D3S \u201eRibbeck\u201c komod\u0105 \u2013 tobul\u0105 elegancijos ir funkcionalumo derin\u012f, kuris suteiks charakterio bet kokiam interjerui. Minimalistinis \u201eRibbeck\u201c dizainas, sukurtas garsaus \u201eJarstol\u201c prek\u0117s \u017eenklo, puikiai tinka tiek moderniam, tiek klasikiniam interjerui. 146,5 cm plo\u010dio, 99 cm auk\u0161\u010dio ir 40,5 cm gylio matmenys leid\u017eia \u0161iai komodai sukurti erdv\u0119, kurioje efektyviai sutvarkysite savo daiktus neu\u017eimdami per daug vietos. Unikalus \u201eRibbeck\u201c komodos dizainas derina estetik\u0105 ir prakti\u0161kum\u0105. Viduje yra dvi erdvios lentynos, kuriose telpa \u012fvair\u016bs aksesuarai, drabu\u017eiai ir dokumentai, tod\u0117l lengvai pasieksite visus reikalingus daiktus. Komod\u0105 papildo du stal\u010diai su novatori\u0161ka \u201ePush To Open\u201c sistema, tod\u0117l tai idealus sprendimas tiems, kurie kasdieniame gyvenime vertina komfort\u0105 ir modernias technologijas. Ypatingo d\u0117mesio nusipelno ne tik funkcionalumas, bet ir komodos apdaila. D\u0117l auk\u0161tos kokyb\u0117s med\u017eiag\u0173 \u2013 laminuotos plok\u0161t\u0117s ir eleganti\u0161k\u0173 sidabrini\u0173 metalini\u0173 ranken\u0117li\u0173 \u2013 \u0161i spindi klase ir ilgaam\u017ei\u0161kumu. \u0160velnaus u\u017edarymo vyriai u\u017etikrina, kad kiekvienas u\u017edarymas b\u016bt\u0173 sklandus ir beveik negirdimas, dar labiau padidinant komfort\u0105 ir pagerinant erdv\u0117s estetik\u0105.<\/p>","protected":false},"excerpt":{"rendered":"<p>Plotis (cm): 146,5<br \/>\n\u016agis (cm): 99<br \/>\nGylis (cm): 40,5<\/p>","protected":false},"featured_media":165897,"comment_status":"open","ping_status":"open","template":"","meta":[],"product_brand":[],"product_cat":[9513,1173,4108],"product_tag":[],"class_list":{"0":"post-165896","1":"product","2":"type-product","3":"status-publish","4":"has-post-thumbnail","6":"product_cat-furniture-system-natural-jarstol-meble","7":"product_cat-chests-of-drawers","8":"product_cat-jarstol","10":"first","11":"instock","12":"purchasable","13":"product-type-simple"},"_links":{"self":[{"href":"https:\/\/baldumarket.lt\/lt\/wp-json\/wp\/v2\/product\/165896","targetHints":{"allow":["GET"]}}],"collection":[{"href":"https:\/\/baldumarket.lt\/lt\/wp-json\/wp\/v2\/product"}],"about":[{"href":"https:\/\/baldumarket.lt\/lt\/wp-json\/wp\/v2\/types\/product"}],"replies":[{"embeddable":true,"href":"https:\/\/baldumarket.lt\/lt\/wp-json\/wp\/v2\/comments?post=165896"}],"wp:featuredmedia":[{"embeddable":true,"href":"https:\/\/baldumarket.lt\/lt\/wp-json\/wp\/v2\/media\/165897"}],"wp:attachment":[{"href":"https:\/\/baldumarket.lt\/lt\/wp-json\/wp\/v2\/media?parent=165896"}],"wp:term":[{"taxonomy":"product_brand","embeddable":true,"href":"https:\/\/baldumarket.lt\/lt\/wp-json\/wp\/v2\/product_brand?post=165896"},{"taxonomy":"product_cat","embeddable":true,"href":"https:\/\/baldumarket.lt\/lt\/wp-json\/wp\/v2\/product_cat?post=165896"},{"taxonomy":"product_tag","embeddable":true,"href":"https:\/\/baldumarket.lt\/lt\/wp-json\/wp\/v2\/product_tag?post=165896"}],"curies":[{"name":"wp","href":"https:\/\/api.w.org\/{rel}","templated":true}]}}