{"id":165888,"date":"2025-12-19T15:40:40","date_gmt":"2025-12-19T12:40:40","guid":{"rendered":"https:\/\/baldumarket.lt\/product\/natural-9-komoda-4d4s-ribbeck\/"},"modified":"2026-04-12T16:05:42","modified_gmt":"2026-04-12T13:05:42","slug":"natural-9-komoda-4d4s-ribbeck","status":"publish","type":"product","link":"https:\/\/baldumarket.lt\/lt\/product\/natural-9-komoda-4d4s-ribbeck\/","title":{"rendered":"NATURAL-9 \u2013 4D4S Ribbeck komoda"},"content":{"rendered":"<p>NATURAL-9 \u2013 4D4S \u201eRibbeck\u201c komoda \u2013 puikus pasirinkimas ie\u0161kantiems funkcionalumo ir stiliaus derinio viename balde. Eleganti\u0161kas dizainas ir patraukli korpuso bei priekin\u0117s dalies spalva, \u012fkv\u0117pta nat\u016bralios medienos, suteikia \u0161ilt\u0105 ir jauk\u0173 poj\u016bt\u012f bet kokiam interjerui. 191,5 cm plo\u010dio, 99 cm auk\u0161\u010dio ir 40,5 cm gylio komoda puikiai tiks \u012fvairiuose interjeruose \u2013 nuo modernaus iki klasikinio, suteikdama bet kuriai erdvei unikalaus charakterio. \u0160i erdvi komoda buvo sukurta atsi\u017evelgiant \u012f prakti\u0161kum\u0105. Tur\u0117dama keturias spinteles ir dvi erdvias lentynas, joje gal\u0117site susitvarkyti drabu\u017eius, aksesuarus ir dokumentus taip, kad kasdienis gyvenimas b\u016bt\u0173 paprastesnis. \u201ePush-To-Open\u201c sistema stal\u010dius atidaro ne\u012ftik\u0117tinai intuityviai, o \u0161velnaus u\u017edarymo funkcija suteikia elegancijos ir dar malonesn\u012f naudojim\u0105si komoda. Jums nebereikia jaudintis d\u0117l triuk\u0161mo \u2013 \u0161i komoda u\u017etikrina ramyb\u0119 ir tyl\u0105 j\u016bs\u0173 interjere. \u201eJarstol\u201c \u201eRibbeck\u201c si\u016blo ne tik puik\u0173 funkcionalum\u0105, bet ir unikali\u0105 apdail\u0105. Med\u017eiagos, i\u0161 kuri\u0173 jis pagamintas, u\u017etikrina patvarum\u0105 ir atsparum\u0105 kasdieniam naudojimui, tod\u0117l tai idealus pasirinkimas \u0161eimoms ar tiems, kurie da\u017enai priima sve\u010dius. Estetin\u0117s detal\u0117s, tokios kaip metalin\u0117s rankenos, suteikia elegancijos, o kiekvienas elementas pabr\u0117\u017eia d\u0117mes\u012f auk\u0161tos kokyb\u0117s meistri\u0161kumui.<\/p>","protected":false},"excerpt":{"rendered":"<p>Plotis (cm): 191,5<br \/>\n\u016agis (cm): 99<br \/>\nGylis (cm): 40,5<\/p>","protected":false},"featured_media":165889,"comment_status":"open","ping_status":"open","template":"","meta":[],"product_brand":[],"product_cat":[9513,1173,4108],"product_tag":[],"class_list":{"0":"post-165888","1":"product","2":"type-product","3":"status-publish","4":"has-post-thumbnail","6":"product_cat-furniture-system-natural-jarstol-meble","7":"product_cat-chests-of-drawers","8":"product_cat-jarstol","10":"first","11":"instock","12":"purchasable","13":"product-type-simple"},"_links":{"self":[{"href":"https:\/\/baldumarket.lt\/lt\/wp-json\/wp\/v2\/product\/165888","targetHints":{"allow":["GET"]}}],"collection":[{"href":"https:\/\/baldumarket.lt\/lt\/wp-json\/wp\/v2\/product"}],"about":[{"href":"https:\/\/baldumarket.lt\/lt\/wp-json\/wp\/v2\/types\/product"}],"replies":[{"embeddable":true,"href":"https:\/\/baldumarket.lt\/lt\/wp-json\/wp\/v2\/comments?post=165888"}],"wp:featuredmedia":[{"embeddable":true,"href":"https:\/\/baldumarket.lt\/lt\/wp-json\/wp\/v2\/media\/165889"}],"wp:attachment":[{"href":"https:\/\/baldumarket.lt\/lt\/wp-json\/wp\/v2\/media?parent=165888"}],"wp:term":[{"taxonomy":"product_brand","embeddable":true,"href":"https:\/\/baldumarket.lt\/lt\/wp-json\/wp\/v2\/product_brand?post=165888"},{"taxonomy":"product_cat","embeddable":true,"href":"https:\/\/baldumarket.lt\/lt\/wp-json\/wp\/v2\/product_cat?post=165888"},{"taxonomy":"product_tag","embeddable":true,"href":"https:\/\/baldumarket.lt\/lt\/wp-json\/wp\/v2\/product_tag?post=165888"}],"curies":[{"name":"wp","href":"https:\/\/api.w.org\/{rel}","templated":true}]}}