{"id":165883,"date":"2025-12-19T15:40:29","date_gmt":"2025-12-19T12:40:29","guid":{"rendered":"https:\/\/baldumarket.lt\/product\/natural-10-lustro-wiszace-ribbeck\/"},"modified":"2026-04-12T16:05:42","modified_gmt":"2026-04-12T13:05:42","slug":"natural-10-lustro-wiszace-ribbeck","status":"publish","type":"product","link":"https:\/\/baldumarket.lt\/lt\/product\/natural-10-lustro-wiszace-ribbeck\/","title":{"rendered":"NATURAL-10 \u2013 Ribbeck pakabinamas veidrodis"},"content":{"rendered":"<p>Pakabinamas veidrodis \u201eRibbeck\u201c i\u0161 \u017einomo prek\u0117s \u017eenklo \u201eJarstol\u201c \u2013 tai unikalus baldas, kuris neabejotinai pagyvins j\u016bs\u0173 interjer\u0105. Eleganti\u0161kas dizainas ir nat\u016bralus r\u0117mo atspalvis puikiai atitinka mading\u0105 ekologin\u0119 tendencij\u0105, suteikdami kambariui harmonijos ir stiliaus. 120 cm x 80 cm dyd\u017eio veidrodis yra ne tik funkcionalus, bet ir estetinis akcentas, papildantis bet kur\u012f kambar\u012f, suteikiantis charakterio. D\u0117l subtilios formos galite b\u016bti tikri, kad jis puikiai der\u0117s prie \u012fvairi\u0173 i\u0161d\u0117stym\u0173. Pagamintas i\u0161 auk\u0161tos kokyb\u0117s laminuotos plok\u0161t\u0117s, \u201eRibbeck\u201c veidrodis derina modernum\u0105 ir ilgaam\u017ei\u0161kum\u0105. Visas baldas sukurtas ne tik taip, kad atlikt\u0173 savo funkcij\u0105, bet ir vizualiai padidint\u0173 erdv\u0119. Veidrodinis pavir\u0161ius sukurs didesnio kambario iliuzij\u0105, o tai ypa\u010d svarbu ma\u017eesniuose interjeruose. \u0160is veidrodis puikiai tinka prie\u0161kambariui, svetainei ar miegamajam, suteikdamas kiekvienai erdvei unikal\u0173 stili\u0173. Vienas did\u017eiausi\u0173 \u201eRibbeck\u201c veidrod\u017eio privalum\u0173 \u2013 jo universalumas. J\u012f galima s\u0117kmingai naudoti kaip tualetinio staliuko dal\u012f, kur jis bus puiki priemon\u0117 kasdieniams gro\u017eio ritualams. Jo elegancija kiekvien\u0105 ryt\u0105 pavers dar malonesniu, o pasiruo\u0161imas renginiui bus labiau organizuotas ir stilingas. Be to, veidrodis kartu su tinkamu ap\u0161vietimu sukurs nuostabi\u0105 atmosfer\u0105 ir i\u0161ry\u0161kins j\u016bs\u0173 interjero ypatybes.<\/p>","protected":false},"excerpt":{"rendered":"<p>Plotis (cm): 120<br \/>\n\u016agis (cm): 80<br \/>\nGylis (cm): 40,5<\/p>","protected":false},"featured_media":165884,"comment_status":"open","ping_status":"open","template":"","meta":[],"product_brand":[],"product_cat":[9513,4108,1108],"product_tag":[],"class_list":{"0":"post-165883","1":"product","2":"type-product","3":"status-publish","4":"has-post-thumbnail","6":"product_cat-furniture-system-natural-jarstol-meble","7":"product_cat-jarstol","8":"product_cat-mirrors","10":"first","11":"instock","12":"purchasable","13":"product-type-simple"},"_links":{"self":[{"href":"https:\/\/baldumarket.lt\/lt\/wp-json\/wp\/v2\/product\/165883","targetHints":{"allow":["GET"]}}],"collection":[{"href":"https:\/\/baldumarket.lt\/lt\/wp-json\/wp\/v2\/product"}],"about":[{"href":"https:\/\/baldumarket.lt\/lt\/wp-json\/wp\/v2\/types\/product"}],"replies":[{"embeddable":true,"href":"https:\/\/baldumarket.lt\/lt\/wp-json\/wp\/v2\/comments?post=165883"}],"wp:featuredmedia":[{"embeddable":true,"href":"https:\/\/baldumarket.lt\/lt\/wp-json\/wp\/v2\/media\/165884"}],"wp:attachment":[{"href":"https:\/\/baldumarket.lt\/lt\/wp-json\/wp\/v2\/media?parent=165883"}],"wp:term":[{"taxonomy":"product_brand","embeddable":true,"href":"https:\/\/baldumarket.lt\/lt\/wp-json\/wp\/v2\/product_brand?post=165883"},{"taxonomy":"product_cat","embeddable":true,"href":"https:\/\/baldumarket.lt\/lt\/wp-json\/wp\/v2\/product_cat?post=165883"},{"taxonomy":"product_tag","embeddable":true,"href":"https:\/\/baldumarket.lt\/lt\/wp-json\/wp\/v2\/product_tag?post=165883"}],"curies":[{"name":"wp","href":"https:\/\/api.w.org\/{rel}","templated":true}]}}