{"id":165878,"date":"2025-12-19T15:40:18","date_gmt":"2025-12-19T12:40:18","guid":{"rendered":"https:\/\/baldumarket.lt\/product\/natural-11-polka-wiszaca-ribbeck\/"},"modified":"2026-04-12T16:05:42","modified_gmt":"2026-04-12T13:05:42","slug":"natural-11-polka-wiszaca-ribbeck","status":"publish","type":"product","link":"https:\/\/baldumarket.lt\/lt\/product\/natural-11-polka-wiszaca-ribbeck\/","title":{"rendered":"NATURAL-11 \u2013 Ribbeck pakabinama lentyna"},"content":{"rendered":"<p>\u201eJarstol\u201c pakabinama lentyna \u201eRibbeck\u201c \u2013 puikus pasirinkimas ie\u0161kantiems stilingo ir prakti\u0161ko interjero dizaino elemento. 120 cm plo\u010dio, 32 cm auk\u0161\u010dio ir 18 cm gylio \u0161i lentyna puikiai der\u0117s prie \u012fvairi\u0173 interjer\u0173 \u2013 nuo modernaus iki klasikinio. Minimalistin\u0117 i\u0161vaizda ir eleganti\u0161ka, gamtos \u012fkv\u0117pta spalva paver\u010dia j\u0105 nat\u016braliu akcentu bet kuriame kambaryje. Pagaminta i\u0161 auk\u0161tos kokyb\u0117s laminuotos plok\u0161t\u0117s, \u201eRibbeck\u201c lentyna derina patvarum\u0105 ir estetik\u0105, tod\u0117l idealiai tinka kasdieniam naudojimui. Ji puikiai tinka knygoms, paveiksl\u0173 r\u0117meliams ar skoningiems dekoracij\u0173 elementams eksponuoti, suteikdama interjerui asmeni\u0161kumo. Universalus dizainas leid\u017eia jai puikiai tikti tiek svetain\u0117je, tiek miegamajame, tiek biure. Lentyna buvo sukurta galvojant apie reikliausius vartotojus. D\u0117l paprastos konstrukcijos ir b\u016btin\u0173 savaranki\u0161ko surinkimo pried\u0173 galite j\u0105 lengvai sumontuoti pasirinktoje vietoje. Pasirink\u0119 \u0161\u012f unikal\u0173 gamin\u012f, paverskite savo interjer\u0105 erdve, kurioje dera funkcionalumas ir estetika.<\/p>","protected":false},"excerpt":{"rendered":"<p>Plotis (cm): 120<br \/>\n\u016agis (cm): 32<br \/>\nGylis (cm): 3,2<\/p>","protected":false},"featured_media":165879,"comment_status":"open","ping_status":"open","template":"","meta":[],"product_brand":[],"product_cat":[9513,1174,4108],"product_tag":[],"class_list":{"0":"post-165878","1":"product","2":"type-product","3":"status-publish","4":"has-post-thumbnail","6":"product_cat-furniture-system-natural-jarstol-meble","7":"product_cat-hanging-shelves","8":"product_cat-jarstol","10":"first","11":"instock","12":"purchasable","13":"product-type-simple"},"_links":{"self":[{"href":"https:\/\/baldumarket.lt\/lt\/wp-json\/wp\/v2\/product\/165878","targetHints":{"allow":["GET"]}}],"collection":[{"href":"https:\/\/baldumarket.lt\/lt\/wp-json\/wp\/v2\/product"}],"about":[{"href":"https:\/\/baldumarket.lt\/lt\/wp-json\/wp\/v2\/types\/product"}],"replies":[{"embeddable":true,"href":"https:\/\/baldumarket.lt\/lt\/wp-json\/wp\/v2\/comments?post=165878"}],"wp:featuredmedia":[{"embeddable":true,"href":"https:\/\/baldumarket.lt\/lt\/wp-json\/wp\/v2\/media\/165879"}],"wp:attachment":[{"href":"https:\/\/baldumarket.lt\/lt\/wp-json\/wp\/v2\/media?parent=165878"}],"wp:term":[{"taxonomy":"product_brand","embeddable":true,"href":"https:\/\/baldumarket.lt\/lt\/wp-json\/wp\/v2\/product_brand?post=165878"},{"taxonomy":"product_cat","embeddable":true,"href":"https:\/\/baldumarket.lt\/lt\/wp-json\/wp\/v2\/product_cat?post=165878"},{"taxonomy":"product_tag","embeddable":true,"href":"https:\/\/baldumarket.lt\/lt\/wp-json\/wp\/v2\/product_tag?post=165878"}],"curies":[{"name":"wp","href":"https:\/\/api.w.org\/{rel}","templated":true}]}}