{"id":165870,"date":"2025-12-19T15:39:59","date_gmt":"2025-12-19T12:39:59","guid":{"rendered":"https:\/\/baldumarket.lt\/product\/natural-12-komoda-rtv-2d1s-ribbeck\/"},"modified":"2026-04-12T16:05:34","modified_gmt":"2026-04-12T13:05:34","slug":"natural-12-komoda-rtv-2d1s-ribbeck","status":"publish","type":"product","link":"https:\/\/baldumarket.lt\/lt\/product\/natural-12-komoda-rtv-2d1s-ribbeck\/","title":{"rendered":"NATURAL-12 \u2013 2D1S Ribbeck TV komoda"},"content":{"rendered":"<p>\u201eJarstol\u201c NATURAL-12 televizoriaus staliukas \u2013 puikus pasirinkimas tiems, kurie vertina elegancij\u0105 ir funkcionalum\u0105. Unikali \u201eRibbeck\u201c spalva, pagaminta i\u0161 auk\u0161tos kokyb\u0117s laminuotos plok\u0161t\u0117s, suteikia visam kambariui unikal\u0173 charakter\u012f. \u0160is baldas puikiai dera tiek prie modernaus, tiek prie klasikinio interjero, suteikdamas jam stiliaus ir rafinuotumo. \u0160io staliuko prakti\u0161kumas nukels jus \u012f tobulos tvarkos pasaul\u012f. Jame yra trys lentynos, i\u0161 kuri\u0173 dvi pasl\u0117ptos u\u017e eleganti\u0161k\u0173 dureli\u0173, tod\u0117l esteti\u0161kai galite laikyti svarbiausius j\u016bs\u0173 daiktus. Nesvarbu, ar norite laikyti televizoriaus priedus, knygas, ar dekoracijas, NATURAL-12 tikrai atliks savo darb\u0105 ir pasi\u017eym\u0117s minimalistiniu dizainu. Funkcinis akcentas \u2013 stal\u010dius su novatori\u0161ka \u201ePush To Open\u201c sistema, kuri paver\u010dia spintel\u0117s atidarym\u0105 malonumu. Stal\u010dius idealiai tinka nieku\u010diams, dokumentams ar dekoratyviniams aksesuarams laikyti, derinant efektyvum\u0105 su estetika. Kiekviena detal\u0117, \u012fskaitant metalines rankenas, buvo kruop\u0161\u010diai apgalvota, siekiant pabr\u0117\u017eti prabangi\u0105 \u0161io baldo i\u0161vaizd\u0105 ir ilgaam\u017ei\u0161kum\u0105.<\/p>","protected":false},"excerpt":{"rendered":"<p>Plotis (cm): 150,5<br \/>\n\u016agis (cm): 51<br \/>\nGylis (cm): 18<\/p>","protected":false},"featured_media":165871,"comment_status":"open","ping_status":"open","template":"","meta":[],"product_brand":[],"product_cat":[9513,4108,1175],"product_tag":[],"class_list":{"0":"post-165870","1":"product","2":"type-product","3":"status-publish","4":"has-post-thumbnail","6":"product_cat-furniture-system-natural-jarstol-meble","7":"product_cat-jarstol","8":"product_cat-tv-stands","10":"first","11":"instock","12":"purchasable","13":"product-type-simple"},"_links":{"self":[{"href":"https:\/\/baldumarket.lt\/lt\/wp-json\/wp\/v2\/product\/165870","targetHints":{"allow":["GET"]}}],"collection":[{"href":"https:\/\/baldumarket.lt\/lt\/wp-json\/wp\/v2\/product"}],"about":[{"href":"https:\/\/baldumarket.lt\/lt\/wp-json\/wp\/v2\/types\/product"}],"replies":[{"embeddable":true,"href":"https:\/\/baldumarket.lt\/lt\/wp-json\/wp\/v2\/comments?post=165870"}],"wp:featuredmedia":[{"embeddable":true,"href":"https:\/\/baldumarket.lt\/lt\/wp-json\/wp\/v2\/media\/165871"}],"wp:attachment":[{"href":"https:\/\/baldumarket.lt\/lt\/wp-json\/wp\/v2\/media?parent=165870"}],"wp:term":[{"taxonomy":"product_brand","embeddable":true,"href":"https:\/\/baldumarket.lt\/lt\/wp-json\/wp\/v2\/product_brand?post=165870"},{"taxonomy":"product_cat","embeddable":true,"href":"https:\/\/baldumarket.lt\/lt\/wp-json\/wp\/v2\/product_cat?post=165870"},{"taxonomy":"product_tag","embeddable":true,"href":"https:\/\/baldumarket.lt\/lt\/wp-json\/wp\/v2\/product_tag?post=165870"}],"curies":[{"name":"wp","href":"https:\/\/api.w.org\/{rel}","templated":true}]}}