{"id":165862,"date":"2025-12-19T15:39:41","date_gmt":"2025-12-19T12:39:41","guid":{"rendered":"https:\/\/baldumarket.lt\/product\/natural-13-komoda-rtv-2d1s-ribbeck\/"},"modified":"2026-04-12T16:05:34","modified_gmt":"2026-04-12T13:05:34","slug":"natural-13-komoda-rtv-2d1s-ribbeck","status":"publish","type":"product","link":"https:\/\/baldumarket.lt\/lt\/product\/natural-13-komoda-rtv-2d1s-ribbeck\/","title":{"rendered":"NATURAL-13 \u2013 2D1S Ribbeck TV komoda"},"content":{"rendered":"<p>\u201eNatural-13\u201c televizoriaus staliukas \u2013 unikalus dizaino elementas, kuris bet kokiam interjerui suteiks elegancijos ir charakterio. Sukurtas su moderniu prisilietimu, jis derina estetik\u0105 ir funkcionalum\u0105, tod\u0117l tai puiki vieta laikyti televizijos \u012frang\u0105 ir kitus smulkius daiktus. Minimalistinis dizainas leid\u017eia jam dera prie \u012fvairi\u0173 interjer\u0173 \u2013 nuo skandinavi\u0161ko iki industrinio ir klasikinio. \u201eRibbeck\u201c spalva suteikia jam nat\u016bralaus \u017eavesio, tod\u0117l jis yra ne tik baldas, bet ir tikras meno k\u016brinys bet kuriame interjere. Interjeras si\u016blo daugyb\u0119 galimybi\u0173 \u2013 trys lentynos, \u012fskaitant dvi kruop\u0161\u010diai pasl\u0117ptas u\u017e dureli\u0173, suteikia puiki\u0105 viet\u0105 dekoracijoms, dokumentams ar b\u016btiniausiems aksesuarams. Tvirta laminuotos plok\u0161t\u0117s konstrukcija u\u017etikrina patvarum\u0105 ir stabilum\u0105, tod\u0117l \u0161is baldas idealiai tinka kasdieniam naudojimui. Be to, d\u0117l \u0161velnaus u\u017edarymo sistemos spintel\u0117s naudojimas tampa malonumu, o ne vargais, suteikdamas j\u016bs\u0173 namams jaukumo ir ramyb\u0117s. Taip pat verta atkreipti d\u0117mes\u012f \u012f detales \u2013 sidabro spalvos metalin\u0117s ranken\u0117l\u0117s suteikia spintelei elegancijos ir yra ne tik esteti\u0161kai patrauklios, bet ir patvarios. Dar vienas \u0161io modelio privalumas \u2013 atidarymo spustel\u0117jus funkcija, leid\u017eianti lengvai atidaryti stal\u010di\u0173 be nereikaling\u0173 ranken\u0117li\u0173, pabr\u0117\u017eiant modern\u0173 \u0161io baldo charakter\u012f. \u201eNatural-13\u201c televizoriaus spintel\u0117 yra ne tik baldas, bet ir puikus b\u016bdas pabr\u0117\u017eti savo gyvenimo b\u016bd\u0105 bei skon\u012f.<\/p>","protected":false},"excerpt":{"rendered":"<p>Plotis (cm): 195,5<br \/>\n\u016agis (cm): 51<br \/>\nGylis (cm): 40,5<\/p>","protected":false},"featured_media":165863,"comment_status":"open","ping_status":"open","template":"","meta":[],"product_brand":[],"product_cat":[9513,4108,1175],"product_tag":[],"class_list":{"0":"post-165862","1":"product","2":"type-product","3":"status-publish","4":"has-post-thumbnail","6":"product_cat-furniture-system-natural-jarstol-meble","7":"product_cat-jarstol","8":"product_cat-tv-stands","10":"first","11":"instock","12":"purchasable","13":"product-type-simple"},"_links":{"self":[{"href":"https:\/\/baldumarket.lt\/lt\/wp-json\/wp\/v2\/product\/165862","targetHints":{"allow":["GET"]}}],"collection":[{"href":"https:\/\/baldumarket.lt\/lt\/wp-json\/wp\/v2\/product"}],"about":[{"href":"https:\/\/baldumarket.lt\/lt\/wp-json\/wp\/v2\/types\/product"}],"replies":[{"embeddable":true,"href":"https:\/\/baldumarket.lt\/lt\/wp-json\/wp\/v2\/comments?post=165862"}],"wp:featuredmedia":[{"embeddable":true,"href":"https:\/\/baldumarket.lt\/lt\/wp-json\/wp\/v2\/media\/165863"}],"wp:attachment":[{"href":"https:\/\/baldumarket.lt\/lt\/wp-json\/wp\/v2\/media?parent=165862"}],"wp:term":[{"taxonomy":"product_brand","embeddable":true,"href":"https:\/\/baldumarket.lt\/lt\/wp-json\/wp\/v2\/product_brand?post=165862"},{"taxonomy":"product_cat","embeddable":true,"href":"https:\/\/baldumarket.lt\/lt\/wp-json\/wp\/v2\/product_cat?post=165862"},{"taxonomy":"product_tag","embeddable":true,"href":"https:\/\/baldumarket.lt\/lt\/wp-json\/wp\/v2\/product_tag?post=165862"}],"curies":[{"name":"wp","href":"https:\/\/api.w.org\/{rel}","templated":true}]}}