{"id":165854,"date":"2025-12-19T15:39:24","date_gmt":"2025-12-19T12:39:24","guid":{"rendered":"https:\/\/baldumarket.lt\/product\/natural-14-szafa-narozna-2-drzwiowa-ribbeck\/"},"modified":"2026-04-12T16:05:34","modified_gmt":"2026-04-12T13:05:34","slug":"natural-14-szafa-narozna-2-drzwiowa-ribbeck","status":"publish","type":"product","link":"https:\/\/baldumarket.lt\/lt\/product\/natural-14-szafa-narozna-2-drzwiowa-ribbeck\/","title":{"rendered":"NATURAL-14 \u2013 Ribbeck kampin\u0117 spinta su dviem durimis"},"content":{"rendered":"<p>Suteikite savo interjerui harmonijos su \u201eJarstol\u201c kampine spinta NATURAL-14. Unikalus \u201eRibbeck\u201c dizainas tampa ne tik prakti\u0161ku elementu, bet ir tikra interjero puo\u0161mena. \u0160i dviej\u0173 dur\u0173 spinta puikiai dera prie bet kokio i\u0161d\u0117stymo, sukurdama erdv\u0119, kuri stebina stiliumi ir elegancija. Minimalistin\u0117 forma puikiai dera su moderniais ir klasikiniais sprendimais, suteikdama erdvei nat\u016bralaus \u017eavesio. Patirkite malonum\u0105 naudodamiesi \u0161ia funkcionalia spinta. Penkios lentynos ir prakti\u0161kas drabu\u017ei\u0173 kabykla NATURAL-14 leid\u017eia optimaliai valdyti erdv\u0119, tod\u0117l tai idealus sprendimas persirengimo kambariui, prie\u0161kambariui ar miegamajam. Prid\u0117j\u0119 papildomas lentynas, galite visi\u0161kai kontroliuoti savo asmenini\u0173 daikt\u0173 organizavim\u0105, tod\u0117l kiekviena diena tampa lengvesn\u0117 ir organizuotesn\u0117. Kiekviena \u0161ios spintos detal\u0117 buvo kruop\u0161\u010diai apgalvota, siekiant u\u017etikrinti ne tik estetik\u0105, bet ir funkcionalum\u0105. Tyliai u\u017esidarantys vyriai suteikia subtilumo, o metalin\u0117s rankenos \u2013 modernumo ir elegancijos. D\u0117l auk\u0161tos kokyb\u0117s laminuotos plok\u0161t\u0117s naudojimo baldai yra ne tik patvar\u016bs, bet ir atspar\u016bs kasdieniam naudojimui. NATURAL-14 yra daugiau nei tiesiog baldas \u2013 tai investicija \u012f stili\u0173 ir komfort\u0105.<\/p>","protected":false},"excerpt":{"rendered":"<p>Plotis (cm): 109<br \/>\n\u016agis (cm): 200,5<br \/>\nGylis (cm): 40,5<\/p>","protected":false},"featured_media":165855,"comment_status":"open","ping_status":"open","template":"","meta":[],"product_brand":[],"product_cat":[9513,4108,1177],"product_tag":[],"class_list":{"0":"post-165854","1":"product","2":"type-product","3":"status-publish","4":"has-post-thumbnail","6":"product_cat-furniture-system-natural-jarstol-meble","7":"product_cat-jarstol","8":"product_cat-wardrobes","10":"first","11":"instock","12":"purchasable","13":"product-type-simple"},"_links":{"self":[{"href":"https:\/\/baldumarket.lt\/lt\/wp-json\/wp\/v2\/product\/165854","targetHints":{"allow":["GET"]}}],"collection":[{"href":"https:\/\/baldumarket.lt\/lt\/wp-json\/wp\/v2\/product"}],"about":[{"href":"https:\/\/baldumarket.lt\/lt\/wp-json\/wp\/v2\/types\/product"}],"replies":[{"embeddable":true,"href":"https:\/\/baldumarket.lt\/lt\/wp-json\/wp\/v2\/comments?post=165854"}],"wp:featuredmedia":[{"embeddable":true,"href":"https:\/\/baldumarket.lt\/lt\/wp-json\/wp\/v2\/media\/165855"}],"wp:attachment":[{"href":"https:\/\/baldumarket.lt\/lt\/wp-json\/wp\/v2\/media?parent=165854"}],"wp:term":[{"taxonomy":"product_brand","embeddable":true,"href":"https:\/\/baldumarket.lt\/lt\/wp-json\/wp\/v2\/product_brand?post=165854"},{"taxonomy":"product_cat","embeddable":true,"href":"https:\/\/baldumarket.lt\/lt\/wp-json\/wp\/v2\/product_cat?post=165854"},{"taxonomy":"product_tag","embeddable":true,"href":"https:\/\/baldumarket.lt\/lt\/wp-json\/wp\/v2\/product_tag?post=165854"}],"curies":[{"name":"wp","href":"https:\/\/api.w.org\/{rel}","templated":true}]}}