{"id":165846,"date":"2025-12-19T15:39:05","date_gmt":"2025-12-19T12:39:05","guid":{"rendered":"https:\/\/baldumarket.lt\/product\/natural-15-komoda-narozna-3d2s-ribbeck\/"},"modified":"2026-04-12T16:05:34","modified_gmt":"2026-04-12T13:05:34","slug":"natural-15-komoda-narozna-3d2s-ribbeck","status":"publish","type":"product","link":"https:\/\/baldumarket.lt\/lt\/product\/natural-15-komoda-narozna-3d2s-ribbeck\/","title":{"rendered":"NATURAL-15 \u2013 Kampin\u0117 komoda 3D2S Ribbeck"},"content":{"rendered":"<p>NATURAL-15 kampin\u0117 komoda puikiai papildys bet kok\u012f interjer\u0105, kuriame vertinama ir estetika, ir funkcionalumas. Pagaminta i\u0161 auk\u0161\u010diausios kokyb\u0117s laminuotos plok\u0161t\u0117s \u2019Ribbeck\u2019 spalvos, \u0161i komoda suteiks j\u016bs\u0173 namams jauki\u0105 ir moderni\u0105 atmosfer\u0105. Eleganti\u0161kas dizainas puikiai dera su \u012fvairiais interjero stiliais \u2013 nuo \u200b\u200bskandinavi\u0161ko iki industrinio. D\u0117l kruop\u0161\u010diai parinkt\u0173 atspalvi\u0173 \u0161i komoda suteikia harmonijos ir ramyb\u0117s, tod\u0117l puikiai dera prie bet kurio kambario. NATURAL-15 komodos prakti\u0161kumas akivaizdus d\u0117l i\u0161manaus vidaus i\u0161d\u0117stymo. Trys spintel\u0117s, i\u0161 kuri\u0173 dvi sujungtos bendra lentyna, ir dar du stal\u010diai leid\u017eia lengvai laikyti ir organizuoti \u012fvairius daiktus. \u201ePush-to-Open\u201c sistema leid\u017eia greitai ir patogiai atidaryti stal\u010dius, o subtili j\u0173 apdaila suteikia elegancijos visai konstrukcijai. D\u0117l apgalvoto vidaus organizavimo gausite ne tik funkcionalum\u0105, bet ir stiling\u0105 dekoratyvin\u012f element\u0105. Taip pat verta atkreipti d\u0117mes\u012f \u012f detales, kurios rodo NATURAL-15 komodos meistri\u0161kumo kokyb\u0119. \u0160velniai u\u017esidaran\u010dios spintel\u0117s ir metalin\u0117s rankenos u\u017etikrina ne tik estetin\u0119 harmonij\u0105, bet ir patvarum\u0105 bei naudojimo komfort\u0105. \u0160is baldas sujungia novatori\u0161kus sprendimus su nesenstan\u010diu stiliumi, tod\u0117l tai puikus pasirinkimas tiems, kurie vertina komfort\u0105 ir modern\u0173 dizain\u0105.<\/p>","protected":false},"excerpt":{"rendered":"<p>Plotis (cm): 132<br \/>\n\u016agis (cm): 99<br \/>\nGylis (cm): 53,5<\/p>","protected":false},"featured_media":165847,"comment_status":"open","ping_status":"open","template":"","meta":[],"product_brand":[],"product_cat":[9513,1173,4108],"product_tag":[],"class_list":{"0":"post-165846","1":"product","2":"type-product","3":"status-publish","4":"has-post-thumbnail","6":"product_cat-furniture-system-natural-jarstol-meble","7":"product_cat-chests-of-drawers","8":"product_cat-jarstol","10":"first","11":"instock","12":"purchasable","13":"product-type-simple"},"_links":{"self":[{"href":"https:\/\/baldumarket.lt\/lt\/wp-json\/wp\/v2\/product\/165846","targetHints":{"allow":["GET"]}}],"collection":[{"href":"https:\/\/baldumarket.lt\/lt\/wp-json\/wp\/v2\/product"}],"about":[{"href":"https:\/\/baldumarket.lt\/lt\/wp-json\/wp\/v2\/types\/product"}],"replies":[{"embeddable":true,"href":"https:\/\/baldumarket.lt\/lt\/wp-json\/wp\/v2\/comments?post=165846"}],"wp:featuredmedia":[{"embeddable":true,"href":"https:\/\/baldumarket.lt\/lt\/wp-json\/wp\/v2\/media\/165847"}],"wp:attachment":[{"href":"https:\/\/baldumarket.lt\/lt\/wp-json\/wp\/v2\/media?parent=165846"}],"wp:term":[{"taxonomy":"product_brand","embeddable":true,"href":"https:\/\/baldumarket.lt\/lt\/wp-json\/wp\/v2\/product_brand?post=165846"},{"taxonomy":"product_cat","embeddable":true,"href":"https:\/\/baldumarket.lt\/lt\/wp-json\/wp\/v2\/product_cat?post=165846"},{"taxonomy":"product_tag","embeddable":true,"href":"https:\/\/baldumarket.lt\/lt\/wp-json\/wp\/v2\/product_tag?post=165846"}],"curies":[{"name":"wp","href":"https:\/\/api.w.org\/{rel}","templated":true}]}}