{"id":165839,"date":"2025-12-19T15:38:48","date_gmt":"2025-12-19T12:38:48","guid":{"rendered":"https:\/\/baldumarket.lt\/product\/natural-16-biurko-4-szuflady-ribbeck\/"},"modified":"2026-04-12T16:05:34","modified_gmt":"2026-04-12T13:05:34","slug":"natural-16-biurko-4-szuflady-ribbeck","status":"publish","type":"product","link":"https:\/\/baldumarket.lt\/lt\/product\/natural-16-biurko-4-szuflady-ribbeck\/","title":{"rendered":"NATURAL-16 \u2013 Ribbeck ra\u0161omasis stalas su 4 stal\u010diais"},"content":{"rendered":"<p>\u201eNATURAL-16\u201c ra\u0161omasis stalas, apdailintas \u201eRibbek\u201c danga, suteikia \u0161ilumos ir jaukumo bet kuriai erdvei, paversdamas bet kur\u012f biur\u0105, darbo kambar\u012f ar net svetain\u0119 vieta, tinkan\u010dia tiek darbui, tiek poilsiui. Minimalistinis dizainas dera su \u012fvairiais baldais, suteikdamas klas\u0117s ir stiliaus. Keturiais erdviais stal\u010diais apr\u016bpintas \u201eNATURAL-16\u201c ra\u0161omasis stalas si\u016blo prakti\u0161kus sprendimus tiems, kurie vertina tvark\u0105. Kiekviename stal\u010diuje galite laikyti dokumentus, knygas ir kitus priedus, kuriuos norite visada tur\u0117ti po ranka. D\u0117l sumaniai i\u0161d\u0117stytos i\u0161traukiamos lentynos klaviat\u016brai ar u\u017era\u0161\u0173 knygoms stalas taupo verting\u0105 viet\u0105 ant stalo, tod\u0117l lengviau organizuoti darb\u0105 ir atlikti kasdienes u\u017eduotis. Pagamintas i\u0161 auk\u0161tos kokyb\u0117s laminuotos plok\u0161t\u0117s, stalas yra tvirtas ir patvarus, tod\u0117l tarnauja ilgai. Metalin\u0117s rankenos ir \u0161velniai u\u017esidarantys vyriai yra ne tik prakti\u0161kos, bet ir subtili detal\u0117, pagerinanti bendr\u0105 i\u0161vaizd\u0105. Kiekvienas baldas buvo sukurtas atsi\u017evelgiant \u012f tiksl\u0173 funkcionalum\u0105 ir estetik\u0105, tod\u0117l jis yra ne tik naudingas, bet ir eleganti\u0161kas interjero papildymas.<\/p>","protected":false},"excerpt":{"rendered":"<p>Plotis (cm): 120<br \/>\n\u016agis (cm): 78<br \/>\nGylis (cm): 40,5<\/p>","protected":false},"featured_media":165840,"comment_status":"open","ping_status":"open","template":"","meta":[],"product_brand":[],"product_cat":[9513,1312,4108],"product_tag":[],"class_list":{"0":"post-165839","1":"product","2":"type-product","3":"status-publish","4":"has-post-thumbnail","6":"product_cat-furniture-system-natural-jarstol-meble","7":"product_cat-desks","8":"product_cat-jarstol","10":"first","11":"instock","12":"purchasable","13":"product-type-simple"},"_links":{"self":[{"href":"https:\/\/baldumarket.lt\/lt\/wp-json\/wp\/v2\/product\/165839","targetHints":{"allow":["GET"]}}],"collection":[{"href":"https:\/\/baldumarket.lt\/lt\/wp-json\/wp\/v2\/product"}],"about":[{"href":"https:\/\/baldumarket.lt\/lt\/wp-json\/wp\/v2\/types\/product"}],"replies":[{"embeddable":true,"href":"https:\/\/baldumarket.lt\/lt\/wp-json\/wp\/v2\/comments?post=165839"}],"wp:featuredmedia":[{"embeddable":true,"href":"https:\/\/baldumarket.lt\/lt\/wp-json\/wp\/v2\/media\/165840"}],"wp:attachment":[{"href":"https:\/\/baldumarket.lt\/lt\/wp-json\/wp\/v2\/media?parent=165839"}],"wp:term":[{"taxonomy":"product_brand","embeddable":true,"href":"https:\/\/baldumarket.lt\/lt\/wp-json\/wp\/v2\/product_brand?post=165839"},{"taxonomy":"product_cat","embeddable":true,"href":"https:\/\/baldumarket.lt\/lt\/wp-json\/wp\/v2\/product_cat?post=165839"},{"taxonomy":"product_tag","embeddable":true,"href":"https:\/\/baldumarket.lt\/lt\/wp-json\/wp\/v2\/product_tag?post=165839"}],"curies":[{"name":"wp","href":"https:\/\/api.w.org\/{rel}","templated":true}]}}