{"id":165833,"date":"2025-12-19T15:38:35","date_gmt":"2025-12-19T12:38:35","guid":{"rendered":"https:\/\/baldumarket.lt\/product\/natural-17-lozko-ze-stelazem-160x200-cm-ribbeck\/"},"modified":"2026-04-12T16:05:34","modified_gmt":"2026-04-12T13:05:34","slug":"natural-17-lozko-ze-stelazem-160x200-cm-ribbeck","status":"publish","type":"product","link":"https:\/\/baldumarket.lt\/lt\/product\/natural-17-lozko-ze-stelazem-160x200-cm-ribbeck\/","title":{"rendered":"NATURAL-17 &#8211; Lova su r\u0117mu 160&#215;200 cm Ribbeck"},"content":{"rendered":"<p>Lova \u201eNATURAL-17\u201c su 160\u00d7200 cm \u201eRibbeck\u201c r\u0117mu \u2013 puikus pasirinkimas tiems, kurie miegamajame vertina elegancij\u0105 ir funkcionalum\u0105. \u0160i dvigul\u0117 lova i\u0161 \u201eNatural\u201c kolekcijos traukia ak\u012f patraukliu dizainu ir prislopinta spalva, kuri bet kokiam interjerui suteiks dar jaukumo. D\u0117l auk\u0161tos kokyb\u0117s laminuot\u0173 lent\u0173 naudojimo lovos konstrukcija yra ne tik esteti\u0161kai patraukli, bet ir itin patvari, u\u017etikrinanti ilgalaik\u012f naudojim\u0105. Subtilios, ta\u010diau \u012fsp\u016bdingos linijos kartu su \u201eRibbeck\u201c atspalviu sukuria darni\u0105 visum\u0105, kuri puikiai dera prie \u012fvairi\u0173 interjero stili\u0173. \u0160is sprendimas suteiks elegancijos ir \u0161ilumos bet kuriam miegamajam, paversdamas j\u012f jaukumo ir atsipalaidavimo oaze. Verta pamin\u0117ti, kad lova si\u016bloma vienos, universalios spalvos, puikiai atitinkan\u010dios dabartines interjero dizaino tendencijas. Lovos \u201eNATURAL-17\u201c prakti\u0161kumas slypi ir jos funkcionalume. \u012emontuotas pak\u0117limo mechanizmas leid\u017eia patogiai laikyti patalyn\u0119, pagalves ir antklodes. Tai suteikia papildomos vietos, kuri\u0105 galima panaudoti kitiems aksesuarams ar asmeniniams daiktams. Tai idealus sprendimas ribotai miegamojo erdvei, kur svarbi kiekviena atsipalaidavimo akimirka.<\/p>","protected":false},"excerpt":{"rendered":"<p>Plotis (cm): 167,3<br \/>\n\u016agis (cm): 102,1<br \/>\nGylis (cm): 60<\/p>","protected":false},"featured_media":165834,"comment_status":"open","ping_status":"open","template":"","meta":[],"product_brand":[],"product_cat":[9513,505,1971,4108],"product_tag":[],"class_list":{"0":"post-165833","1":"product","2":"type-product","3":"status-publish","4":"has-post-thumbnail","6":"product_cat-furniture-system-natural-jarstol-meble","7":"product_cat-bedroom-beds","8":"product_cat-beds-160x200","9":"product_cat-jarstol","11":"first","12":"instock","13":"purchasable","14":"product-type-simple"},"_links":{"self":[{"href":"https:\/\/baldumarket.lt\/lt\/wp-json\/wp\/v2\/product\/165833","targetHints":{"allow":["GET"]}}],"collection":[{"href":"https:\/\/baldumarket.lt\/lt\/wp-json\/wp\/v2\/product"}],"about":[{"href":"https:\/\/baldumarket.lt\/lt\/wp-json\/wp\/v2\/types\/product"}],"replies":[{"embeddable":true,"href":"https:\/\/baldumarket.lt\/lt\/wp-json\/wp\/v2\/comments?post=165833"}],"wp:featuredmedia":[{"embeddable":true,"href":"https:\/\/baldumarket.lt\/lt\/wp-json\/wp\/v2\/media\/165834"}],"wp:attachment":[{"href":"https:\/\/baldumarket.lt\/lt\/wp-json\/wp\/v2\/media?parent=165833"}],"wp:term":[{"taxonomy":"product_brand","embeddable":true,"href":"https:\/\/baldumarket.lt\/lt\/wp-json\/wp\/v2\/product_brand?post=165833"},{"taxonomy":"product_cat","embeddable":true,"href":"https:\/\/baldumarket.lt\/lt\/wp-json\/wp\/v2\/product_cat?post=165833"},{"taxonomy":"product_tag","embeddable":true,"href":"https:\/\/baldumarket.lt\/lt\/wp-json\/wp\/v2\/product_tag?post=165833"}],"curies":[{"name":"wp","href":"https:\/\/api.w.org\/{rel}","templated":true}]}}