{"id":165821,"date":"2025-12-19T15:38:07","date_gmt":"2025-12-19T12:38:07","guid":{"rendered":"https:\/\/baldumarket.lt\/product\/natural-19-stolik-kawowy-ribbeck\/"},"modified":"2026-04-12T16:05:34","modified_gmt":"2026-04-12T13:05:34","slug":"natural-19-stolik-kawowy-ribbeck","status":"publish","type":"product","link":"https:\/\/baldumarket.lt\/lt\/product\/natural-19-stolik-kawowy-ribbeck\/","title":{"rendered":"NATURAL-19 &#8211; Ribbeck kavos staliukas"},"content":{"rendered":"<p>\u201eJarstol\u201c \u201eRibbeck\u201c kavos staliukas \u2013 tai unikalus sprendimas, kuris bet kokiam interjerui suteiks stiliaus ir elegancijos. Klasikinis dizainas ir nat\u016bralus \u201eRibbeck\u201c stalvir\u0161io, pagaminto i\u0161 auk\u0161tos kokyb\u0117s laminuotos plok\u0161t\u0117s, atspalvis puikiai tinka \u012fvairiems i\u0161d\u0117stymams \u2013 tiek moderniems, tiek tradiciniams. D\u0117l savo matmen\u0173 \u2013 65 cm plo\u010dio ir 57 cm auk\u0161\u010dio \u2013 jis puikiai papildys bet kuri\u0105 svetain\u0119, sukurdamas traukos centr\u0105, aplink kur\u012f suksis bendravimas. Vienas did\u017eiausi\u0173 \u0161io stalo privalum\u0173 \u2013 i\u0161skirtinis funkcionalumas. Lentyna leid\u017eia laikyti b\u016btiniausius priedus, tokius kaip nuotolinio valdymo pulteliai, \u017eurnalai ar m\u0117gstamos knygos, kad jie visada b\u016bt\u0173 po ranka. Tai pa\u0161alins netvark\u0105 j\u016bs\u0173 interjere ir suteiks jam modern\u0173 bei tvarking\u0105 vaizd\u0105. \u201eRibbeck\u201c staliukas neabejotinai taps ne\u012fkainojamu kasdieniu aksesuaru, paversdamas j\u012f malonia vieta atsipalaiduoti su kava ar arbata. Pagamintas i\u0161 tvirt\u0173 med\u017eiag\u0173, toki\u0173 kaip laminuota plok\u0161t\u0117, jis u\u017etikrina ne tik patvarum\u0105, bet ir lengv\u0105 prie\u017ei\u016br\u0105. Stalvir\u0161is yra atsparus \u012fbr\u0117\u017eimams ir kar\u0161\u010diui, tod\u0117l kasdienis naudojimas yra be r\u016bpes\u010di\u0173. Be to, stalas yra sukurtas taip, kad j\u012f b\u016bt\u0173 galima surinkti savaranki\u0161kai, tod\u0117l jis yra itin prakti\u0161kas transportuojant ir perkeliamas. Stalo vietos keitimas dabar yra vienas juokas!<\/p>","protected":false},"excerpt":{"rendered":"<p>Plotis (cm): 65<br \/>\n\u016agis (cm): 57<br \/>\nGylis (cm): 40,5<\/p>","protected":false},"featured_media":165822,"comment_status":"open","ping_status":"open","template":"","meta":[],"product_brand":[],"product_cat":[9513,866,4108],"product_tag":[],"class_list":{"0":"post-165821","1":"product","2":"type-product","3":"status-publish","4":"has-post-thumbnail","6":"product_cat-furniture-system-natural-jarstol-meble","7":"product_cat-coffee-tables","8":"product_cat-jarstol","10":"first","11":"instock","12":"purchasable","13":"product-type-simple"},"_links":{"self":[{"href":"https:\/\/baldumarket.lt\/lt\/wp-json\/wp\/v2\/product\/165821","targetHints":{"allow":["GET"]}}],"collection":[{"href":"https:\/\/baldumarket.lt\/lt\/wp-json\/wp\/v2\/product"}],"about":[{"href":"https:\/\/baldumarket.lt\/lt\/wp-json\/wp\/v2\/types\/product"}],"replies":[{"embeddable":true,"href":"https:\/\/baldumarket.lt\/lt\/wp-json\/wp\/v2\/comments?post=165821"}],"wp:featuredmedia":[{"embeddable":true,"href":"https:\/\/baldumarket.lt\/lt\/wp-json\/wp\/v2\/media\/165822"}],"wp:attachment":[{"href":"https:\/\/baldumarket.lt\/lt\/wp-json\/wp\/v2\/media?parent=165821"}],"wp:term":[{"taxonomy":"product_brand","embeddable":true,"href":"https:\/\/baldumarket.lt\/lt\/wp-json\/wp\/v2\/product_brand?post=165821"},{"taxonomy":"product_cat","embeddable":true,"href":"https:\/\/baldumarket.lt\/lt\/wp-json\/wp\/v2\/product_cat?post=165821"},{"taxonomy":"product_tag","embeddable":true,"href":"https:\/\/baldumarket.lt\/lt\/wp-json\/wp\/v2\/product_tag?post=165821"}],"curies":[{"name":"wp","href":"https:\/\/api.w.org\/{rel}","templated":true}]}}