{"id":165815,"date":"2025-12-19T15:37:50","date_gmt":"2025-12-19T12:37:50","guid":{"rendered":"https:\/\/baldumarket.lt\/product\/natural-20-stolik-kawowy-lawa-ribbeck\/"},"modified":"2026-04-12T16:05:25","modified_gmt":"2026-04-12T13:05:25","slug":"natural-20-stolik-kawowy-lawa-ribbeck","status":"publish","type":"product","link":"https:\/\/baldumarket.lt\/lt\/product\/natural-20-stolik-kawowy-lawa-ribbeck\/","title":{"rendered":"NATURAL-20 \u2013 Ribbeck kavos staliukas"},"content":{"rendered":"<p>Atraskite paprastumo gro\u017e\u012f su \u201eJarstol\u201c \u201eRibbeck\u201c kavos staliuku, kuris taps j\u016bs\u0173 interjero \u0161irdimi. Minimalistinio dizaino \u017eavesys puikiai tinka tiek moderniam, tiek klasikiniam stiliui. Subtilios, ta\u010diau i\u0161rai\u0161kingos linijos traukia ak\u012f, o \u0161ilta \u201eKronospan 5493\u201c kolekcijos \u201eRibbeck\u201c stalvir\u0161io spalva suteikia jaukumo bet kuriam kambariui. \u0160is didelis kavos staliukas, derinantis estetik\u0105 ir funkcionalum\u0105, yra ne tik baldas, bet ir puikus sprendimas daikt\u0173 laikymui. \u012erengtas patogia lentyna, jis puikiai tinka nuotolinio valdymo pultams, \u017eurnalams ir kitiems smulkiems aksesuarams laikyti po ranka. Jis puikiai tinka svetainei, sve\u010di\u0173 kambariui ar net biurui, tapdamas prakti\u0161ku kasdieniu aksesuaru. \u201eRibbeck\u201c kavos staliukas yra harmoningas funkcionalumo ir estetikos derinys. J\u012f galima lengvai surinkti pagal j\u016bs\u0173 interjer\u0105. Jo matmenys \u2013 120 cm plo\u010dio, 57 cm auk\u0161\u010dio ir 65 cm gylio \u2013 leid\u017eia j\u012f lengvai pritaikyti \u012fvairiose erdv\u0117se, tuo pa\u010diu u\u017etikrinant patog\u0173 naudojim\u0105.<\/p>","protected":false},"excerpt":{"rendered":"<p>Plotis (cm): 120<br \/>\n\u016agis (cm): 57<br \/>\nGylis (cm): 65<\/p>","protected":false},"featured_media":165816,"comment_status":"open","ping_status":"open","template":"","meta":[],"product_brand":[],"product_cat":[9513,866,4108],"product_tag":[],"class_list":{"0":"post-165815","1":"product","2":"type-product","3":"status-publish","4":"has-post-thumbnail","6":"product_cat-furniture-system-natural-jarstol-meble","7":"product_cat-coffee-tables","8":"product_cat-jarstol","10":"first","11":"instock","12":"purchasable","13":"product-type-simple"},"_links":{"self":[{"href":"https:\/\/baldumarket.lt\/lt\/wp-json\/wp\/v2\/product\/165815","targetHints":{"allow":["GET"]}}],"collection":[{"href":"https:\/\/baldumarket.lt\/lt\/wp-json\/wp\/v2\/product"}],"about":[{"href":"https:\/\/baldumarket.lt\/lt\/wp-json\/wp\/v2\/types\/product"}],"replies":[{"embeddable":true,"href":"https:\/\/baldumarket.lt\/lt\/wp-json\/wp\/v2\/comments?post=165815"}],"wp:featuredmedia":[{"embeddable":true,"href":"https:\/\/baldumarket.lt\/lt\/wp-json\/wp\/v2\/media\/165816"}],"wp:attachment":[{"href":"https:\/\/baldumarket.lt\/lt\/wp-json\/wp\/v2\/media?parent=165815"}],"wp:term":[{"taxonomy":"product_brand","embeddable":true,"href":"https:\/\/baldumarket.lt\/lt\/wp-json\/wp\/v2\/product_brand?post=165815"},{"taxonomy":"product_cat","embeddable":true,"href":"https:\/\/baldumarket.lt\/lt\/wp-json\/wp\/v2\/product_cat?post=165815"},{"taxonomy":"product_tag","embeddable":true,"href":"https:\/\/baldumarket.lt\/lt\/wp-json\/wp\/v2\/product_tag?post=165815"}],"curies":[{"name":"wp","href":"https:\/\/api.w.org\/{rel}","templated":true}]}}