{"id":165808,"date":"2025-12-19T15:37:34","date_gmt":"2025-12-19T12:37:34","guid":{"rendered":"https:\/\/baldumarket.lt\/product\/tadeusz-1-komoda-4-szuflady-dab-lefkas\/"},"modified":"2026-04-12T16:05:25","modified_gmt":"2026-04-12T13:05:25","slug":"tadeusz-1-komoda-4-szuflady-dab-lefkas","status":"publish","type":"product","link":"https:\/\/baldumarket.lt\/lt\/product\/tadeusz-1-komoda-4-szuflady-dab-lefkas\/","title":{"rendered":"TADEUSZ-1 \u2013 Komoda su 4 stal\u010diais, Lefkas \u0105\u017euolas"},"content":{"rendered":"<p>Atraskite m\u016bs\u0173 komodos \u201eTadeusz-1\u201c elegancij\u0105 ir funkcionalum\u0105. Pagaminta i\u0161 auk\u0161tos kokyb\u0117s laminuotos plok\u0161t\u0117s su \u201eLefkas Oak\u201c atspalviu, tai puikus sprendimas tiems, kurie vertina modern\u0173 dizain\u0105 ir prakti\u0161kum\u0105. Minimalistin\u0117 forma neabejotinai tiks \u012fvairiuose interjeruose \u2013 nuo miegamojo iki vaiko kambario, suteikdama bet kuriai erdvei stilingo akcento. \u0160i komoda turi keturis erdvius stal\u010dius, kurie leid\u017eia efektyviai organizuoti daiktus. Metaliniai b\u0117geliai leid\u017eia juos atidaryti ir u\u017edaryti nepaprastai maloniai ir skland\u017eiai. Stal\u010diai idealiai tinka drabu\u017eiams, patalynei ar \u017eaislams laikyti, u\u017etikrinant, kad j\u016bs\u0173 erdv\u0117 visada i\u0161likt\u0173 tvarkinga ir tvarkinga. Kiekviena \u0161ios komodos detal\u0117 buvo kruop\u0161\u010diai apgalvota, tod\u0117l ji yra ne tik prakti\u0161kas baldas, bet ir tikra j\u016bs\u0173 interjero puo\u0161mena. Pagrindin\u0117s jos savyb\u0117s \u2013 auksin\u0117s ranken\u0117l\u0117s, suteikian\u010dios klas\u0117s, ir i\u0161skirtinis patvarumas d\u0117l auk\u0161tos kokyb\u0117s med\u017eiag\u0173. Nesvarbu, ar pasirinksite \u201eLefkas Oak\u201c korpuso spalv\u0105, ar kit\u0105 atspalv\u012f i\u0161 tos pa\u010dios kolekcijos, \u201eTadeusz-1\u201c komoda daugel\u012f met\u0173 i\u0161laikys savo pirmin\u0119 i\u0161vaizd\u0105.<\/p>","protected":false},"excerpt":{"rendered":"<p>Plotis (cm): 90<br \/>\n\u016agis (cm): 90<br \/>\nGylis (cm): 65<\/p>","protected":false},"featured_media":165809,"comment_status":"open","ping_status":"open","template":"","meta":[],"product_brand":[],"product_cat":[9515,1173,4108],"product_tag":[],"class_list":{"0":"post-165808","1":"product","2":"type-product","3":"status-publish","4":"has-post-thumbnail","6":"product_cat-furniture-system-tadeusz-jarstol-meble","7":"product_cat-chests-of-drawers","8":"product_cat-jarstol","10":"first","11":"instock","12":"purchasable","13":"product-type-simple"},"_links":{"self":[{"href":"https:\/\/baldumarket.lt\/lt\/wp-json\/wp\/v2\/product\/165808","targetHints":{"allow":["GET"]}}],"collection":[{"href":"https:\/\/baldumarket.lt\/lt\/wp-json\/wp\/v2\/product"}],"about":[{"href":"https:\/\/baldumarket.lt\/lt\/wp-json\/wp\/v2\/types\/product"}],"replies":[{"embeddable":true,"href":"https:\/\/baldumarket.lt\/lt\/wp-json\/wp\/v2\/comments?post=165808"}],"wp:featuredmedia":[{"embeddable":true,"href":"https:\/\/baldumarket.lt\/lt\/wp-json\/wp\/v2\/media\/165809"}],"wp:attachment":[{"href":"https:\/\/baldumarket.lt\/lt\/wp-json\/wp\/v2\/media?parent=165808"}],"wp:term":[{"taxonomy":"product_brand","embeddable":true,"href":"https:\/\/baldumarket.lt\/lt\/wp-json\/wp\/v2\/product_brand?post=165808"},{"taxonomy":"product_cat","embeddable":true,"href":"https:\/\/baldumarket.lt\/lt\/wp-json\/wp\/v2\/product_cat?post=165808"},{"taxonomy":"product_tag","embeddable":true,"href":"https:\/\/baldumarket.lt\/lt\/wp-json\/wp\/v2\/product_tag?post=165808"}],"curies":[{"name":"wp","href":"https:\/\/api.w.org\/{rel}","templated":true}]}}