{"id":165800,"date":"2025-12-19T15:37:17","date_gmt":"2025-12-19T12:37:17","guid":{"rendered":"https:\/\/baldumarket.lt\/product\/tadeusz-1-komoda-4-szuflady-dab-stuletni\/"},"modified":"2026-04-12T16:05:25","modified_gmt":"2026-04-12T13:05:25","slug":"tadeusz-1-komoda-4-szuflady-dab-stuletni","status":"publish","type":"product","link":"https:\/\/baldumarket.lt\/lt\/product\/tadeusz-1-komoda-4-szuflady-dab-stuletni\/","title":{"rendered":"TADEUSZ-1 \u2013 Komoda su 4 stal\u010diais, \u0105\u017euolo spalvos"},"content":{"rendered":"<p>Komoda TADEUSZ-1 traukia d\u0117mes\u012f nat\u016braliu, \u0161iltu atspalviu, suteikian\u010diu jaukumo miegamajam, svetainei ar vaik\u0173 kambariui. Unikali i\u0161vaizda paver\u010dia j\u0105 tikru bet kurio kambario centriniu akcentu, deran\u010diu su \u012fvairiais i\u0161d\u0117stymais. Komodos TADEUSZ-1 prakti\u0161kumas su keturiais erdviais stal\u010diais idealiai tinka kasdieniam naudojimui. Joje galite laikyti visk\u0105 \u2013 nuo drabu\u017ei\u0173 iki \u017eaisl\u0173, tod\u0117l palaikysite tvark\u0105 kiekviename nam\u0173 kampelyje. 44 cm gylis daro j\u0105 kompakti\u0161k\u0105, ta\u010diau ne\u012ftik\u0117tinai erdvi\u0105, tod\u0117l tai funkcionalus sprendimas tiems, kurie vertina erdv\u0117s organizavim\u0105. Aukso spalvos metalin\u0117s ranken\u0117l\u0117s yra dar vienas elementas, suteikiantis \u0161iai komodai elegancijos ir subtilaus blizgesio. D\u0117l auk\u0161tos kokyb\u0117s metalini\u0173 b\u0117geli\u0173 stal\u010diai slysta skland\u017eiai ir tyliai, u\u017etikrindami i\u0161skirtin\u012f komfort\u0105 kasdien naudojant. Kiekvienas stal\u010diaus atidarymas yra malonumas, kur\u012f lemia kruop\u0161tus d\u0117mesys detal\u0117ms.<\/p>","protected":false},"excerpt":{"rendered":"<p>Plotis (cm): 90<br \/>\n\u016agis (cm): 90<br \/>\nGylis (cm): 44<\/p>","protected":false},"featured_media":165801,"comment_status":"open","ping_status":"open","template":"","meta":[],"product_brand":[],"product_cat":[9515,1173,4108],"product_tag":[],"class_list":{"0":"post-165800","1":"product","2":"type-product","3":"status-publish","4":"has-post-thumbnail","6":"product_cat-furniture-system-tadeusz-jarstol-meble","7":"product_cat-chests-of-drawers","8":"product_cat-jarstol","10":"first","11":"instock","12":"purchasable","13":"product-type-simple"},"_links":{"self":[{"href":"https:\/\/baldumarket.lt\/lt\/wp-json\/wp\/v2\/product\/165800","targetHints":{"allow":["GET"]}}],"collection":[{"href":"https:\/\/baldumarket.lt\/lt\/wp-json\/wp\/v2\/product"}],"about":[{"href":"https:\/\/baldumarket.lt\/lt\/wp-json\/wp\/v2\/types\/product"}],"replies":[{"embeddable":true,"href":"https:\/\/baldumarket.lt\/lt\/wp-json\/wp\/v2\/comments?post=165800"}],"wp:featuredmedia":[{"embeddable":true,"href":"https:\/\/baldumarket.lt\/lt\/wp-json\/wp\/v2\/media\/165801"}],"wp:attachment":[{"href":"https:\/\/baldumarket.lt\/lt\/wp-json\/wp\/v2\/media?parent=165800"}],"wp:term":[{"taxonomy":"product_brand","embeddable":true,"href":"https:\/\/baldumarket.lt\/lt\/wp-json\/wp\/v2\/product_brand?post=165800"},{"taxonomy":"product_cat","embeddable":true,"href":"https:\/\/baldumarket.lt\/lt\/wp-json\/wp\/v2\/product_cat?post=165800"},{"taxonomy":"product_tag","embeddable":true,"href":"https:\/\/baldumarket.lt\/lt\/wp-json\/wp\/v2\/product_tag?post=165800"}],"curies":[{"name":"wp","href":"https:\/\/api.w.org\/{rel}","templated":true}]}}