{"id":165793,"date":"2025-12-19T15:37:00","date_gmt":"2025-12-19T12:37:00","guid":{"rendered":"https:\/\/baldumarket.lt\/product\/tadeusz-2-komoda-2d1s-dab-lefkas\/"},"modified":"2026-04-12T16:05:25","modified_gmt":"2026-04-12T13:05:25","slug":"tadeusz-2-komoda-2d1s-dab-lefkas","status":"publish","type":"product","link":"https:\/\/baldumarket.lt\/lt\/product\/tadeusz-2-komoda-2d1s-dab-lefkas\/","title":{"rendered":"TADEUSZ-2 \u2013 Komoda 2D1S Lefkas \u0104\u017euolas"},"content":{"rendered":"<p>Komoda TADEUSZ-2 \u2013 eleganti\u0161kas baldas, kuris patenkins net ir i\u0161rankiausius vartotojus. Pagaminta i\u0161 auk\u0161tos kokyb\u0117s laminuotos Lefko \u0105\u017euolo plok\u0161t\u0117s, ji spinduliuoja nat\u016braliu medienos gro\u017eiu, suteikdama \u0161ilumos ir jaukumo bet kokiam interjerui. Universalus stilius leid\u017eia j\u0105 pritaikyti tiek moderniam, tiek klasikiniam interjerui, tod\u0117l tai puikus pasirinkimas svetainei, miegamajam ar prie\u0161kambariui. Taip pat verta pamin\u0117ti \u0161ios komodos apgalvot\u0105 funkcionalum\u0105. Ji turi vien\u0105 ilg\u0105 stal\u010di\u0173, leid\u017eiant\u012f efektyviai laikyti smulkius aksesuarus, o dvigubos durys leid\u017eia lengvai pasiekti didesnius daiktus, tokius kaip patalyn\u0117 ar stalo \u012frankiai. Atsi\u017evelgiant \u012f naudotojo patogum\u0105, komoda buvo sukurta taip, kad erdv\u0117s organizavimas b\u016bt\u0173 paprastas ir intuityvus, suteikiant bet kokiam interjerui tvarkos ir estetinio patrauklumo. Taip pat verta pamin\u0117ti estetines detales, kurios suteikia komodai unikal\u0173 charakter\u012f. Auksin\u0117s metalin\u0117s ranken\u0117l\u0117s gra\u017eiai kontrastuoja su subtiliu \u0105\u017euolo atspalviu, sukurdamos harmoning\u0105 visum\u0105. Tai paver\u010dia TADEUSZ-2 ak\u012f traukian\u010dia ir elegancijos suteikian\u010dia bet kokiam kambariui. 110 cm auk\u0161tis ir 90 cm plotis suteikia baldams idealiai proporcing\u0173 proporcij\u0173 ir lengvai integruojam\u0173 \u012f bet koki\u0105 erdv\u0119, nepriklausomai nuo jos dyd\u017eio.<\/p>","protected":false},"excerpt":{"rendered":"<p>Plotis (cm): 90<br \/>\n\u016agis (cm): 110<br \/>\nGylis (cm): 44<\/p>","protected":false},"featured_media":165794,"comment_status":"open","ping_status":"open","template":"","meta":[],"product_brand":[],"product_cat":[9515,1173,4108],"product_tag":[],"class_list":{"0":"post-165793","1":"product","2":"type-product","3":"status-publish","4":"has-post-thumbnail","6":"product_cat-furniture-system-tadeusz-jarstol-meble","7":"product_cat-chests-of-drawers","8":"product_cat-jarstol","10":"first","11":"instock","12":"purchasable","13":"product-type-simple"},"_links":{"self":[{"href":"https:\/\/baldumarket.lt\/lt\/wp-json\/wp\/v2\/product\/165793","targetHints":{"allow":["GET"]}}],"collection":[{"href":"https:\/\/baldumarket.lt\/lt\/wp-json\/wp\/v2\/product"}],"about":[{"href":"https:\/\/baldumarket.lt\/lt\/wp-json\/wp\/v2\/types\/product"}],"replies":[{"embeddable":true,"href":"https:\/\/baldumarket.lt\/lt\/wp-json\/wp\/v2\/comments?post=165793"}],"wp:featuredmedia":[{"embeddable":true,"href":"https:\/\/baldumarket.lt\/lt\/wp-json\/wp\/v2\/media\/165794"}],"wp:attachment":[{"href":"https:\/\/baldumarket.lt\/lt\/wp-json\/wp\/v2\/media?parent=165793"}],"wp:term":[{"taxonomy":"product_brand","embeddable":true,"href":"https:\/\/baldumarket.lt\/lt\/wp-json\/wp\/v2\/product_brand?post=165793"},{"taxonomy":"product_cat","embeddable":true,"href":"https:\/\/baldumarket.lt\/lt\/wp-json\/wp\/v2\/product_cat?post=165793"},{"taxonomy":"product_tag","embeddable":true,"href":"https:\/\/baldumarket.lt\/lt\/wp-json\/wp\/v2\/product_tag?post=165793"}],"curies":[{"name":"wp","href":"https:\/\/api.w.org\/{rel}","templated":true}]}}