{"id":165785,"date":"2025-12-19T15:36:41","date_gmt":"2025-12-19T12:36:41","guid":{"rendered":"https:\/\/baldumarket.lt\/product\/tadeusz-2-komoda-2d1s-dab-stuletni\/"},"modified":"2026-04-12T16:05:25","modified_gmt":"2026-04-12T13:05:25","slug":"tadeusz-2-komoda-2d1s-dab-stuletni","status":"publish","type":"product","link":"https:\/\/baldumarket.lt\/lt\/product\/tadeusz-2-komoda-2d1s-dab-stuletni\/","title":{"rendered":"TADEUSZ-2 \u2013 Komoda 2D1S \u0160imtametis \u0105\u017euolas"},"content":{"rendered":"<p>\u2019Centennial Oak\u201c spalvos komoda TADEUSZ-2 puikiai dera prie \u012fvairi\u0173 interjer\u0173, suteikdama \u0161ilumos ir jaukumo. Universalus stilius puikiai tinka bet kuriai svetainei, prie\u0161kambariui, miegamajam ar biurui. Auk\u0161tos kokyb\u0117s \u201eTADEUSZ-2\u201c komodos meistri\u0161kumas u\u017etikrina ilgalaik\u012f naudojim\u0105. Patvari laminuotos plok\u0161t\u0117s korpusas ir fasadai garantuoja atsparum\u0105 kasdieniam naudojimui, o aukso spalvos metalin\u0117s rankenos suteikia elegancijos ir rafinuotumo. Be to, komod\u0105 lengva surinkti, tod\u0117l j\u0105 greitai ir be vargo integruoti \u012f interjer\u0105. Did\u017eiulis \u201eTADEUSZ-2\u201c komodos privalumas yra prakti\u0161kumas. \u012emontuotas ilgas stal\u010dius leid\u017eia efektyviai laikyti smulkius daiktus, tokius kaip raktai ar dokumentai, kurie visada turi b\u016bti po ranka. Dvigubos durys savo ruo\u017etu suteikia puiki\u0105 viet\u0105 patalynei, komplektams ar kitiems aksesuarams, kuriuos norite eleganti\u0161kai laikyti, laikyti. \u0160is baldas tikrai patenkins net ir reikliausius vartotojus.<\/p>","protected":false},"excerpt":{"rendered":"<p>Plotis (cm): 90<br \/>\n\u016agis (cm): 110<br \/>\nGylis (cm): 44<\/p>","protected":false},"featured_media":165786,"comment_status":"open","ping_status":"open","template":"","meta":[],"product_brand":[],"product_cat":[9515,1173,4108],"product_tag":[],"class_list":{"0":"post-165785","1":"product","2":"type-product","3":"status-publish","4":"has-post-thumbnail","6":"product_cat-furniture-system-tadeusz-jarstol-meble","7":"product_cat-chests-of-drawers","8":"product_cat-jarstol","10":"first","11":"instock","12":"purchasable","13":"product-type-simple"},"_links":{"self":[{"href":"https:\/\/baldumarket.lt\/lt\/wp-json\/wp\/v2\/product\/165785","targetHints":{"allow":["GET"]}}],"collection":[{"href":"https:\/\/baldumarket.lt\/lt\/wp-json\/wp\/v2\/product"}],"about":[{"href":"https:\/\/baldumarket.lt\/lt\/wp-json\/wp\/v2\/types\/product"}],"replies":[{"embeddable":true,"href":"https:\/\/baldumarket.lt\/lt\/wp-json\/wp\/v2\/comments?post=165785"}],"wp:featuredmedia":[{"embeddable":true,"href":"https:\/\/baldumarket.lt\/lt\/wp-json\/wp\/v2\/media\/165786"}],"wp:attachment":[{"href":"https:\/\/baldumarket.lt\/lt\/wp-json\/wp\/v2\/media?parent=165785"}],"wp:term":[{"taxonomy":"product_brand","embeddable":true,"href":"https:\/\/baldumarket.lt\/lt\/wp-json\/wp\/v2\/product_brand?post=165785"},{"taxonomy":"product_cat","embeddable":true,"href":"https:\/\/baldumarket.lt\/lt\/wp-json\/wp\/v2\/product_cat?post=165785"},{"taxonomy":"product_tag","embeddable":true,"href":"https:\/\/baldumarket.lt\/lt\/wp-json\/wp\/v2\/product_tag?post=165785"}],"curies":[{"name":"wp","href":"https:\/\/api.w.org\/{rel}","templated":true}]}}