{"id":165777,"date":"2025-12-19T15:36:22","date_gmt":"2025-12-19T12:36:22","guid":{"rendered":"https:\/\/baldumarket.lt\/product\/tadeusz-3-komoda-2-drzwiowa-dab-lefkas\/"},"modified":"2026-04-12T16:05:25","modified_gmt":"2026-04-12T13:05:25","slug":"tadeusz-3-komoda-2-drzwiowa-dab-lefkas","status":"publish","type":"product","link":"https:\/\/baldumarket.lt\/lt\/product\/tadeusz-3-komoda-2-drzwiowa-dab-lefkas\/","title":{"rendered":"TADEUSZ-3 \u2013 2 dur\u0173 komoda Lefkas \u0104\u017euolas"},"content":{"rendered":"<p>\u201eTadeusz-3\u201c komoda i\u0161 \u201eLefkas \u0105\u017euolo\u201c \u2013 \u0161i dviej\u0173 dur\u0173 komoda puikiai dera tiek prie modernaus, tiek prie tradicinio interjero. Minimalistinis dizainas puikiai tinka tiek miegamiesiems, tiek svetain\u0117ms, suteikdamas erdvei jaukumo ir stiliaus poj\u016bt\u012f. Aukso spalvos metalin\u0117s ranken\u0117l\u0117s yra tikras privalumas, suteikiantis charakterio ir unikalumo. Kartu su \u201eLefkas \u0105\u017euolu\u201c tai suteikia baldui rafinuot\u0105 i\u0161vaizd\u0105, kuri tikrai patrauks kiekvieno sve\u010dio ak\u012f. D\u0117l kruop\u0161taus apdailos ir paprastos formos \u201eTadeusz-3\u201c komoda tampa ne tik baldu, bet ir i\u0161skirtiniu dizaino elementu. Komodos prakti\u0161kumas neapsiriboja vien estetiniu patrauklumu. Dvi erdvios durys ir viena lentyna paver\u010dia j\u0105 puikia vieta laikyti tiek kasdienius daiktus, tiek tuos, kuriuos norite pasl\u0117pti. Tai puikus sprendimas, kuris pad\u0117s i\u0161laikyti tvark\u0105 j\u016bs\u0173 interjere ir suteiks organizacin\u0117s harmonijos.<\/p>","protected":false},"excerpt":{"rendered":"<p>Plotis (cm): 100<br \/>\n\u016agis (cm): 90<br \/>\nGylis (cm): 44<\/p>","protected":false},"featured_media":165778,"comment_status":"open","ping_status":"open","template":"","meta":[],"product_brand":[],"product_cat":[9515,1173,4108],"product_tag":[],"class_list":{"0":"post-165777","1":"product","2":"type-product","3":"status-publish","4":"has-post-thumbnail","6":"product_cat-furniture-system-tadeusz-jarstol-meble","7":"product_cat-chests-of-drawers","8":"product_cat-jarstol","10":"first","11":"instock","12":"purchasable","13":"product-type-simple"},"_links":{"self":[{"href":"https:\/\/baldumarket.lt\/lt\/wp-json\/wp\/v2\/product\/165777","targetHints":{"allow":["GET"]}}],"collection":[{"href":"https:\/\/baldumarket.lt\/lt\/wp-json\/wp\/v2\/product"}],"about":[{"href":"https:\/\/baldumarket.lt\/lt\/wp-json\/wp\/v2\/types\/product"}],"replies":[{"embeddable":true,"href":"https:\/\/baldumarket.lt\/lt\/wp-json\/wp\/v2\/comments?post=165777"}],"wp:featuredmedia":[{"embeddable":true,"href":"https:\/\/baldumarket.lt\/lt\/wp-json\/wp\/v2\/media\/165778"}],"wp:attachment":[{"href":"https:\/\/baldumarket.lt\/lt\/wp-json\/wp\/v2\/media?parent=165777"}],"wp:term":[{"taxonomy":"product_brand","embeddable":true,"href":"https:\/\/baldumarket.lt\/lt\/wp-json\/wp\/v2\/product_brand?post=165777"},{"taxonomy":"product_cat","embeddable":true,"href":"https:\/\/baldumarket.lt\/lt\/wp-json\/wp\/v2\/product_cat?post=165777"},{"taxonomy":"product_tag","embeddable":true,"href":"https:\/\/baldumarket.lt\/lt\/wp-json\/wp\/v2\/product_tag?post=165777"}],"curies":[{"name":"wp","href":"https:\/\/api.w.org\/{rel}","templated":true}]}}